{"id":516,"date":"2022-02-02T11:06:16","date_gmt":"2022-02-02T10:06:16","guid":{"rendered":"https:\/\/www.bordogna.com\/fr\/?post_type=product&#038;p=516"},"modified":"2024-03-07T11:01:40","modified_gmt":"2024-03-07T10:01:40","slug":"lorica-piu","status":"publish","type":"product","link":"https:\/\/www.bordogna.com\/fr\/products\/lorica-piu\/","title":{"rendered":"LORICA PIU"},"content":{"rendered":"<p><img fetchpriority=\"high\" decoding=\"async\" class=\"alignnone size-large wp-image-2706\" src=\"https:\/\/www.bordogna.com\/fr\/wp-content\/uploads\/sites\/3\/2022\/02\/Lorica-Piu-ambiente-1024x723.jpg\" alt=\"\" width=\"750\" height=\"530\" srcset=\"https:\/\/www.bordogna.com\/fr\/wp-content\/uploads\/sites\/3\/2022\/02\/Lorica-Piu-ambiente-1024x723.jpg 1024w, https:\/\/www.bordogna.com\/fr\/wp-content\/uploads\/sites\/3\/2022\/02\/Lorica-Piu-ambiente-300x212.jpg 300w, https:\/\/www.bordogna.com\/fr\/wp-content\/uploads\/sites\/3\/2022\/02\/Lorica-Piu-ambiente-768x542.jpg 768w, https:\/\/www.bordogna.com\/fr\/wp-content\/uploads\/sites\/3\/2022\/02\/Lorica-Piu-ambiente-1536x1085.jpg 1536w, https:\/\/www.bordogna.com\/fr\/wp-content\/uploads\/sites\/3\/2022\/02\/Lorica-Piu-ambiente-1568x1107.jpg 1568w, https:\/\/www.bordogna.com\/fr\/wp-content\/uploads\/sites\/3\/2022\/02\/Lorica-Piu-ambiente-600x424.jpg 600w, https:\/\/www.bordogna.com\/fr\/wp-content\/uploads\/sites\/3\/2022\/02\/Lorica-Piu-ambiente.jpg 1600w\" sizes=\"(max-width: 750px) 100vw, 750px\" \/><\/p>\n","protected":false},"excerpt":{"rendered":"<p>Bordogna Casseforti augmente le niveau et propose, encore une fois, un produit professionnel con\u00e7u pour r\u00e9pondre avec d\u00e9termination au besoin croissant de protection contre le vol, en particulier dans le logement.<\/p>\n<p>Le r\u00e9sultat est LORICA PI\u00d9, le coffre-fort certifi\u00e9 contre l\u2019effraction EN 1143-1 grade 0.<br \/>\nIl offre une r\u00e9sistance \u00e9lev\u00e9e en cas d\u2019effraction avec un disque de coupe, ce qui rend peu probable l\u2019ouverture de la porte par une attaque frontale, m\u00eame avec des outils de coupe professionnels.<\/p>\n","protected":false},"featured_media":2455,"comment_status":"open","ping_status":"closed","template":"","meta":{"_acf_changed":false,"inline_featured_image":false},"product_cat":[20,28],"product_tag":[],"class_list":{"0":"post-516","1":"product","2":"type-product","3":"status-publish","4":"has-post-thumbnail","6":"product_cat-coffres-forts-a-domicile","7":"product_cat-coffres-forts-muraux","8":"entry","10":"first","11":"instock","12":"shipping-taxable","13":"product-type-simple"},"acf":[],"yoast_head":"<!-- This site is optimized with the Yoast SEO plugin v22.6 - https:\/\/yoast.com\/wordpress\/plugins\/seo\/ -->\n<title>LORICA PIU - bordogna fr<\/title>\n<meta name=\"robots\" content=\"index, follow, max-snippet:-1, max-image-preview:large, max-video-preview:-1\" \/>\n<link rel=\"canonical\" href=\"https:\/\/www.bordogna.com\/fr\/products\/lorica-piu\/\" \/>\n<meta property=\"og:locale\" content=\"fr_FR\" \/>\n<meta property=\"og:type\" content=\"article\" \/>\n<meta property=\"og:title\" content=\"LORICA PIU - bordogna fr\" \/>\n<meta property=\"og:description\" content=\"Bordogna Casseforti augmente le niveau et propose, encore une fois, un produit professionnel con\u00e7u pour r\u00e9pondre avec d\u00e9termination au besoin croissant de protection contre le vol, en particulier dans le logement.  Le r\u00e9sultat est LORICA PI\u00d9, le coffre-fort certifi\u00e9 contre l\u2019effraction EN 1143-1 grade 0. Il offre une r\u00e9sistance \u00e9lev\u00e9e en cas d\u2019effraction avec un disque de coupe, ce qui rend peu probable l\u2019ouverture de la porte par une attaque frontale, m\u00eame avec des outils de coupe professionnels.\" \/>\n<meta property=\"og:url\" content=\"https:\/\/www.bordogna.com\/fr\/products\/lorica-piu\/\" \/>\n<meta property=\"og:site_name\" content=\"bordogna fr\" \/>\n<meta property=\"article:modified_time\" content=\"2024-03-07T10:01:40+00:00\" \/>\n<meta property=\"og:image\" content=\"https:\/\/www.bordogna.com\/fr\/wp-content\/uploads\/sites\/3\/2022\/02\/Lorica-6-E.jpg\" \/>\n\t<meta property=\"og:image:width\" content=\"1295\" \/>\n\t<meta property=\"og:image:height\" content=\"1200\" \/>\n\t<meta property=\"og:image:type\" content=\"image\/jpeg\" \/>\n<meta name=\"twitter:card\" content=\"summary_large_image\" \/>\n<script type=\"application\/ld+json\" class=\"yoast-schema-graph\">{\"@context\":\"https:\/\/schema.org\",\"@graph\":[{\"@type\":\"WebPage\",\"@id\":\"https:\/\/www.bordogna.com\/fr\/products\/lorica-piu\/\",\"url\":\"https:\/\/www.bordogna.com\/fr\/products\/lorica-piu\/\",\"name\":\"LORICA PIU - bordogna fr\",\"isPartOf\":{\"@id\":\"https:\/\/www.bordogna.com\/fr\/#website\"},\"primaryImageOfPage\":{\"@id\":\"https:\/\/www.bordogna.com\/fr\/products\/lorica-piu\/#primaryimage\"},\"image\":{\"@id\":\"https:\/\/www.bordogna.com\/fr\/products\/lorica-piu\/#primaryimage\"},\"thumbnailUrl\":\"https:\/\/www.bordogna.com\/fr\/wp-content\/uploads\/sites\/3\/2022\/02\/Lorica-6-E.jpg\",\"datePublished\":\"2022-02-02T10:06:16+00:00\",\"dateModified\":\"2024-03-07T10:01:40+00:00\",\"breadcrumb\":{\"@id\":\"https:\/\/www.bordogna.com\/fr\/products\/lorica-piu\/#breadcrumb\"},\"inLanguage\":\"fr-FR\",\"potentialAction\":[{\"@type\":\"ReadAction\",\"target\":[\"https:\/\/www.bordogna.com\/fr\/products\/lorica-piu\/\"]}]},{\"@type\":\"ImageObject\",\"inLanguage\":\"fr-FR\",\"@id\":\"https:\/\/www.bordogna.com\/fr\/products\/lorica-piu\/#primaryimage\",\"url\":\"https:\/\/www.bordogna.com\/fr\/wp-content\/uploads\/sites\/3\/2022\/02\/Lorica-6-E.jpg\",\"contentUrl\":\"https:\/\/www.bordogna.com\/fr\/wp-content\/uploads\/sites\/3\/2022\/02\/Lorica-6-E.jpg\",\"width\":1295,\"height\":1200},{\"@type\":\"BreadcrumbList\",\"@id\":\"https:\/\/www.bordogna.com\/fr\/products\/lorica-piu\/#breadcrumb\",\"itemListElement\":[{\"@type\":\"ListItem\",\"position\":1,\"name\":\"Home\",\"item\":\"https:\/\/www.bordogna.com\/fr\/\"},{\"@type\":\"ListItem\",\"position\":2,\"name\":\"Shop\",\"item\":\"https:\/\/www.bordogna.com\/fr\/shop\/\"},{\"@type\":\"ListItem\",\"position\":3,\"name\":\"LORICA PIU\"}]},{\"@type\":\"WebSite\",\"@id\":\"https:\/\/www.bordogna.com\/fr\/#website\",\"url\":\"https:\/\/www.bordogna.com\/fr\/\",\"name\":\"bordogna fr\",\"description\":\"\",\"publisher\":{\"@id\":\"https:\/\/www.bordogna.com\/fr\/#organization\"},\"potentialAction\":[{\"@type\":\"SearchAction\",\"target\":{\"@type\":\"EntryPoint\",\"urlTemplate\":\"https:\/\/www.bordogna.com\/fr\/?s={search_term_string}\"},\"query-input\":\"required name=search_term_string\"}],\"inLanguage\":\"fr-FR\"},{\"@type\":\"Organization\",\"@id\":\"https:\/\/www.bordogna.com\/fr\/#organization\",\"name\":\"bordogna fr\",\"url\":\"https:\/\/www.bordogna.com\/fr\/\",\"logo\":{\"@type\":\"ImageObject\",\"inLanguage\":\"fr-FR\",\"@id\":\"https:\/\/www.bordogna.com\/fr\/#\/schema\/logo\/image\/\",\"url\":\"https:\/\/www.bordogna.com\/fr\/wp-content\/uploads\/sites\/3\/2022\/01\/logo-it.png\",\"contentUrl\":\"https:\/\/www.bordogna.com\/fr\/wp-content\/uploads\/sites\/3\/2022\/01\/logo-it.png\",\"width\":224,\"height\":106,\"caption\":\"bordogna fr\"},\"image\":{\"@id\":\"https:\/\/www.bordogna.com\/fr\/#\/schema\/logo\/image\/\"}}]}<\/script>\n<!-- \/ Yoast SEO plugin. -->","yoast_head_json":{"title":"LORICA PIU - bordogna fr","robots":{"index":"index","follow":"follow","max-snippet":"max-snippet:-1","max-image-preview":"max-image-preview:large","max-video-preview":"max-video-preview:-1"},"canonical":"https:\/\/www.bordogna.com\/fr\/products\/lorica-piu\/","og_locale":"fr_FR","og_type":"article","og_title":"LORICA PIU - bordogna fr","og_description":"Bordogna Casseforti augmente le niveau et propose, encore une fois, un produit professionnel con\u00e7u pour r\u00e9pondre avec d\u00e9termination au besoin croissant de protection contre le vol, en particulier dans le logement.  Le r\u00e9sultat est LORICA PI\u00d9, le coffre-fort certifi\u00e9 contre l\u2019effraction EN 1143-1 grade 0. Il offre une r\u00e9sistance \u00e9lev\u00e9e en cas d\u2019effraction avec un disque de coupe, ce qui rend peu probable l\u2019ouverture de la porte par une attaque frontale, m\u00eame avec des outils de coupe professionnels.","og_url":"https:\/\/www.bordogna.com\/fr\/products\/lorica-piu\/","og_site_name":"bordogna fr","article_modified_time":"2024-03-07T10:01:40+00:00","og_image":[{"width":1295,"height":1200,"url":"https:\/\/www.bordogna.com\/fr\/wp-content\/uploads\/sites\/3\/2022\/02\/Lorica-6-E.jpg","type":"image\/jpeg"}],"twitter_card":"summary_large_image","schema":{"@context":"https:\/\/schema.org","@graph":[{"@type":"WebPage","@id":"https:\/\/www.bordogna.com\/fr\/products\/lorica-piu\/","url":"https:\/\/www.bordogna.com\/fr\/products\/lorica-piu\/","name":"LORICA PIU - bordogna fr","isPartOf":{"@id":"https:\/\/www.bordogna.com\/fr\/#website"},"primaryImageOfPage":{"@id":"https:\/\/www.bordogna.com\/fr\/products\/lorica-piu\/#primaryimage"},"image":{"@id":"https:\/\/www.bordogna.com\/fr\/products\/lorica-piu\/#primaryimage"},"thumbnailUrl":"https:\/\/www.bordogna.com\/fr\/wp-content\/uploads\/sites\/3\/2022\/02\/Lorica-6-E.jpg","datePublished":"2022-02-02T10:06:16+00:00","dateModified":"2024-03-07T10:01:40+00:00","breadcrumb":{"@id":"https:\/\/www.bordogna.com\/fr\/products\/lorica-piu\/#breadcrumb"},"inLanguage":"fr-FR","potentialAction":[{"@type":"ReadAction","target":["https:\/\/www.bordogna.com\/fr\/products\/lorica-piu\/"]}]},{"@type":"ImageObject","inLanguage":"fr-FR","@id":"https:\/\/www.bordogna.com\/fr\/products\/lorica-piu\/#primaryimage","url":"https:\/\/www.bordogna.com\/fr\/wp-content\/uploads\/sites\/3\/2022\/02\/Lorica-6-E.jpg","contentUrl":"https:\/\/www.bordogna.com\/fr\/wp-content\/uploads\/sites\/3\/2022\/02\/Lorica-6-E.jpg","width":1295,"height":1200},{"@type":"BreadcrumbList","@id":"https:\/\/www.bordogna.com\/fr\/products\/lorica-piu\/#breadcrumb","itemListElement":[{"@type":"ListItem","position":1,"name":"Home","item":"https:\/\/www.bordogna.com\/fr\/"},{"@type":"ListItem","position":2,"name":"Shop","item":"https:\/\/www.bordogna.com\/fr\/shop\/"},{"@type":"ListItem","position":3,"name":"LORICA PIU"}]},{"@type":"WebSite","@id":"https:\/\/www.bordogna.com\/fr\/#website","url":"https:\/\/www.bordogna.com\/fr\/","name":"bordogna fr","description":"","publisher":{"@id":"https:\/\/www.bordogna.com\/fr\/#organization"},"potentialAction":[{"@type":"SearchAction","target":{"@type":"EntryPoint","urlTemplate":"https:\/\/www.bordogna.com\/fr\/?s={search_term_string}"},"query-input":"required name=search_term_string"}],"inLanguage":"fr-FR"},{"@type":"Organization","@id":"https:\/\/www.bordogna.com\/fr\/#organization","name":"bordogna fr","url":"https:\/\/www.bordogna.com\/fr\/","logo":{"@type":"ImageObject","inLanguage":"fr-FR","@id":"https:\/\/www.bordogna.com\/fr\/#\/schema\/logo\/image\/","url":"https:\/\/www.bordogna.com\/fr\/wp-content\/uploads\/sites\/3\/2022\/01\/logo-it.png","contentUrl":"https:\/\/www.bordogna.com\/fr\/wp-content\/uploads\/sites\/3\/2022\/01\/logo-it.png","width":224,"height":106,"caption":"bordogna fr"},"image":{"@id":"https:\/\/www.bordogna.com\/fr\/#\/schema\/logo\/image\/"}}]}},"_links":{"self":[{"href":"https:\/\/www.bordogna.com\/fr\/wp-json\/wp\/v2\/product\/516","targetHints":{"allow":["GET"]}}],"collection":[{"href":"https:\/\/www.bordogna.com\/fr\/wp-json\/wp\/v2\/product"}],"about":[{"href":"https:\/\/www.bordogna.com\/fr\/wp-json\/wp\/v2\/types\/product"}],"replies":[{"embeddable":true,"href":"https:\/\/www.bordogna.com\/fr\/wp-json\/wp\/v2\/comments?post=516"}],"wp:featuredmedia":[{"embeddable":true,"href":"https:\/\/www.bordogna.com\/fr\/wp-json\/wp\/v2\/media\/2455"}],"wp:attachment":[{"href":"https:\/\/www.bordogna.com\/fr\/wp-json\/wp\/v2\/media?parent=516"}],"wp:term":[{"taxonomy":"product_cat","embeddable":true,"href":"https:\/\/www.bordogna.com\/fr\/wp-json\/wp\/v2\/product_cat?post=516"},{"taxonomy":"product_tag","embeddable":true,"href":"https:\/\/www.bordogna.com\/fr\/wp-json\/wp\/v2\/product_tag?post=516"}],"curies":[{"name":"wp","href":"https:\/\/api.w.org\/{rel}","templated":true}]}}