{"id":2449,"date":"2022-06-01T15:13:28","date_gmt":"2022-06-01T13:13:28","guid":{"rendered":"https:\/\/www.bordogna.com\/fr\/?post_type=product&#038;p=2449"},"modified":"2024-02-26T09:43:28","modified_gmt":"2024-02-26T08:43:28","slug":"brixia-gun-2","status":"publish","type":"product","link":"https:\/\/www.bordogna.com\/fr\/products\/brixia-gun-2\/","title":{"rendered":"BRIXIA GUN"},"content":{"rendered":"","protected":false},"excerpt":{"rendered":"<p>BRIXIA UNO GUN est le nouveau coffre-fort pour armes: un objet de classe, symbole de l&#8217;excellence italienne. La version PREMIUM se compose d&#8217;une section porte-fusils (jusqu&#8217;\u00e0 4 armes longues) et d&#8217;une section \u00e9quip\u00e9e d&#8217;\u00e9tag\u00e8res.<\/p>\n<p>La section \u00e9tag\u00e8re peut \u00eatre configur\u00e9e avec diff\u00e9rents types de modules: Tiroirs et bo\u00eete \u00e0 bijoux recouverts de velours, Remontoir \u00e0 montre, Soutien pour les pistolets.<\/p>\n<p>Chaque module peut \u00e9galement \u00eatre recouvert de tissus choisis par le client, sans frais suppl\u00e9mentaires.<\/p>\n","protected":false},"featured_media":3174,"comment_status":"open","ping_status":"closed","template":"","meta":{"_acf_changed":false,"inline_featured_image":false},"product_cat":[20,32],"product_tag":[],"class_list":{"0":"post-2449","1":"product","2":"type-product","3":"status-publish","4":"has-post-thumbnail","6":"product_cat-coffres-forts-a-domicile","7":"product_cat-stockage-darmes","8":"entry","10":"first","11":"instock","12":"shipping-taxable","13":"product-type-simple"},"acf":[],"yoast_head":"<!-- This site is optimized with the Yoast SEO plugin v22.6 - https:\/\/yoast.com\/wordpress\/plugins\/seo\/ -->\n<title>BRIXIA GUN - bordogna fr<\/title>\n<meta name=\"robots\" content=\"index, follow, max-snippet:-1, max-image-preview:large, max-video-preview:-1\" \/>\n<link rel=\"canonical\" href=\"https:\/\/www.bordogna.com\/fr\/products\/brixia-gun-2\/\" \/>\n<meta property=\"og:locale\" content=\"fr_FR\" \/>\n<meta property=\"og:type\" content=\"article\" \/>\n<meta property=\"og:title\" content=\"BRIXIA GUN - bordogna fr\" \/>\n<meta property=\"og:description\" content=\"BRIXIA UNO GUN est le nouveau coffre-fort pour armes: un objet de classe, symbole de l&#039;excellence italienne. La version PREMIUM se compose d&#039;une section porte-fusils (jusqu&#039;\u00e0 4 armes longues) et d&#039;une section \u00e9quip\u00e9e d&#039;\u00e9tag\u00e8res.  La section \u00e9tag\u00e8re peut \u00eatre configur\u00e9e avec diff\u00e9rents types de modules: Tiroirs et bo\u00eete \u00e0 bijoux recouverts de velours, Remontoir \u00e0 montre, Soutien pour les pistolets.  Chaque module peut \u00e9galement \u00eatre recouvert de tissus choisis par le client, sans frais suppl\u00e9mentaires.\" \/>\n<meta property=\"og:url\" content=\"https:\/\/www.bordogna.com\/fr\/products\/brixia-gun-2\/\" \/>\n<meta property=\"og:site_name\" content=\"bordogna fr\" \/>\n<meta property=\"article:modified_time\" content=\"2024-02-26T08:43:28+00:00\" \/>\n<meta property=\"og:image\" content=\"https:\/\/www.bordogna.com\/fr\/wp-content\/uploads\/sites\/3\/2022\/06\/Brixia-Gun-allestita-bianco-rosso.jpg\" \/>\n\t<meta property=\"og:image:width\" content=\"860\" \/>\n\t<meta property=\"og:image:height\" content=\"1200\" \/>\n\t<meta property=\"og:image:type\" content=\"image\/jpeg\" \/>\n<meta name=\"twitter:card\" content=\"summary_large_image\" \/>\n<script type=\"application\/ld+json\" class=\"yoast-schema-graph\">{\"@context\":\"https:\/\/schema.org\",\"@graph\":[{\"@type\":\"WebPage\",\"@id\":\"https:\/\/www.bordogna.com\/fr\/products\/brixia-gun-2\/\",\"url\":\"https:\/\/www.bordogna.com\/fr\/products\/brixia-gun-2\/\",\"name\":\"BRIXIA GUN - bordogna fr\",\"isPartOf\":{\"@id\":\"https:\/\/www.bordogna.com\/fr\/#website\"},\"primaryImageOfPage\":{\"@id\":\"https:\/\/www.bordogna.com\/fr\/products\/brixia-gun-2\/#primaryimage\"},\"image\":{\"@id\":\"https:\/\/www.bordogna.com\/fr\/products\/brixia-gun-2\/#primaryimage\"},\"thumbnailUrl\":\"https:\/\/www.bordogna.com\/fr\/wp-content\/uploads\/sites\/3\/2022\/06\/Brixia-Gun-allestita-bianco-rosso.jpg\",\"datePublished\":\"2022-06-01T13:13:28+00:00\",\"dateModified\":\"2024-02-26T08:43:28+00:00\",\"breadcrumb\":{\"@id\":\"https:\/\/www.bordogna.com\/fr\/products\/brixia-gun-2\/#breadcrumb\"},\"inLanguage\":\"fr-FR\",\"potentialAction\":[{\"@type\":\"ReadAction\",\"target\":[\"https:\/\/www.bordogna.com\/fr\/products\/brixia-gun-2\/\"]}]},{\"@type\":\"ImageObject\",\"inLanguage\":\"fr-FR\",\"@id\":\"https:\/\/www.bordogna.com\/fr\/products\/brixia-gun-2\/#primaryimage\",\"url\":\"https:\/\/www.bordogna.com\/fr\/wp-content\/uploads\/sites\/3\/2022\/06\/Brixia-Gun-allestita-bianco-rosso.jpg\",\"contentUrl\":\"https:\/\/www.bordogna.com\/fr\/wp-content\/uploads\/sites\/3\/2022\/06\/Brixia-Gun-allestita-bianco-rosso.jpg\",\"width\":860,\"height\":1200},{\"@type\":\"BreadcrumbList\",\"@id\":\"https:\/\/www.bordogna.com\/fr\/products\/brixia-gun-2\/#breadcrumb\",\"itemListElement\":[{\"@type\":\"ListItem\",\"position\":1,\"name\":\"Home\",\"item\":\"https:\/\/www.bordogna.com\/fr\/\"},{\"@type\":\"ListItem\",\"position\":2,\"name\":\"Shop\",\"item\":\"https:\/\/www.bordogna.com\/fr\/shop\/\"},{\"@type\":\"ListItem\",\"position\":3,\"name\":\"BRIXIA GUN\"}]},{\"@type\":\"WebSite\",\"@id\":\"https:\/\/www.bordogna.com\/fr\/#website\",\"url\":\"https:\/\/www.bordogna.com\/fr\/\",\"name\":\"bordogna fr\",\"description\":\"\",\"publisher\":{\"@id\":\"https:\/\/www.bordogna.com\/fr\/#organization\"},\"potentialAction\":[{\"@type\":\"SearchAction\",\"target\":{\"@type\":\"EntryPoint\",\"urlTemplate\":\"https:\/\/www.bordogna.com\/fr\/?s={search_term_string}\"},\"query-input\":\"required name=search_term_string\"}],\"inLanguage\":\"fr-FR\"},{\"@type\":\"Organization\",\"@id\":\"https:\/\/www.bordogna.com\/fr\/#organization\",\"name\":\"bordogna fr\",\"url\":\"https:\/\/www.bordogna.com\/fr\/\",\"logo\":{\"@type\":\"ImageObject\",\"inLanguage\":\"fr-FR\",\"@id\":\"https:\/\/www.bordogna.com\/fr\/#\/schema\/logo\/image\/\",\"url\":\"https:\/\/www.bordogna.com\/fr\/wp-content\/uploads\/sites\/3\/2022\/01\/logo-it.png\",\"contentUrl\":\"https:\/\/www.bordogna.com\/fr\/wp-content\/uploads\/sites\/3\/2022\/01\/logo-it.png\",\"width\":224,\"height\":106,\"caption\":\"bordogna fr\"},\"image\":{\"@id\":\"https:\/\/www.bordogna.com\/fr\/#\/schema\/logo\/image\/\"}}]}<\/script>\n<!-- \/ Yoast SEO plugin. -->","yoast_head_json":{"title":"BRIXIA GUN - bordogna fr","robots":{"index":"index","follow":"follow","max-snippet":"max-snippet:-1","max-image-preview":"max-image-preview:large","max-video-preview":"max-video-preview:-1"},"canonical":"https:\/\/www.bordogna.com\/fr\/products\/brixia-gun-2\/","og_locale":"fr_FR","og_type":"article","og_title":"BRIXIA GUN - bordogna fr","og_description":"BRIXIA UNO GUN est le nouveau coffre-fort pour armes: un objet de classe, symbole de l'excellence italienne. La version PREMIUM se compose d'une section porte-fusils (jusqu'\u00e0 4 armes longues) et d'une section \u00e9quip\u00e9e d'\u00e9tag\u00e8res.  La section \u00e9tag\u00e8re peut \u00eatre configur\u00e9e avec diff\u00e9rents types de modules: Tiroirs et bo\u00eete \u00e0 bijoux recouverts de velours, Remontoir \u00e0 montre, Soutien pour les pistolets.  Chaque module peut \u00e9galement \u00eatre recouvert de tissus choisis par le client, sans frais suppl\u00e9mentaires.","og_url":"https:\/\/www.bordogna.com\/fr\/products\/brixia-gun-2\/","og_site_name":"bordogna fr","article_modified_time":"2024-02-26T08:43:28+00:00","og_image":[{"width":860,"height":1200,"url":"https:\/\/www.bordogna.com\/fr\/wp-content\/uploads\/sites\/3\/2022\/06\/Brixia-Gun-allestita-bianco-rosso.jpg","type":"image\/jpeg"}],"twitter_card":"summary_large_image","schema":{"@context":"https:\/\/schema.org","@graph":[{"@type":"WebPage","@id":"https:\/\/www.bordogna.com\/fr\/products\/brixia-gun-2\/","url":"https:\/\/www.bordogna.com\/fr\/products\/brixia-gun-2\/","name":"BRIXIA GUN - bordogna fr","isPartOf":{"@id":"https:\/\/www.bordogna.com\/fr\/#website"},"primaryImageOfPage":{"@id":"https:\/\/www.bordogna.com\/fr\/products\/brixia-gun-2\/#primaryimage"},"image":{"@id":"https:\/\/www.bordogna.com\/fr\/products\/brixia-gun-2\/#primaryimage"},"thumbnailUrl":"https:\/\/www.bordogna.com\/fr\/wp-content\/uploads\/sites\/3\/2022\/06\/Brixia-Gun-allestita-bianco-rosso.jpg","datePublished":"2022-06-01T13:13:28+00:00","dateModified":"2024-02-26T08:43:28+00:00","breadcrumb":{"@id":"https:\/\/www.bordogna.com\/fr\/products\/brixia-gun-2\/#breadcrumb"},"inLanguage":"fr-FR","potentialAction":[{"@type":"ReadAction","target":["https:\/\/www.bordogna.com\/fr\/products\/brixia-gun-2\/"]}]},{"@type":"ImageObject","inLanguage":"fr-FR","@id":"https:\/\/www.bordogna.com\/fr\/products\/brixia-gun-2\/#primaryimage","url":"https:\/\/www.bordogna.com\/fr\/wp-content\/uploads\/sites\/3\/2022\/06\/Brixia-Gun-allestita-bianco-rosso.jpg","contentUrl":"https:\/\/www.bordogna.com\/fr\/wp-content\/uploads\/sites\/3\/2022\/06\/Brixia-Gun-allestita-bianco-rosso.jpg","width":860,"height":1200},{"@type":"BreadcrumbList","@id":"https:\/\/www.bordogna.com\/fr\/products\/brixia-gun-2\/#breadcrumb","itemListElement":[{"@type":"ListItem","position":1,"name":"Home","item":"https:\/\/www.bordogna.com\/fr\/"},{"@type":"ListItem","position":2,"name":"Shop","item":"https:\/\/www.bordogna.com\/fr\/shop\/"},{"@type":"ListItem","position":3,"name":"BRIXIA GUN"}]},{"@type":"WebSite","@id":"https:\/\/www.bordogna.com\/fr\/#website","url":"https:\/\/www.bordogna.com\/fr\/","name":"bordogna fr","description":"","publisher":{"@id":"https:\/\/www.bordogna.com\/fr\/#organization"},"potentialAction":[{"@type":"SearchAction","target":{"@type":"EntryPoint","urlTemplate":"https:\/\/www.bordogna.com\/fr\/?s={search_term_string}"},"query-input":"required name=search_term_string"}],"inLanguage":"fr-FR"},{"@type":"Organization","@id":"https:\/\/www.bordogna.com\/fr\/#organization","name":"bordogna fr","url":"https:\/\/www.bordogna.com\/fr\/","logo":{"@type":"ImageObject","inLanguage":"fr-FR","@id":"https:\/\/www.bordogna.com\/fr\/#\/schema\/logo\/image\/","url":"https:\/\/www.bordogna.com\/fr\/wp-content\/uploads\/sites\/3\/2022\/01\/logo-it.png","contentUrl":"https:\/\/www.bordogna.com\/fr\/wp-content\/uploads\/sites\/3\/2022\/01\/logo-it.png","width":224,"height":106,"caption":"bordogna fr"},"image":{"@id":"https:\/\/www.bordogna.com\/fr\/#\/schema\/logo\/image\/"}}]}},"_links":{"self":[{"href":"https:\/\/www.bordogna.com\/fr\/wp-json\/wp\/v2\/product\/2449","targetHints":{"allow":["GET"]}}],"collection":[{"href":"https:\/\/www.bordogna.com\/fr\/wp-json\/wp\/v2\/product"}],"about":[{"href":"https:\/\/www.bordogna.com\/fr\/wp-json\/wp\/v2\/types\/product"}],"replies":[{"embeddable":true,"href":"https:\/\/www.bordogna.com\/fr\/wp-json\/wp\/v2\/comments?post=2449"}],"wp:featuredmedia":[{"embeddable":true,"href":"https:\/\/www.bordogna.com\/fr\/wp-json\/wp\/v2\/media\/3174"}],"wp:attachment":[{"href":"https:\/\/www.bordogna.com\/fr\/wp-json\/wp\/v2\/media?parent=2449"}],"wp:term":[{"taxonomy":"product_cat","embeddable":true,"href":"https:\/\/www.bordogna.com\/fr\/wp-json\/wp\/v2\/product_cat?post=2449"},{"taxonomy":"product_tag","embeddable":true,"href":"https:\/\/www.bordogna.com\/fr\/wp-json\/wp\/v2\/product_tag?post=2449"}],"curies":[{"name":"wp","href":"https:\/\/api.w.org\/{rel}","templated":true}]}}