{"id":2439,"date":"2022-06-01T14:10:08","date_gmt":"2022-06-01T12:10:08","guid":{"rendered":"https:\/\/www.bordogna.com\/fr\/?post_type=product&#038;p=2439"},"modified":"2024-02-26T09:43:44","modified_gmt":"2024-02-26T08:43:44","slug":"thorax","status":"publish","type":"product","link":"https:\/\/www.bordogna.com\/fr\/products\/thorax\/","title":{"rendered":"THORAX"},"content":{"rendered":"","protected":false},"excerpt":{"rendered":"<p>THORAX est une gamme d&#8217;armoires de s\u00e9curit\u00e9 qui r\u00e9pondent \u00e0 tout besoin de garde d&#8217;armes.<\/p>\n","protected":false},"featured_media":3157,"comment_status":"open","ping_status":"closed","template":"","meta":{"_acf_changed":false,"inline_featured_image":false},"product_cat":[20,32],"product_tag":[],"class_list":{"0":"post-2439","1":"product","2":"type-product","3":"status-publish","4":"has-post-thumbnail","6":"product_cat-coffres-forts-a-domicile","7":"product_cat-stockage-darmes","8":"entry","10":"first","11":"instock","12":"shipping-taxable","13":"product-type-simple"},"acf":[],"yoast_head":"<!-- This site is optimized with the Yoast SEO plugin v22.6 - https:\/\/yoast.com\/wordpress\/plugins\/seo\/ -->\n<title>THORAX - bordogna fr<\/title>\n<meta name=\"robots\" content=\"index, follow, max-snippet:-1, max-image-preview:large, max-video-preview:-1\" \/>\n<link rel=\"canonical\" href=\"https:\/\/www.bordogna.com\/fr\/products\/thorax\/\" \/>\n<meta property=\"og:locale\" content=\"fr_FR\" \/>\n<meta property=\"og:type\" content=\"article\" \/>\n<meta property=\"og:title\" content=\"THORAX - bordogna fr\" \/>\n<meta property=\"og:description\" content=\"THORAX est une gamme d&#039;armoires de s\u00e9curit\u00e9 qui r\u00e9pondent \u00e0 tout besoin de garde d&#039;armes.\" \/>\n<meta property=\"og:url\" content=\"https:\/\/www.bordogna.com\/fr\/products\/thorax\/\" \/>\n<meta property=\"og:site_name\" content=\"bordogna fr\" \/>\n<meta property=\"article:modified_time\" content=\"2024-02-26T08:43:44+00:00\" \/>\n<meta property=\"og:image\" content=\"https:\/\/www.bordogna.com\/fr\/wp-content\/uploads\/sites\/3\/2022\/06\/Thorax-PF-8-C-semiaperto.jpg\" \/>\n\t<meta property=\"og:image:width\" content=\"436\" \/>\n\t<meta property=\"og:image:height\" content=\"1200\" \/>\n\t<meta property=\"og:image:type\" content=\"image\/jpeg\" \/>\n<meta name=\"twitter:card\" content=\"summary_large_image\" \/>\n<script type=\"application\/ld+json\" class=\"yoast-schema-graph\">{\"@context\":\"https:\/\/schema.org\",\"@graph\":[{\"@type\":\"WebPage\",\"@id\":\"https:\/\/www.bordogna.com\/fr\/products\/thorax\/\",\"url\":\"https:\/\/www.bordogna.com\/fr\/products\/thorax\/\",\"name\":\"THORAX - bordogna fr\",\"isPartOf\":{\"@id\":\"https:\/\/www.bordogna.com\/fr\/#website\"},\"primaryImageOfPage\":{\"@id\":\"https:\/\/www.bordogna.com\/fr\/products\/thorax\/#primaryimage\"},\"image\":{\"@id\":\"https:\/\/www.bordogna.com\/fr\/products\/thorax\/#primaryimage\"},\"thumbnailUrl\":\"https:\/\/www.bordogna.com\/fr\/wp-content\/uploads\/sites\/3\/2022\/06\/Thorax-PF-8-C-semiaperto.jpg\",\"datePublished\":\"2022-06-01T12:10:08+00:00\",\"dateModified\":\"2024-02-26T08:43:44+00:00\",\"breadcrumb\":{\"@id\":\"https:\/\/www.bordogna.com\/fr\/products\/thorax\/#breadcrumb\"},\"inLanguage\":\"fr-FR\",\"potentialAction\":[{\"@type\":\"ReadAction\",\"target\":[\"https:\/\/www.bordogna.com\/fr\/products\/thorax\/\"]}]},{\"@type\":\"ImageObject\",\"inLanguage\":\"fr-FR\",\"@id\":\"https:\/\/www.bordogna.com\/fr\/products\/thorax\/#primaryimage\",\"url\":\"https:\/\/www.bordogna.com\/fr\/wp-content\/uploads\/sites\/3\/2022\/06\/Thorax-PF-8-C-semiaperto.jpg\",\"contentUrl\":\"https:\/\/www.bordogna.com\/fr\/wp-content\/uploads\/sites\/3\/2022\/06\/Thorax-PF-8-C-semiaperto.jpg\",\"width\":436,\"height\":1200},{\"@type\":\"BreadcrumbList\",\"@id\":\"https:\/\/www.bordogna.com\/fr\/products\/thorax\/#breadcrumb\",\"itemListElement\":[{\"@type\":\"ListItem\",\"position\":1,\"name\":\"Home\",\"item\":\"https:\/\/www.bordogna.com\/fr\/\"},{\"@type\":\"ListItem\",\"position\":2,\"name\":\"Shop\",\"item\":\"https:\/\/www.bordogna.com\/fr\/shop\/\"},{\"@type\":\"ListItem\",\"position\":3,\"name\":\"THORAX\"}]},{\"@type\":\"WebSite\",\"@id\":\"https:\/\/www.bordogna.com\/fr\/#website\",\"url\":\"https:\/\/www.bordogna.com\/fr\/\",\"name\":\"bordogna fr\",\"description\":\"\",\"publisher\":{\"@id\":\"https:\/\/www.bordogna.com\/fr\/#organization\"},\"potentialAction\":[{\"@type\":\"SearchAction\",\"target\":{\"@type\":\"EntryPoint\",\"urlTemplate\":\"https:\/\/www.bordogna.com\/fr\/?s={search_term_string}\"},\"query-input\":\"required name=search_term_string\"}],\"inLanguage\":\"fr-FR\"},{\"@type\":\"Organization\",\"@id\":\"https:\/\/www.bordogna.com\/fr\/#organization\",\"name\":\"bordogna fr\",\"url\":\"https:\/\/www.bordogna.com\/fr\/\",\"logo\":{\"@type\":\"ImageObject\",\"inLanguage\":\"fr-FR\",\"@id\":\"https:\/\/www.bordogna.com\/fr\/#\/schema\/logo\/image\/\",\"url\":\"https:\/\/www.bordogna.com\/fr\/wp-content\/uploads\/sites\/3\/2022\/01\/logo-it.png\",\"contentUrl\":\"https:\/\/www.bordogna.com\/fr\/wp-content\/uploads\/sites\/3\/2022\/01\/logo-it.png\",\"width\":224,\"height\":106,\"caption\":\"bordogna fr\"},\"image\":{\"@id\":\"https:\/\/www.bordogna.com\/fr\/#\/schema\/logo\/image\/\"}}]}<\/script>\n<!-- \/ Yoast SEO plugin. -->","yoast_head_json":{"title":"THORAX - bordogna fr","robots":{"index":"index","follow":"follow","max-snippet":"max-snippet:-1","max-image-preview":"max-image-preview:large","max-video-preview":"max-video-preview:-1"},"canonical":"https:\/\/www.bordogna.com\/fr\/products\/thorax\/","og_locale":"fr_FR","og_type":"article","og_title":"THORAX - bordogna fr","og_description":"THORAX est une gamme d'armoires de s\u00e9curit\u00e9 qui r\u00e9pondent \u00e0 tout besoin de garde d'armes.","og_url":"https:\/\/www.bordogna.com\/fr\/products\/thorax\/","og_site_name":"bordogna fr","article_modified_time":"2024-02-26T08:43:44+00:00","og_image":[{"width":436,"height":1200,"url":"https:\/\/www.bordogna.com\/fr\/wp-content\/uploads\/sites\/3\/2022\/06\/Thorax-PF-8-C-semiaperto.jpg","type":"image\/jpeg"}],"twitter_card":"summary_large_image","schema":{"@context":"https:\/\/schema.org","@graph":[{"@type":"WebPage","@id":"https:\/\/www.bordogna.com\/fr\/products\/thorax\/","url":"https:\/\/www.bordogna.com\/fr\/products\/thorax\/","name":"THORAX - bordogna fr","isPartOf":{"@id":"https:\/\/www.bordogna.com\/fr\/#website"},"primaryImageOfPage":{"@id":"https:\/\/www.bordogna.com\/fr\/products\/thorax\/#primaryimage"},"image":{"@id":"https:\/\/www.bordogna.com\/fr\/products\/thorax\/#primaryimage"},"thumbnailUrl":"https:\/\/www.bordogna.com\/fr\/wp-content\/uploads\/sites\/3\/2022\/06\/Thorax-PF-8-C-semiaperto.jpg","datePublished":"2022-06-01T12:10:08+00:00","dateModified":"2024-02-26T08:43:44+00:00","breadcrumb":{"@id":"https:\/\/www.bordogna.com\/fr\/products\/thorax\/#breadcrumb"},"inLanguage":"fr-FR","potentialAction":[{"@type":"ReadAction","target":["https:\/\/www.bordogna.com\/fr\/products\/thorax\/"]}]},{"@type":"ImageObject","inLanguage":"fr-FR","@id":"https:\/\/www.bordogna.com\/fr\/products\/thorax\/#primaryimage","url":"https:\/\/www.bordogna.com\/fr\/wp-content\/uploads\/sites\/3\/2022\/06\/Thorax-PF-8-C-semiaperto.jpg","contentUrl":"https:\/\/www.bordogna.com\/fr\/wp-content\/uploads\/sites\/3\/2022\/06\/Thorax-PF-8-C-semiaperto.jpg","width":436,"height":1200},{"@type":"BreadcrumbList","@id":"https:\/\/www.bordogna.com\/fr\/products\/thorax\/#breadcrumb","itemListElement":[{"@type":"ListItem","position":1,"name":"Home","item":"https:\/\/www.bordogna.com\/fr\/"},{"@type":"ListItem","position":2,"name":"Shop","item":"https:\/\/www.bordogna.com\/fr\/shop\/"},{"@type":"ListItem","position":3,"name":"THORAX"}]},{"@type":"WebSite","@id":"https:\/\/www.bordogna.com\/fr\/#website","url":"https:\/\/www.bordogna.com\/fr\/","name":"bordogna fr","description":"","publisher":{"@id":"https:\/\/www.bordogna.com\/fr\/#organization"},"potentialAction":[{"@type":"SearchAction","target":{"@type":"EntryPoint","urlTemplate":"https:\/\/www.bordogna.com\/fr\/?s={search_term_string}"},"query-input":"required name=search_term_string"}],"inLanguage":"fr-FR"},{"@type":"Organization","@id":"https:\/\/www.bordogna.com\/fr\/#organization","name":"bordogna fr","url":"https:\/\/www.bordogna.com\/fr\/","logo":{"@type":"ImageObject","inLanguage":"fr-FR","@id":"https:\/\/www.bordogna.com\/fr\/#\/schema\/logo\/image\/","url":"https:\/\/www.bordogna.com\/fr\/wp-content\/uploads\/sites\/3\/2022\/01\/logo-it.png","contentUrl":"https:\/\/www.bordogna.com\/fr\/wp-content\/uploads\/sites\/3\/2022\/01\/logo-it.png","width":224,"height":106,"caption":"bordogna fr"},"image":{"@id":"https:\/\/www.bordogna.com\/fr\/#\/schema\/logo\/image\/"}}]}},"_links":{"self":[{"href":"https:\/\/www.bordogna.com\/fr\/wp-json\/wp\/v2\/product\/2439","targetHints":{"allow":["GET"]}}],"collection":[{"href":"https:\/\/www.bordogna.com\/fr\/wp-json\/wp\/v2\/product"}],"about":[{"href":"https:\/\/www.bordogna.com\/fr\/wp-json\/wp\/v2\/types\/product"}],"replies":[{"embeddable":true,"href":"https:\/\/www.bordogna.com\/fr\/wp-json\/wp\/v2\/comments?post=2439"}],"wp:featuredmedia":[{"embeddable":true,"href":"https:\/\/www.bordogna.com\/fr\/wp-json\/wp\/v2\/media\/3157"}],"wp:attachment":[{"href":"https:\/\/www.bordogna.com\/fr\/wp-json\/wp\/v2\/media?parent=2439"}],"wp:term":[{"taxonomy":"product_cat","embeddable":true,"href":"https:\/\/www.bordogna.com\/fr\/wp-json\/wp\/v2\/product_cat?post=2439"},{"taxonomy":"product_tag","embeddable":true,"href":"https:\/\/www.bordogna.com\/fr\/wp-json\/wp\/v2\/product_tag?post=2439"}],"curies":[{"name":"wp","href":"https:\/\/api.w.org\/{rel}","templated":true}]}}