{"id":2367,"date":"2022-06-01T10:24:40","date_gmt":"2022-06-01T08:24:40","guid":{"rendered":"https:\/\/www.bordogna.com\/fr\/?post_type=product&#038;p=2367"},"modified":"2024-03-20T16:23:57","modified_gmt":"2024-03-20T15:23:57","slug":"brixia-uno","status":"publish","type":"product","link":"https:\/\/www.bordogna.com\/fr\/products\/brixia-uno\/","title":{"rendered":"BRIXIA UNO"},"content":{"rendered":"","protected":false},"excerpt":{"rendered":"<p>BRIXIA UNO, coffre-fort \u00e0 double paroi certifi\u00e9 EN 1143-1 en Classe I, est le r\u00e9sultat de le talent italien.Un objet qui allie \u00e9l\u00e9gance et la s\u00e9curit\u00e9, pour la protection des objets les plus pr\u00e9cieux.<\/p>\n<p>La simplicit\u00e9 des lignes combin\u00e9s avec le raffinement de la finition et les serrures transforment BRIXIA UNO dans un coffre-fort avec une \u00e9l\u00e9gance raffin\u00e9e.<\/p>\n<p>D\u00e9couvrez la gamme Brixia sur <a href=\"https:\/\/www.brixia-safes.com\">www.brixia-safes.com<\/a><\/p>\n","protected":false},"featured_media":4629,"comment_status":"open","ping_status":"closed","template":"","meta":{"_acf_changed":false,"inline_featured_image":false},"product_cat":[20,21,22,26,29],"product_tag":[],"class_list":{"0":"post-2367","1":"product","2":"type-product","3":"status-publish","4":"has-post-thumbnail","6":"product_cat-coffres-forts-a-domicile","7":"product_cat-coffres-forts-pour-bureaux-de-direction","8":"product_cat-produits-pour-les-bureaux-et-le-stockage-de-documents","9":"product_cat-coffres-forts-pour-bijoutiers","10":"product_cat-coffres-forts-a-mobile","11":"entry","13":"first","14":"instock","15":"shipping-taxable","16":"product-type-simple"},"acf":[],"yoast_head":"<!-- This site is optimized with the Yoast SEO plugin v22.6 - https:\/\/yoast.com\/wordpress\/plugins\/seo\/ -->\n<title>BRIXIA UNO - bordogna fr<\/title>\n<meta name=\"robots\" content=\"index, follow, max-snippet:-1, max-image-preview:large, max-video-preview:-1\" \/>\n<link rel=\"canonical\" href=\"https:\/\/www.bordogna.com\/fr\/products\/brixia-uno\/\" \/>\n<meta property=\"og:locale\" content=\"fr_FR\" \/>\n<meta property=\"og:type\" content=\"article\" \/>\n<meta property=\"og:title\" content=\"BRIXIA UNO - bordogna fr\" \/>\n<meta property=\"og:description\" content=\"BRIXIA UNO, coffre-fort \u00e0 double paroi certifi\u00e9 EN 1143-1 en Classe I, est le r\u00e9sultat de le talent italien.Un objet qui allie \u00e9l\u00e9gance et la s\u00e9curit\u00e9, pour la protection des objets les plus pr\u00e9cieux.  La simplicit\u00e9 des lignes combin\u00e9s avec le raffinement de la finition et les serrures transforment BRIXIA UNO dans un coffre-fort avec une \u00e9l\u00e9gance raffin\u00e9e.  D\u00e9couvrez la gamme Brixia sur www.brixia-safes.com\" \/>\n<meta property=\"og:url\" content=\"https:\/\/www.bordogna.com\/fr\/products\/brixia-uno\/\" \/>\n<meta property=\"og:site_name\" content=\"bordogna fr\" \/>\n<meta property=\"article:modified_time\" content=\"2024-03-20T15:23:57+00:00\" \/>\n<meta property=\"og:image\" content=\"https:\/\/www.bordogna.com\/fr\/wp-content\/uploads\/sites\/3\/2022\/06\/Brixia-Uno-Size-3-Bianca-Aperta.jpg\" \/>\n\t<meta property=\"og:image:width\" content=\"994\" \/>\n\t<meta property=\"og:image:height\" content=\"1200\" \/>\n\t<meta property=\"og:image:type\" content=\"image\/jpeg\" \/>\n<meta name=\"twitter:card\" content=\"summary_large_image\" \/>\n<script type=\"application\/ld+json\" class=\"yoast-schema-graph\">{\"@context\":\"https:\/\/schema.org\",\"@graph\":[{\"@type\":\"WebPage\",\"@id\":\"https:\/\/www.bordogna.com\/fr\/products\/brixia-uno\/\",\"url\":\"https:\/\/www.bordogna.com\/fr\/products\/brixia-uno\/\",\"name\":\"BRIXIA UNO - bordogna fr\",\"isPartOf\":{\"@id\":\"https:\/\/www.bordogna.com\/fr\/#website\"},\"primaryImageOfPage\":{\"@id\":\"https:\/\/www.bordogna.com\/fr\/products\/brixia-uno\/#primaryimage\"},\"image\":{\"@id\":\"https:\/\/www.bordogna.com\/fr\/products\/brixia-uno\/#primaryimage\"},\"thumbnailUrl\":\"https:\/\/www.bordogna.com\/fr\/wp-content\/uploads\/sites\/3\/2022\/06\/Brixia-Uno-Size-3-Bianca-Aperta.jpg\",\"datePublished\":\"2022-06-01T08:24:40+00:00\",\"dateModified\":\"2024-03-20T15:23:57+00:00\",\"breadcrumb\":{\"@id\":\"https:\/\/www.bordogna.com\/fr\/products\/brixia-uno\/#breadcrumb\"},\"inLanguage\":\"fr-FR\",\"potentialAction\":[{\"@type\":\"ReadAction\",\"target\":[\"https:\/\/www.bordogna.com\/fr\/products\/brixia-uno\/\"]}]},{\"@type\":\"ImageObject\",\"inLanguage\":\"fr-FR\",\"@id\":\"https:\/\/www.bordogna.com\/fr\/products\/brixia-uno\/#primaryimage\",\"url\":\"https:\/\/www.bordogna.com\/fr\/wp-content\/uploads\/sites\/3\/2022\/06\/Brixia-Uno-Size-3-Bianca-Aperta.jpg\",\"contentUrl\":\"https:\/\/www.bordogna.com\/fr\/wp-content\/uploads\/sites\/3\/2022\/06\/Brixia-Uno-Size-3-Bianca-Aperta.jpg\",\"width\":994,\"height\":1200},{\"@type\":\"BreadcrumbList\",\"@id\":\"https:\/\/www.bordogna.com\/fr\/products\/brixia-uno\/#breadcrumb\",\"itemListElement\":[{\"@type\":\"ListItem\",\"position\":1,\"name\":\"Home\",\"item\":\"https:\/\/www.bordogna.com\/fr\/\"},{\"@type\":\"ListItem\",\"position\":2,\"name\":\"Shop\",\"item\":\"https:\/\/www.bordogna.com\/fr\/shop\/\"},{\"@type\":\"ListItem\",\"position\":3,\"name\":\"BRIXIA UNO\"}]},{\"@type\":\"WebSite\",\"@id\":\"https:\/\/www.bordogna.com\/fr\/#website\",\"url\":\"https:\/\/www.bordogna.com\/fr\/\",\"name\":\"bordogna fr\",\"description\":\"\",\"publisher\":{\"@id\":\"https:\/\/www.bordogna.com\/fr\/#organization\"},\"potentialAction\":[{\"@type\":\"SearchAction\",\"target\":{\"@type\":\"EntryPoint\",\"urlTemplate\":\"https:\/\/www.bordogna.com\/fr\/?s={search_term_string}\"},\"query-input\":\"required name=search_term_string\"}],\"inLanguage\":\"fr-FR\"},{\"@type\":\"Organization\",\"@id\":\"https:\/\/www.bordogna.com\/fr\/#organization\",\"name\":\"bordogna fr\",\"url\":\"https:\/\/www.bordogna.com\/fr\/\",\"logo\":{\"@type\":\"ImageObject\",\"inLanguage\":\"fr-FR\",\"@id\":\"https:\/\/www.bordogna.com\/fr\/#\/schema\/logo\/image\/\",\"url\":\"https:\/\/www.bordogna.com\/fr\/wp-content\/uploads\/sites\/3\/2022\/01\/logo-it.png\",\"contentUrl\":\"https:\/\/www.bordogna.com\/fr\/wp-content\/uploads\/sites\/3\/2022\/01\/logo-it.png\",\"width\":224,\"height\":106,\"caption\":\"bordogna fr\"},\"image\":{\"@id\":\"https:\/\/www.bordogna.com\/fr\/#\/schema\/logo\/image\/\"}}]}<\/script>\n<!-- \/ Yoast SEO plugin. -->","yoast_head_json":{"title":"BRIXIA UNO - bordogna fr","robots":{"index":"index","follow":"follow","max-snippet":"max-snippet:-1","max-image-preview":"max-image-preview:large","max-video-preview":"max-video-preview:-1"},"canonical":"https:\/\/www.bordogna.com\/fr\/products\/brixia-uno\/","og_locale":"fr_FR","og_type":"article","og_title":"BRIXIA UNO - bordogna fr","og_description":"BRIXIA UNO, coffre-fort \u00e0 double paroi certifi\u00e9 EN 1143-1 en Classe I, est le r\u00e9sultat de le talent italien.Un objet qui allie \u00e9l\u00e9gance et la s\u00e9curit\u00e9, pour la protection des objets les plus pr\u00e9cieux.  La simplicit\u00e9 des lignes combin\u00e9s avec le raffinement de la finition et les serrures transforment BRIXIA UNO dans un coffre-fort avec une \u00e9l\u00e9gance raffin\u00e9e.  D\u00e9couvrez la gamme Brixia sur www.brixia-safes.com","og_url":"https:\/\/www.bordogna.com\/fr\/products\/brixia-uno\/","og_site_name":"bordogna fr","article_modified_time":"2024-03-20T15:23:57+00:00","og_image":[{"width":994,"height":1200,"url":"https:\/\/www.bordogna.com\/fr\/wp-content\/uploads\/sites\/3\/2022\/06\/Brixia-Uno-Size-3-Bianca-Aperta.jpg","type":"image\/jpeg"}],"twitter_card":"summary_large_image","schema":{"@context":"https:\/\/schema.org","@graph":[{"@type":"WebPage","@id":"https:\/\/www.bordogna.com\/fr\/products\/brixia-uno\/","url":"https:\/\/www.bordogna.com\/fr\/products\/brixia-uno\/","name":"BRIXIA UNO - bordogna fr","isPartOf":{"@id":"https:\/\/www.bordogna.com\/fr\/#website"},"primaryImageOfPage":{"@id":"https:\/\/www.bordogna.com\/fr\/products\/brixia-uno\/#primaryimage"},"image":{"@id":"https:\/\/www.bordogna.com\/fr\/products\/brixia-uno\/#primaryimage"},"thumbnailUrl":"https:\/\/www.bordogna.com\/fr\/wp-content\/uploads\/sites\/3\/2022\/06\/Brixia-Uno-Size-3-Bianca-Aperta.jpg","datePublished":"2022-06-01T08:24:40+00:00","dateModified":"2024-03-20T15:23:57+00:00","breadcrumb":{"@id":"https:\/\/www.bordogna.com\/fr\/products\/brixia-uno\/#breadcrumb"},"inLanguage":"fr-FR","potentialAction":[{"@type":"ReadAction","target":["https:\/\/www.bordogna.com\/fr\/products\/brixia-uno\/"]}]},{"@type":"ImageObject","inLanguage":"fr-FR","@id":"https:\/\/www.bordogna.com\/fr\/products\/brixia-uno\/#primaryimage","url":"https:\/\/www.bordogna.com\/fr\/wp-content\/uploads\/sites\/3\/2022\/06\/Brixia-Uno-Size-3-Bianca-Aperta.jpg","contentUrl":"https:\/\/www.bordogna.com\/fr\/wp-content\/uploads\/sites\/3\/2022\/06\/Brixia-Uno-Size-3-Bianca-Aperta.jpg","width":994,"height":1200},{"@type":"BreadcrumbList","@id":"https:\/\/www.bordogna.com\/fr\/products\/brixia-uno\/#breadcrumb","itemListElement":[{"@type":"ListItem","position":1,"name":"Home","item":"https:\/\/www.bordogna.com\/fr\/"},{"@type":"ListItem","position":2,"name":"Shop","item":"https:\/\/www.bordogna.com\/fr\/shop\/"},{"@type":"ListItem","position":3,"name":"BRIXIA UNO"}]},{"@type":"WebSite","@id":"https:\/\/www.bordogna.com\/fr\/#website","url":"https:\/\/www.bordogna.com\/fr\/","name":"bordogna fr","description":"","publisher":{"@id":"https:\/\/www.bordogna.com\/fr\/#organization"},"potentialAction":[{"@type":"SearchAction","target":{"@type":"EntryPoint","urlTemplate":"https:\/\/www.bordogna.com\/fr\/?s={search_term_string}"},"query-input":"required name=search_term_string"}],"inLanguage":"fr-FR"},{"@type":"Organization","@id":"https:\/\/www.bordogna.com\/fr\/#organization","name":"bordogna fr","url":"https:\/\/www.bordogna.com\/fr\/","logo":{"@type":"ImageObject","inLanguage":"fr-FR","@id":"https:\/\/www.bordogna.com\/fr\/#\/schema\/logo\/image\/","url":"https:\/\/www.bordogna.com\/fr\/wp-content\/uploads\/sites\/3\/2022\/01\/logo-it.png","contentUrl":"https:\/\/www.bordogna.com\/fr\/wp-content\/uploads\/sites\/3\/2022\/01\/logo-it.png","width":224,"height":106,"caption":"bordogna fr"},"image":{"@id":"https:\/\/www.bordogna.com\/fr\/#\/schema\/logo\/image\/"}}]}},"_links":{"self":[{"href":"https:\/\/www.bordogna.com\/fr\/wp-json\/wp\/v2\/product\/2367","targetHints":{"allow":["GET"]}}],"collection":[{"href":"https:\/\/www.bordogna.com\/fr\/wp-json\/wp\/v2\/product"}],"about":[{"href":"https:\/\/www.bordogna.com\/fr\/wp-json\/wp\/v2\/types\/product"}],"replies":[{"embeddable":true,"href":"https:\/\/www.bordogna.com\/fr\/wp-json\/wp\/v2\/comments?post=2367"}],"wp:featuredmedia":[{"embeddable":true,"href":"https:\/\/www.bordogna.com\/fr\/wp-json\/wp\/v2\/media\/4629"}],"wp:attachment":[{"href":"https:\/\/www.bordogna.com\/fr\/wp-json\/wp\/v2\/media?parent=2367"}],"wp:term":[{"taxonomy":"product_cat","embeddable":true,"href":"https:\/\/www.bordogna.com\/fr\/wp-json\/wp\/v2\/product_cat?post=2367"},{"taxonomy":"product_tag","embeddable":true,"href":"https:\/\/www.bordogna.com\/fr\/wp-json\/wp\/v2\/product_tag?post=2367"}],"curies":[{"name":"wp","href":"https:\/\/api.w.org\/{rel}","templated":true}]}}