{"id":2078,"date":"2022-05-30T15:41:31","date_gmt":"2022-05-30T13:41:31","guid":{"rendered":"https:\/\/www.bordogna.com\/fr\/?post_type=product&#038;p=2078"},"modified":"2024-02-27T15:14:16","modified_gmt":"2024-02-27T14:14:16","slug":"s8000","status":"publish","type":"product","link":"https:\/\/www.bordogna.com\/fr\/products\/s8000\/","title":{"rendered":"S8000"},"content":{"rendered":"","protected":false},"excerpt":{"rendered":"<p>Nos nouvelles armoires de s\u00e9curit\u00e9 modulaires sont faciles \u00e0 transporter et \u00e0 assembler, sont tr\u00e8s fiables et poss\u00e8dent une grande vari\u00e9t\u00e9 d&#8217;accessoires internes. Les armoires de la s\u00e9rie S8000 sont emball\u00e9s en 6\/7 forfaits.<\/p>\n","protected":false},"featured_media":3030,"comment_status":"open","ping_status":"closed","template":"","meta":{"_acf_changed":false,"inline_featured_image":false},"product_cat":[22,31,38],"product_tag":[],"class_list":{"0":"post-2078","1":"product","2":"type-product","3":"status-publish","4":"has-post-thumbnail","6":"product_cat-produits-pour-les-bureaux-et-le-stockage-de-documents","7":"product_cat-armoires-blindees","8":"product_cat-coffres-forts-modulaires","9":"entry","11":"first","12":"instock","13":"shipping-taxable","14":"product-type-simple"},"acf":[],"yoast_head":"<!-- This site is optimized with the Yoast SEO plugin v22.6 - https:\/\/yoast.com\/wordpress\/plugins\/seo\/ -->\n<title>S8000 - bordogna fr<\/title>\n<meta name=\"robots\" content=\"index, follow, max-snippet:-1, max-image-preview:large, max-video-preview:-1\" \/>\n<link rel=\"canonical\" href=\"https:\/\/www.bordogna.com\/fr\/products\/s8000\/\" \/>\n<meta property=\"og:locale\" content=\"fr_FR\" \/>\n<meta property=\"og:type\" content=\"article\" \/>\n<meta property=\"og:title\" content=\"S8000 - bordogna fr\" \/>\n<meta property=\"og:description\" content=\"Nos nouvelles armoires de s\u00e9curit\u00e9 modulaires sont faciles \u00e0 transporter et \u00e0 assembler, sont tr\u00e8s fiables et poss\u00e8dent une grande vari\u00e9t\u00e9 d&#039;accessoires internes. Les armoires de la s\u00e9rie S8000 sont emball\u00e9s en 6\/7 forfaits.\" \/>\n<meta property=\"og:url\" content=\"https:\/\/www.bordogna.com\/fr\/products\/s8000\/\" \/>\n<meta property=\"og:site_name\" content=\"bordogna fr\" \/>\n<meta property=\"article:modified_time\" content=\"2024-02-27T14:14:16+00:00\" \/>\n<meta property=\"og:image\" content=\"https:\/\/www.bordogna.com\/fr\/wp-content\/uploads\/sites\/3\/2022\/05\/8700-TC.jpg\" \/>\n\t<meta property=\"og:image:width\" content=\"685\" \/>\n\t<meta property=\"og:image:height\" content=\"1269\" \/>\n\t<meta property=\"og:image:type\" content=\"image\/jpeg\" \/>\n<meta name=\"twitter:card\" content=\"summary_large_image\" \/>\n<script type=\"application\/ld+json\" class=\"yoast-schema-graph\">{\"@context\":\"https:\/\/schema.org\",\"@graph\":[{\"@type\":\"WebPage\",\"@id\":\"https:\/\/www.bordogna.com\/fr\/products\/s8000\/\",\"url\":\"https:\/\/www.bordogna.com\/fr\/products\/s8000\/\",\"name\":\"S8000 - bordogna fr\",\"isPartOf\":{\"@id\":\"https:\/\/www.bordogna.com\/fr\/#website\"},\"primaryImageOfPage\":{\"@id\":\"https:\/\/www.bordogna.com\/fr\/products\/s8000\/#primaryimage\"},\"image\":{\"@id\":\"https:\/\/www.bordogna.com\/fr\/products\/s8000\/#primaryimage\"},\"thumbnailUrl\":\"https:\/\/www.bordogna.com\/fr\/wp-content\/uploads\/sites\/3\/2022\/05\/8700-TC.jpg\",\"datePublished\":\"2022-05-30T13:41:31+00:00\",\"dateModified\":\"2024-02-27T14:14:16+00:00\",\"breadcrumb\":{\"@id\":\"https:\/\/www.bordogna.com\/fr\/products\/s8000\/#breadcrumb\"},\"inLanguage\":\"fr-FR\",\"potentialAction\":[{\"@type\":\"ReadAction\",\"target\":[\"https:\/\/www.bordogna.com\/fr\/products\/s8000\/\"]}]},{\"@type\":\"ImageObject\",\"inLanguage\":\"fr-FR\",\"@id\":\"https:\/\/www.bordogna.com\/fr\/products\/s8000\/#primaryimage\",\"url\":\"https:\/\/www.bordogna.com\/fr\/wp-content\/uploads\/sites\/3\/2022\/05\/8700-TC.jpg\",\"contentUrl\":\"https:\/\/www.bordogna.com\/fr\/wp-content\/uploads\/sites\/3\/2022\/05\/8700-TC.jpg\",\"width\":685,\"height\":1269},{\"@type\":\"BreadcrumbList\",\"@id\":\"https:\/\/www.bordogna.com\/fr\/products\/s8000\/#breadcrumb\",\"itemListElement\":[{\"@type\":\"ListItem\",\"position\":1,\"name\":\"Home\",\"item\":\"https:\/\/www.bordogna.com\/fr\/\"},{\"@type\":\"ListItem\",\"position\":2,\"name\":\"Shop\",\"item\":\"https:\/\/www.bordogna.com\/fr\/shop\/\"},{\"@type\":\"ListItem\",\"position\":3,\"name\":\"S8000\"}]},{\"@type\":\"WebSite\",\"@id\":\"https:\/\/www.bordogna.com\/fr\/#website\",\"url\":\"https:\/\/www.bordogna.com\/fr\/\",\"name\":\"bordogna fr\",\"description\":\"\",\"publisher\":{\"@id\":\"https:\/\/www.bordogna.com\/fr\/#organization\"},\"potentialAction\":[{\"@type\":\"SearchAction\",\"target\":{\"@type\":\"EntryPoint\",\"urlTemplate\":\"https:\/\/www.bordogna.com\/fr\/?s={search_term_string}\"},\"query-input\":\"required name=search_term_string\"}],\"inLanguage\":\"fr-FR\"},{\"@type\":\"Organization\",\"@id\":\"https:\/\/www.bordogna.com\/fr\/#organization\",\"name\":\"bordogna fr\",\"url\":\"https:\/\/www.bordogna.com\/fr\/\",\"logo\":{\"@type\":\"ImageObject\",\"inLanguage\":\"fr-FR\",\"@id\":\"https:\/\/www.bordogna.com\/fr\/#\/schema\/logo\/image\/\",\"url\":\"https:\/\/www.bordogna.com\/fr\/wp-content\/uploads\/sites\/3\/2022\/01\/logo-it.png\",\"contentUrl\":\"https:\/\/www.bordogna.com\/fr\/wp-content\/uploads\/sites\/3\/2022\/01\/logo-it.png\",\"width\":224,\"height\":106,\"caption\":\"bordogna fr\"},\"image\":{\"@id\":\"https:\/\/www.bordogna.com\/fr\/#\/schema\/logo\/image\/\"}}]}<\/script>\n<!-- \/ Yoast SEO plugin. -->","yoast_head_json":{"title":"S8000 - bordogna fr","robots":{"index":"index","follow":"follow","max-snippet":"max-snippet:-1","max-image-preview":"max-image-preview:large","max-video-preview":"max-video-preview:-1"},"canonical":"https:\/\/www.bordogna.com\/fr\/products\/s8000\/","og_locale":"fr_FR","og_type":"article","og_title":"S8000 - bordogna fr","og_description":"Nos nouvelles armoires de s\u00e9curit\u00e9 modulaires sont faciles \u00e0 transporter et \u00e0 assembler, sont tr\u00e8s fiables et poss\u00e8dent une grande vari\u00e9t\u00e9 d'accessoires internes. Les armoires de la s\u00e9rie S8000 sont emball\u00e9s en 6\/7 forfaits.","og_url":"https:\/\/www.bordogna.com\/fr\/products\/s8000\/","og_site_name":"bordogna fr","article_modified_time":"2024-02-27T14:14:16+00:00","og_image":[{"width":685,"height":1269,"url":"https:\/\/www.bordogna.com\/fr\/wp-content\/uploads\/sites\/3\/2022\/05\/8700-TC.jpg","type":"image\/jpeg"}],"twitter_card":"summary_large_image","schema":{"@context":"https:\/\/schema.org","@graph":[{"@type":"WebPage","@id":"https:\/\/www.bordogna.com\/fr\/products\/s8000\/","url":"https:\/\/www.bordogna.com\/fr\/products\/s8000\/","name":"S8000 - bordogna fr","isPartOf":{"@id":"https:\/\/www.bordogna.com\/fr\/#website"},"primaryImageOfPage":{"@id":"https:\/\/www.bordogna.com\/fr\/products\/s8000\/#primaryimage"},"image":{"@id":"https:\/\/www.bordogna.com\/fr\/products\/s8000\/#primaryimage"},"thumbnailUrl":"https:\/\/www.bordogna.com\/fr\/wp-content\/uploads\/sites\/3\/2022\/05\/8700-TC.jpg","datePublished":"2022-05-30T13:41:31+00:00","dateModified":"2024-02-27T14:14:16+00:00","breadcrumb":{"@id":"https:\/\/www.bordogna.com\/fr\/products\/s8000\/#breadcrumb"},"inLanguage":"fr-FR","potentialAction":[{"@type":"ReadAction","target":["https:\/\/www.bordogna.com\/fr\/products\/s8000\/"]}]},{"@type":"ImageObject","inLanguage":"fr-FR","@id":"https:\/\/www.bordogna.com\/fr\/products\/s8000\/#primaryimage","url":"https:\/\/www.bordogna.com\/fr\/wp-content\/uploads\/sites\/3\/2022\/05\/8700-TC.jpg","contentUrl":"https:\/\/www.bordogna.com\/fr\/wp-content\/uploads\/sites\/3\/2022\/05\/8700-TC.jpg","width":685,"height":1269},{"@type":"BreadcrumbList","@id":"https:\/\/www.bordogna.com\/fr\/products\/s8000\/#breadcrumb","itemListElement":[{"@type":"ListItem","position":1,"name":"Home","item":"https:\/\/www.bordogna.com\/fr\/"},{"@type":"ListItem","position":2,"name":"Shop","item":"https:\/\/www.bordogna.com\/fr\/shop\/"},{"@type":"ListItem","position":3,"name":"S8000"}]},{"@type":"WebSite","@id":"https:\/\/www.bordogna.com\/fr\/#website","url":"https:\/\/www.bordogna.com\/fr\/","name":"bordogna fr","description":"","publisher":{"@id":"https:\/\/www.bordogna.com\/fr\/#organization"},"potentialAction":[{"@type":"SearchAction","target":{"@type":"EntryPoint","urlTemplate":"https:\/\/www.bordogna.com\/fr\/?s={search_term_string}"},"query-input":"required name=search_term_string"}],"inLanguage":"fr-FR"},{"@type":"Organization","@id":"https:\/\/www.bordogna.com\/fr\/#organization","name":"bordogna fr","url":"https:\/\/www.bordogna.com\/fr\/","logo":{"@type":"ImageObject","inLanguage":"fr-FR","@id":"https:\/\/www.bordogna.com\/fr\/#\/schema\/logo\/image\/","url":"https:\/\/www.bordogna.com\/fr\/wp-content\/uploads\/sites\/3\/2022\/01\/logo-it.png","contentUrl":"https:\/\/www.bordogna.com\/fr\/wp-content\/uploads\/sites\/3\/2022\/01\/logo-it.png","width":224,"height":106,"caption":"bordogna fr"},"image":{"@id":"https:\/\/www.bordogna.com\/fr\/#\/schema\/logo\/image\/"}}]}},"_links":{"self":[{"href":"https:\/\/www.bordogna.com\/fr\/wp-json\/wp\/v2\/product\/2078","targetHints":{"allow":["GET"]}}],"collection":[{"href":"https:\/\/www.bordogna.com\/fr\/wp-json\/wp\/v2\/product"}],"about":[{"href":"https:\/\/www.bordogna.com\/fr\/wp-json\/wp\/v2\/types\/product"}],"replies":[{"embeddable":true,"href":"https:\/\/www.bordogna.com\/fr\/wp-json\/wp\/v2\/comments?post=2078"}],"wp:featuredmedia":[{"embeddable":true,"href":"https:\/\/www.bordogna.com\/fr\/wp-json\/wp\/v2\/media\/3030"}],"wp:attachment":[{"href":"https:\/\/www.bordogna.com\/fr\/wp-json\/wp\/v2\/media?parent=2078"}],"wp:term":[{"taxonomy":"product_cat","embeddable":true,"href":"https:\/\/www.bordogna.com\/fr\/wp-json\/wp\/v2\/product_cat?post=2078"},{"taxonomy":"product_tag","embeddable":true,"href":"https:\/\/www.bordogna.com\/fr\/wp-json\/wp\/v2\/product_tag?post=2078"}],"curies":[{"name":"wp","href":"https:\/\/api.w.org\/{rel}","templated":true}]}}