{"id":4729,"date":"2024-03-21T10:18:57","date_gmt":"2024-03-21T09:18:57","guid":{"rendered":"https:\/\/www.bordogna.com\/fr\/?page_id=4729"},"modified":"2024-03-22T10:47:40","modified_gmt":"2024-03-22T09:47:40","slug":"revendeurs","status":"publish","type":"page","link":"https:\/\/www.bordogna.com\/fr\/revendeurs\/","title":{"rendered":"Revendeurs"},"content":{"rendered":"\t\t<div data-elementor-type=\"wp-page\" data-elementor-id=\"4729\" class=\"elementor elementor-4729\" data-elementor-post-type=\"page\">\n\t\t\t\t\t\t<section class=\"elementor-section elementor-top-section elementor-element elementor-element-4eb7dec elementor-section-boxed elementor-section-height-default elementor-section-height-default\" data-id=\"4eb7dec\" data-element_type=\"section\">\n\t\t\t\t\t\t<div class=\"elementor-container elementor-column-gap-no\">\n\t\t\t\t\t<div class=\"elementor-column elementor-col-100 elementor-top-column elementor-element elementor-element-a6b33c2\" data-id=\"a6b33c2\" data-element_type=\"column\">\n\t\t\t<div class=\"elementor-widget-wrap elementor-element-populated\">\n\t\t\t\t\t\t<div class=\"elementor-element elementor-element-1087f7f elementor-widget elementor-widget-shortcode\" data-id=\"1087f7f\" data-element_type=\"widget\" data-widget_type=\"shortcode.default\">\n\t\t\t\t<div class=\"elementor-widget-container\">\n\t\t\t\t\t<div class=\"elementor-shortcode\">\n\t<div class=\"breadcrumbs\">\n\t\t\t\t\t\t\t\t\t\t<a href=\"https:\/\/www.bordogna.com\/fr\">\n\t\t\t\tHome\t\t\t\t\t\t\t\t<\/a>\n\t\t\t\t\t\t\t\t\t\t\t\t\t\t\t<\/a>\n\t\t\t\t\t\t\t\t| <b>\n\t\t\t\tRevendeurs\t\t\t\t\t\t\t\t<\/b>\n\t\t\t<\/div>\n\t<\/div>\n\t\t\t\t<\/div>\n\t\t\t\t<\/div>\n\t\t\t\t\t<\/div>\n\t\t<\/div>\n\t\t\t\t\t<\/div>\n\t\t<\/section>\n\t\t\t\t<section class=\"elementor-section elementor-top-section elementor-element elementor-element-480d8d7 elementor-section-boxed elementor-section-height-default elementor-section-height-default\" data-id=\"480d8d7\" data-element_type=\"section\">\n\t\t\t\t\t\t<div class=\"elementor-container elementor-column-gap-default\">\n\t\t\t\t\t<div class=\"elementor-column elementor-col-50 elementor-top-column elementor-element elementor-element-029d06c\" data-id=\"029d06c\" data-element_type=\"column\">\n\t\t\t<div class=\"elementor-widget-wrap elementor-element-populated\">\n\t\t\t\t\t\t<div class=\"elementor-element elementor-element-e506e35 elementor-widget elementor-widget-image\" data-id=\"e506e35\" data-element_type=\"widget\" data-widget_type=\"image.default\">\n\t\t\t\t<div class=\"elementor-widget-container\">\n\t\t\t<style>\/*! elementor - v3.20.0 - 20-03-2024 *\/\n.elementor-widget-image{text-align:center}.elementor-widget-image a{display:inline-block}.elementor-widget-image a img[src$=\".svg\"]{width:48px}.elementor-widget-image img{vertical-align:middle;display:inline-block}<\/style>\t\t\t\t\t\t\t\t\t\t<img decoding=\"async\" width=\"200\" height=\"200\" src=\"https:\/\/www.bordogna.com\/fr\/wp-content\/uploads\/sites\/3\/2024\/03\/Rivenditore-Ufficiale-EN-1.jpg\" class=\"attachment-large size-large wp-image-4756\" alt=\"\" srcset=\"https:\/\/www.bordogna.com\/fr\/wp-content\/uploads\/sites\/3\/2024\/03\/Rivenditore-Ufficiale-EN-1.jpg 200w, https:\/\/www.bordogna.com\/fr\/wp-content\/uploads\/sites\/3\/2024\/03\/Rivenditore-Ufficiale-EN-1-150x150.jpg 150w, https:\/\/www.bordogna.com\/fr\/wp-content\/uploads\/sites\/3\/2024\/03\/Rivenditore-Ufficiale-EN-1-100x100.jpg 100w\" sizes=\"(max-width: 200px) 100vw, 200px\" style=\"width:100%;height:100%;max-width:200px\" \/>\t\t\t\t\t\t\t\t\t\t\t\t\t<\/div>\n\t\t\t\t<\/div>\n\t\t\t\t\t<\/div>\n\t\t<\/div>\n\t\t\t\t<div class=\"elementor-column elementor-col-50 elementor-top-column elementor-element elementor-element-625e770\" data-id=\"625e770\" data-element_type=\"column\">\n\t\t\t<div class=\"elementor-widget-wrap elementor-element-populated\">\n\t\t\t\t\t\t<div class=\"elementor-element elementor-element-69e04dd custom-title-35 custTxtLftAlgn elementor-widget elementor-widget-heading\" data-id=\"69e04dd\" data-element_type=\"widget\" data-widget_type=\"heading.default\">\n\t\t\t\t<div class=\"elementor-widget-container\">\n\t\t\t<style>\/*! elementor - v3.20.0 - 20-03-2024 *\/\n.elementor-heading-title{padding:0;margin:0;line-height:1}.elementor-widget-heading .elementor-heading-title[class*=elementor-size-]>a{color:inherit;font-size:inherit;line-height:inherit}.elementor-widget-heading .elementor-heading-title.elementor-size-small{font-size:15px}.elementor-widget-heading .elementor-heading-title.elementor-size-medium{font-size:19px}.elementor-widget-heading .elementor-heading-title.elementor-size-large{font-size:29px}.elementor-widget-heading .elementor-heading-title.elementor-size-xl{font-size:39px}.elementor-widget-heading .elementor-heading-title.elementor-size-xxl{font-size:59px}<\/style><h1 class=\"elementor-heading-title elementor-size-default\">Essayez la qualit\u00e9 de BORDOGNA.<\/h1>\t\t<\/div>\n\t\t\t\t<\/div>\n\t\t\t\t<div class=\"elementor-element elementor-element-836f091 elementor-widget elementor-widget-text-editor\" data-id=\"836f091\" data-element_type=\"widget\" data-widget_type=\"text-editor.default\">\n\t\t\t\t<div class=\"elementor-widget-container\">\n\t\t\t<style>\/*! elementor - v3.20.0 - 20-03-2024 *\/\n.elementor-widget-text-editor.elementor-drop-cap-view-stacked .elementor-drop-cap{background-color:#69727d;color:#fff}.elementor-widget-text-editor.elementor-drop-cap-view-framed .elementor-drop-cap{color:#69727d;border:3px solid;background-color:transparent}.elementor-widget-text-editor:not(.elementor-drop-cap-view-default) .elementor-drop-cap{margin-top:8px}.elementor-widget-text-editor:not(.elementor-drop-cap-view-default) .elementor-drop-cap-letter{width:1em;height:1em}.elementor-widget-text-editor .elementor-drop-cap{float:left;text-align:center;line-height:1;font-size:50px}.elementor-widget-text-editor .elementor-drop-cap-letter{display:inline-block}<\/style>\t\t\t\t<p><span style=\"font-weight: 400;\">Bordogna coffres-forts peuvent \u00eatre achet\u00e9s par nos revendeurs officiels: magasins pr\u00e9sents dans le monde entire, o\u00f9 la gamme Bordogna est affich\u00e9 et o\u00f9 il est possible de v\u00e9rifier sa qualit\u00e9 et son style unique.<\/span><\/p>\t\t\t\t\t\t<\/div>\n\t\t\t\t<\/div>\n\t\t\t\t<div class=\"elementor-element elementor-element-c3de565 custAnkrClr elementor-widget elementor-widget-text-editor\" data-id=\"c3de565\" data-element_type=\"widget\" data-widget_type=\"text-editor.default\">\n\t\t\t\t<div class=\"elementor-widget-container\">\n\t\t\t\t\t\t\t<p><span style=\"font-weight: 400;\">Contactez notre \u00e9quipe \u00e0 l\u2019adresse suivante pour trouver le magasin le plus proche, o\u00f9 Bordogna coffres-forts peuvent \u00eatre achet\u00e9s:<\/span><\/p><h2 style=\"margin-bottom: 10px;\"><strong>D\u00e9partment Export<\/strong><\/h2><p><strong>Phone<\/strong>: +39 030 7406011<br \/>Email:<a href=\"mailto:info@bordogna.com\">info@bordogna.com<\/a>\u00a0<\/p>\t\t\t\t\t\t<\/div>\n\t\t\t\t<\/div>\n\t\t\t\t\t<\/div>\n\t\t<\/div>\n\t\t\t\t\t<\/div>\n\t\t<\/section>\n\t\t\t\t<\/div>\n\t\t","protected":false},"excerpt":{"rendered":"<p>Essayez la qualit\u00e9 de BORDOGNA. Bordogna coffres-forts peuvent \u00eatre achet\u00e9s par nos revendeurs officiels: magasins pr\u00e9sents dans le monde entire, o\u00f9 la gamme Bordogna est affich\u00e9 et o\u00f9 il est possible de v\u00e9rifier sa qualit\u00e9 et son style unique. Contactez notre \u00e9quipe \u00e0 l\u2019adresse suivante pour trouver le magasin le plus proche, o\u00f9 Bordogna coffres-forts&hellip; <a class=\"more-link\" href=\"https:\/\/www.bordogna.com\/fr\/revendeurs\/\">Poursuivre la lecture <span class=\"screen-reader-text\">Revendeurs<\/span><\/a><\/p>\n","protected":false},"author":1,"featured_media":0,"parent":0,"menu_order":0,"comment_status":"closed","ping_status":"closed","template":"","meta":{"_acf_changed":false,"inline_featured_image":false,"footnotes":""},"class_list":["post-4729","page","type-page","status-publish","hentry","entry"],"acf":[],"yoast_head":"<!-- This site is optimized with the Yoast SEO plugin v22.6 - https:\/\/yoast.com\/wordpress\/plugins\/seo\/ -->\n<title>Revendeurs - bordogna fr<\/title>\n<meta name=\"robots\" content=\"index, follow, max-snippet:-1, max-image-preview:large, max-video-preview:-1\" \/>\n<link rel=\"canonical\" href=\"https:\/\/www.bordogna.com\/fr\/revendeurs\/\" \/>\n<meta property=\"og:locale\" content=\"fr_FR\" \/>\n<meta property=\"og:type\" content=\"article\" \/>\n<meta property=\"og:title\" content=\"Revendeurs - bordogna fr\" \/>\n<meta property=\"og:description\" content=\"Essayez la qualit\u00e9 de BORDOGNA. Bordogna coffres-forts peuvent \u00eatre achet\u00e9s par nos revendeurs officiels: magasins pr\u00e9sents dans le monde entire, o\u00f9 la gamme Bordogna est affich\u00e9 et o\u00f9 il est possible de v\u00e9rifier sa qualit\u00e9 et son style unique. Contactez notre \u00e9quipe \u00e0 l\u2019adresse suivante pour trouver le magasin le plus proche, o\u00f9 Bordogna coffres-forts&hellip; Poursuivre la lecture Revendeurs\" \/>\n<meta property=\"og:url\" content=\"https:\/\/www.bordogna.com\/fr\/revendeurs\/\" \/>\n<meta property=\"og:site_name\" content=\"bordogna fr\" \/>\n<meta property=\"article:modified_time\" content=\"2024-03-22T09:47:40+00:00\" \/>\n<meta property=\"og:image\" content=\"https:\/\/www.bordogna.com\/fr\/wp-content\/uploads\/sites\/3\/2024\/03\/Rivenditore-Ufficiale-EN-1.jpg\" \/>\n<meta name=\"twitter:card\" content=\"summary_large_image\" \/>\n<script type=\"application\/ld+json\" class=\"yoast-schema-graph\">{\"@context\":\"https:\/\/schema.org\",\"@graph\":[{\"@type\":\"WebPage\",\"@id\":\"https:\/\/www.bordogna.com\/fr\/revendeurs\/\",\"url\":\"https:\/\/www.bordogna.com\/fr\/revendeurs\/\",\"name\":\"Revendeurs - bordogna fr\",\"isPartOf\":{\"@id\":\"https:\/\/www.bordogna.com\/fr\/#website\"},\"primaryImageOfPage\":{\"@id\":\"https:\/\/www.bordogna.com\/fr\/revendeurs\/#primaryimage\"},\"image\":{\"@id\":\"https:\/\/www.bordogna.com\/fr\/revendeurs\/#primaryimage\"},\"thumbnailUrl\":\"https:\/\/www.bordogna.com\/fr\/wp-content\/uploads\/sites\/3\/2024\/03\/Rivenditore-Ufficiale-EN-1.jpg\",\"datePublished\":\"2024-03-21T09:18:57+00:00\",\"dateModified\":\"2024-03-22T09:47:40+00:00\",\"breadcrumb\":{\"@id\":\"https:\/\/www.bordogna.com\/fr\/revendeurs\/#breadcrumb\"},\"inLanguage\":\"fr-FR\",\"potentialAction\":[{\"@type\":\"ReadAction\",\"target\":[\"https:\/\/www.bordogna.com\/fr\/revendeurs\/\"]}]},{\"@type\":\"ImageObject\",\"inLanguage\":\"fr-FR\",\"@id\":\"https:\/\/www.bordogna.com\/fr\/revendeurs\/#primaryimage\",\"url\":\"https:\/\/www.bordogna.com\/fr\/wp-content\/uploads\/sites\/3\/2024\/03\/Rivenditore-Ufficiale-EN-1.jpg\",\"contentUrl\":\"https:\/\/www.bordogna.com\/fr\/wp-content\/uploads\/sites\/3\/2024\/03\/Rivenditore-Ufficiale-EN-1.jpg\",\"width\":200,\"height\":200},{\"@type\":\"BreadcrumbList\",\"@id\":\"https:\/\/www.bordogna.com\/fr\/revendeurs\/#breadcrumb\",\"itemListElement\":[{\"@type\":\"ListItem\",\"position\":1,\"name\":\"Home\",\"item\":\"https:\/\/www.bordogna.com\/fr\/\"},{\"@type\":\"ListItem\",\"position\":2,\"name\":\"Revendeurs\"}]},{\"@type\":\"WebSite\",\"@id\":\"https:\/\/www.bordogna.com\/fr\/#website\",\"url\":\"https:\/\/www.bordogna.com\/fr\/\",\"name\":\"bordogna fr\",\"description\":\"\",\"publisher\":{\"@id\":\"https:\/\/www.bordogna.com\/fr\/#organization\"},\"potentialAction\":[{\"@type\":\"SearchAction\",\"target\":{\"@type\":\"EntryPoint\",\"urlTemplate\":\"https:\/\/www.bordogna.com\/fr\/?s={search_term_string}\"},\"query-input\":\"required name=search_term_string\"}],\"inLanguage\":\"fr-FR\"},{\"@type\":\"Organization\",\"@id\":\"https:\/\/www.bordogna.com\/fr\/#organization\",\"name\":\"bordogna fr\",\"url\":\"https:\/\/www.bordogna.com\/fr\/\",\"logo\":{\"@type\":\"ImageObject\",\"inLanguage\":\"fr-FR\",\"@id\":\"https:\/\/www.bordogna.com\/fr\/#\/schema\/logo\/image\/\",\"url\":\"https:\/\/www.bordogna.com\/fr\/wp-content\/uploads\/sites\/3\/2022\/01\/logo-it.png\",\"contentUrl\":\"https:\/\/www.bordogna.com\/fr\/wp-content\/uploads\/sites\/3\/2022\/01\/logo-it.png\",\"width\":224,\"height\":106,\"caption\":\"bordogna fr\"},\"image\":{\"@id\":\"https:\/\/www.bordogna.com\/fr\/#\/schema\/logo\/image\/\"}}]}<\/script>\n<!-- \/ Yoast SEO plugin. -->","yoast_head_json":{"title":"Revendeurs - bordogna fr","robots":{"index":"index","follow":"follow","max-snippet":"max-snippet:-1","max-image-preview":"max-image-preview:large","max-video-preview":"max-video-preview:-1"},"canonical":"https:\/\/www.bordogna.com\/fr\/revendeurs\/","og_locale":"fr_FR","og_type":"article","og_title":"Revendeurs - bordogna fr","og_description":"Essayez la qualit\u00e9 de BORDOGNA. Bordogna coffres-forts peuvent \u00eatre achet\u00e9s par nos revendeurs officiels: magasins pr\u00e9sents dans le monde entire, o\u00f9 la gamme Bordogna est affich\u00e9 et o\u00f9 il est possible de v\u00e9rifier sa qualit\u00e9 et son style unique. Contactez notre \u00e9quipe \u00e0 l\u2019adresse suivante pour trouver le magasin le plus proche, o\u00f9 Bordogna coffres-forts&hellip; Poursuivre la lecture Revendeurs","og_url":"https:\/\/www.bordogna.com\/fr\/revendeurs\/","og_site_name":"bordogna fr","article_modified_time":"2024-03-22T09:47:40+00:00","og_image":[{"url":"https:\/\/www.bordogna.com\/fr\/wp-content\/uploads\/sites\/3\/2024\/03\/Rivenditore-Ufficiale-EN-1.jpg"}],"twitter_card":"summary_large_image","schema":{"@context":"https:\/\/schema.org","@graph":[{"@type":"WebPage","@id":"https:\/\/www.bordogna.com\/fr\/revendeurs\/","url":"https:\/\/www.bordogna.com\/fr\/revendeurs\/","name":"Revendeurs - bordogna fr","isPartOf":{"@id":"https:\/\/www.bordogna.com\/fr\/#website"},"primaryImageOfPage":{"@id":"https:\/\/www.bordogna.com\/fr\/revendeurs\/#primaryimage"},"image":{"@id":"https:\/\/www.bordogna.com\/fr\/revendeurs\/#primaryimage"},"thumbnailUrl":"https:\/\/www.bordogna.com\/fr\/wp-content\/uploads\/sites\/3\/2024\/03\/Rivenditore-Ufficiale-EN-1.jpg","datePublished":"2024-03-21T09:18:57+00:00","dateModified":"2024-03-22T09:47:40+00:00","breadcrumb":{"@id":"https:\/\/www.bordogna.com\/fr\/revendeurs\/#breadcrumb"},"inLanguage":"fr-FR","potentialAction":[{"@type":"ReadAction","target":["https:\/\/www.bordogna.com\/fr\/revendeurs\/"]}]},{"@type":"ImageObject","inLanguage":"fr-FR","@id":"https:\/\/www.bordogna.com\/fr\/revendeurs\/#primaryimage","url":"https:\/\/www.bordogna.com\/fr\/wp-content\/uploads\/sites\/3\/2024\/03\/Rivenditore-Ufficiale-EN-1.jpg","contentUrl":"https:\/\/www.bordogna.com\/fr\/wp-content\/uploads\/sites\/3\/2024\/03\/Rivenditore-Ufficiale-EN-1.jpg","width":200,"height":200},{"@type":"BreadcrumbList","@id":"https:\/\/www.bordogna.com\/fr\/revendeurs\/#breadcrumb","itemListElement":[{"@type":"ListItem","position":1,"name":"Home","item":"https:\/\/www.bordogna.com\/fr\/"},{"@type":"ListItem","position":2,"name":"Revendeurs"}]},{"@type":"WebSite","@id":"https:\/\/www.bordogna.com\/fr\/#website","url":"https:\/\/www.bordogna.com\/fr\/","name":"bordogna fr","description":"","publisher":{"@id":"https:\/\/www.bordogna.com\/fr\/#organization"},"potentialAction":[{"@type":"SearchAction","target":{"@type":"EntryPoint","urlTemplate":"https:\/\/www.bordogna.com\/fr\/?s={search_term_string}"},"query-input":"required name=search_term_string"}],"inLanguage":"fr-FR"},{"@type":"Organization","@id":"https:\/\/www.bordogna.com\/fr\/#organization","name":"bordogna fr","url":"https:\/\/www.bordogna.com\/fr\/","logo":{"@type":"ImageObject","inLanguage":"fr-FR","@id":"https:\/\/www.bordogna.com\/fr\/#\/schema\/logo\/image\/","url":"https:\/\/www.bordogna.com\/fr\/wp-content\/uploads\/sites\/3\/2022\/01\/logo-it.png","contentUrl":"https:\/\/www.bordogna.com\/fr\/wp-content\/uploads\/sites\/3\/2022\/01\/logo-it.png","width":224,"height":106,"caption":"bordogna fr"},"image":{"@id":"https:\/\/www.bordogna.com\/fr\/#\/schema\/logo\/image\/"}}]}},"_links":{"self":[{"href":"https:\/\/www.bordogna.com\/fr\/wp-json\/wp\/v2\/pages\/4729","targetHints":{"allow":["GET"]}}],"collection":[{"href":"https:\/\/www.bordogna.com\/fr\/wp-json\/wp\/v2\/pages"}],"about":[{"href":"https:\/\/www.bordogna.com\/fr\/wp-json\/wp\/v2\/types\/page"}],"author":[{"embeddable":true,"href":"https:\/\/www.bordogna.com\/fr\/wp-json\/wp\/v2\/users\/1"}],"replies":[{"embeddable":true,"href":"https:\/\/www.bordogna.com\/fr\/wp-json\/wp\/v2\/comments?post=4729"}],"version-history":[{"count":13,"href":"https:\/\/www.bordogna.com\/fr\/wp-json\/wp\/v2\/pages\/4729\/revisions"}],"predecessor-version":[{"id":4762,"href":"https:\/\/www.bordogna.com\/fr\/wp-json\/wp\/v2\/pages\/4729\/revisions\/4762"}],"wp:attachment":[{"href":"https:\/\/www.bordogna.com\/fr\/wp-json\/wp\/v2\/media?parent=4729"}],"curies":[{"name":"wp","href":"https:\/\/api.w.org\/{rel}","templated":true}]}}