{"id":47,"date":"2022-01-31T05:19:00","date_gmt":"2022-01-31T04:19:00","guid":{"rendered":"https:\/\/www.bordogna.com\/fr\/?page_id=47"},"modified":"2024-05-22T12:12:47","modified_gmt":"2024-05-22T10:12:47","slug":"contacts","status":"publish","type":"page","link":"https:\/\/www.bordogna.com\/fr\/contacts\/","title":{"rendered":"Contacts"},"content":{"rendered":"\t\t<div data-elementor-type=\"wp-page\" data-elementor-id=\"47\" class=\"elementor elementor-47\" data-elementor-post-type=\"page\">\n\t\t\t\t\t\t<section class=\"elementor-section elementor-top-section elementor-element elementor-element-2a3641e elementor-section-boxed elementor-section-height-default elementor-section-height-default\" data-id=\"2a3641e\" data-element_type=\"section\">\n\t\t\t\t\t\t<div class=\"elementor-container elementor-column-gap-no\">\n\t\t\t\t\t<div class=\"elementor-column elementor-col-100 elementor-top-column elementor-element elementor-element-3140fce\" data-id=\"3140fce\" data-element_type=\"column\">\n\t\t\t<div class=\"elementor-widget-wrap elementor-element-populated\">\n\t\t\t\t\t\t<div class=\"elementor-element elementor-element-eb5b6dd elementor-widget elementor-widget-shortcode\" data-id=\"eb5b6dd\" data-element_type=\"widget\" data-widget_type=\"shortcode.default\">\n\t\t\t\t<div class=\"elementor-widget-container\">\n\t\t\t\t\t<div class=\"elementor-shortcode\">\n\t<div class=\"breadcrumbs\">\n\t\t\t\t\t\t\t\t\t\t<a href=\"https:\/\/www.bordogna.com\/fr\">\n\t\t\t\tHome\t\t\t\t\t\t\t\t<\/a>\n\t\t\t\t\t\t\t\t\t\t\t\t\t\t\t<\/a>\n\t\t\t\t\t\t\t\t| <b>\n\t\t\t\tContacts\t\t\t\t\t\t\t\t<\/b>\n\t\t\t<\/div>\n\t<\/div>\n\t\t\t\t<\/div>\n\t\t\t\t<\/div>\n\t\t\t\t\t<\/div>\n\t\t<\/div>\n\t\t\t\t\t<\/div>\n\t\t<\/section>\n\t\t\t\t<section class=\"elementor-section elementor-top-section elementor-element elementor-element-884b70f contact-us-main elementor-section-boxed elementor-section-height-default elementor-section-height-default\" data-id=\"884b70f\" data-element_type=\"section\">\n\t\t\t\t\t\t<div class=\"elementor-container elementor-column-gap-default\">\n\t\t\t\t\t<div class=\"elementor-column elementor-col-100 elementor-top-column elementor-element elementor-element-98c38d8\" data-id=\"98c38d8\" data-element_type=\"column\">\n\t\t\t<div class=\"elementor-widget-wrap elementor-element-populated\">\n\t\t\t\t\t\t<section class=\"elementor-section elementor-inner-section elementor-element elementor-element-c6c4a3a elementor-section-boxed elementor-section-height-default elementor-section-height-default\" data-id=\"c6c4a3a\" data-element_type=\"section\">\n\t\t\t\t\t\t<div class=\"elementor-container elementor-column-gap-default\">\n\t\t\t\t\t<div class=\"elementor-column elementor-col-50 elementor-inner-column elementor-element elementor-element-2bd83ee\" data-id=\"2bd83ee\" data-element_type=\"column\">\n\t\t\t<div class=\"elementor-widget-wrap elementor-element-populated\">\n\t\t\t\t\t\t<div class=\"elementor-element elementor-element-f6a7beb elementor-widget elementor-widget-heading\" data-id=\"f6a7beb\" data-element_type=\"widget\" data-widget_type=\"heading.default\">\n\t\t\t\t<div class=\"elementor-widget-container\">\n\t\t\t<style>\/*! elementor - v3.20.0 - 20-03-2024 *\/\n.elementor-heading-title{padding:0;margin:0;line-height:1}.elementor-widget-heading .elementor-heading-title[class*=elementor-size-]>a{color:inherit;font-size:inherit;line-height:inherit}.elementor-widget-heading .elementor-heading-title.elementor-size-small{font-size:15px}.elementor-widget-heading .elementor-heading-title.elementor-size-medium{font-size:19px}.elementor-widget-heading .elementor-heading-title.elementor-size-large{font-size:29px}.elementor-widget-heading .elementor-heading-title.elementor-size-xl{font-size:39px}.elementor-widget-heading .elementor-heading-title.elementor-size-xxl{font-size:59px}<\/style><h1 class=\"elementor-heading-title elementor-size-default\">Contacts<\/h1>\t\t<\/div>\n\t\t\t\t<\/div>\n\t\t\t\t<div class=\"elementor-element elementor-element-f3cee0e elementor-widget elementor-widget-text-editor\" data-id=\"f3cee0e\" data-element_type=\"widget\" data-widget_type=\"text-editor.default\">\n\t\t\t\t<div class=\"elementor-widget-container\">\n\t\t\t<style>\/*! elementor - v3.20.0 - 20-03-2024 *\/\n.elementor-widget-text-editor.elementor-drop-cap-view-stacked .elementor-drop-cap{background-color:#69727d;color:#fff}.elementor-widget-text-editor.elementor-drop-cap-view-framed .elementor-drop-cap{color:#69727d;border:3px solid;background-color:transparent}.elementor-widget-text-editor:not(.elementor-drop-cap-view-default) .elementor-drop-cap{margin-top:8px}.elementor-widget-text-editor:not(.elementor-drop-cap-view-default) .elementor-drop-cap-letter{width:1em;height:1em}.elementor-widget-text-editor .elementor-drop-cap{float:left;text-align:center;line-height:1;font-size:50px}.elementor-widget-text-editor .elementor-drop-cap-letter{display:inline-block}<\/style>\t\t\t\t<table><tbody><tr><td><p><span style=\"font-weight: 400\">Pour plus d&#8217;informations sur nos produits et services, contactez le service client aux coordonn\u00e9es ci-dessous ou remplissez le formulaire. Vous serez contact\u00e9 dans les plus brefs d\u00e9lais par notre \u00e9quipe.<\/span><\/p><\/td><\/tr><\/tbody><\/table>\t\t\t\t\t\t<\/div>\n\t\t\t\t<\/div>\n\t\t\t\t<div class=\"elementor-element elementor-element-b103541 elementor-widget elementor-widget-text-editor\" data-id=\"b103541\" data-element_type=\"widget\" data-widget_type=\"text-editor.default\">\n\t\t\t\t<div class=\"elementor-widget-container\">\n\t\t\t\t\t\t\t<p><strong>Borgogna Coffres-forts<\/strong> Viale Europa, 37 <br \/>25036 Palazzolo sull&#8217;Oglio (BS) &#8211; Italia<\/p>\t\t\t\t\t\t<\/div>\n\t\t\t\t<\/div>\n\t\t\t\t<div class=\"elementor-element elementor-element-f67847c elementor-widget elementor-widget-text-editor\" data-id=\"f67847c\" data-element_type=\"widget\" data-widget_type=\"text-editor.default\">\n\t\t\t\t<div class=\"elementor-widget-container\">\n\t\t\t\t\t\t\t<p><span style=\"font-weight: 400;\">T\u00e9l\u00e9phone<\/span>: <a href=\"tel:+39 030 7406011\"><strong>+39 030 7406011<\/strong><\/a> <br \/>email: <a href=\"mailto:info@bordogna.com\"><strong><a href=\"mailto:web@bordogna.com\" target=\"_blank\" rel=\"noopener\">web@bordogna.com<\/a><\/strong><\/a><br \/>email PEC: <a href=\"mailto:bordognatrading@legalmail.it\"><strong>bordognatrading@legalmail.it<\/strong><\/a><\/p>\t\t\t\t\t\t<\/div>\n\t\t\t\t<\/div>\n\t\t\t\t\t<\/div>\n\t\t<\/div>\n\t\t\t\t<div class=\"elementor-column elementor-col-50 elementor-inner-column elementor-element elementor-element-354fb5b\" data-id=\"354fb5b\" data-element_type=\"column\" data-settings=\"{&quot;background_background&quot;:&quot;classic&quot;}\">\n\t\t\t<div class=\"elementor-widget-wrap elementor-element-populated\">\n\t\t\t\t\t\t<div class=\"elementor-element elementor-element-dac1d1d Request-information-main contact-us-page-form elementor-widget elementor-widget-formidable\" data-id=\"dac1d1d\" data-element_type=\"widget\" data-widget_type=\"formidable.default\">\n\t\t\t\t<div class=\"elementor-widget-container\">\n\t\t\t<div class=\"frm_forms  with_frm_style frm_style_stile-di-formidable\" id=\"frm_form_1_container\" >\n<form enctype=\"multipart\/form-data\" method=\"post\" class=\"frm-show-form  frm_js_validate  frm_ajax_submit  frm_pro_form \" id=\"form_contact-form\"  >\n<div class=\"frm_form_fields \">\n<fieldset>\n<legend class=\"frm_screen_reader\">Contact Us Page<\/legend>\r\n\r\n<div class=\"frm_fields_container\">\n<input type=\"hidden\" name=\"frm_action\" value=\"create\" \/>\n<input type=\"hidden\" name=\"form_id\" value=\"1\" \/>\n<input type=\"hidden\" name=\"frm_hide_fields_1\" id=\"frm_hide_fields_1\" value=\"\" \/>\n<input type=\"hidden\" name=\"form_key\" value=\"contact-form\" \/>\n<input type=\"hidden\" name=\"item_meta[0]\" value=\"\" \/>\n<input type=\"hidden\" id=\"frm_submit_entry_1\" name=\"frm_submit_entry_1\" value=\"d846c913d4\" \/><input type=\"hidden\" name=\"_wp_http_referer\" value=\"\/fr\/wp-json\/wp\/v2\/pages\/47\" \/><div id=\"frm_field_16_container\" class=\"frm_form_field frm_section_heading form-field  frm12 frm_first\">\r\n<h3 class=\"frm_pos_top frm_section_spacing\"><\/h3>\r\n\r\n\r\n<div id=\"frm_field_18_container\" class=\"frm_form_field form-field  frm_required_field frm_top_container frm6 frm_first\">\r\n    <label for=\"field_k6594\" id=\"field_k6594_label\" class=\"frm_primary_label\">Pr\u00e9nom\r\n        <span class=\"frm_required\" aria-hidden=\"true\">*<\/span>\r\n    <\/label>\r\n    <input type=\"text\" id=\"field_k6594\" name=\"item_meta[18]\" value=\"\"  data-sectionid=\"16\" data-reqmsg=\"Ce champ ne peut pas \u00eatre vide.\" aria-required=\"true\" data-invmsg=\"Text is invalid\" aria-invalid=\"false\"  \/>\r\n    \r\n    \r\n<\/div>\n<div id=\"frm_field_20_container\" class=\"frm_form_field form-field  frm_required_field frm_top_container frm6\">\r\n    <label for=\"field_umevf\" id=\"field_umevf_label\" class=\"frm_primary_label\">Nom de famille\r\n        <span class=\"frm_required\" aria-hidden=\"true\">*<\/span>\r\n    <\/label>\r\n    <input type=\"text\" id=\"field_umevf\" name=\"item_meta[20]\" value=\"\"  data-sectionid=\"16\" data-reqmsg=\"Ce champ ne peut pas \u00eatre vide.\" aria-required=\"true\" data-invmsg=\"Text is invalid\" aria-invalid=\"false\"  \/>\r\n    \r\n    \r\n<\/div>\n<div id=\"frm_field_32_container\" class=\"frm_form_field form-field  frm_required_field frm_top_container frm6 frm_first\">\r\n    <label for=\"field_upma8\" id=\"field_upma8_label\" class=\"frm_primary_label\">E-mail\r\n        <span class=\"frm_required\" aria-hidden=\"true\">*<\/span>\r\n    <\/label>\r\n    <input type=\"email\" id=\"field_upma8\" name=\"item_meta[32]\" value=\"\"  data-sectionid=\"16\" data-reqmsg=\"Ce champ ne peut pas \u00eatre vide.\" aria-required=\"true\" data-invmsg=\"L&#039;e-mail n&#039;est pas valide\" aria-invalid=\"false\"  \/>\r\n    \r\n    \r\n<\/div>\n<div id=\"frm_field_21_container\" class=\"frm_form_field form-field  frm_top_container frm6\">\r\n    <label for=\"field_dqdq3\" id=\"field_dqdq3_label\" class=\"frm_primary_label\">T\u00e9l\u00e9phone (facultatif)\r\n        <span class=\"frm_required\" aria-hidden=\"true\"><\/span>\r\n    <\/label>\r\n    <input type=\"tel\" id=\"field_dqdq3\" name=\"item_meta[21]\" value=\"\"  data-sectionid=\"16\" data-invmsg=\"Le t\u00e9l\u00e9phone n&#039;est pas valide\" aria-invalid=\"false\" pattern=\"((\\+\\d{1,3}(-|.| )?\\(?\\d\\)?(-| |.)?\\d{1,5})|(\\(?\\d{2,6}\\)?))(-|.| )?(\\d{3,4})(-|.| )?(\\d{4})(( x| ext)\\d{1,5}){0,1}$\"  \/>\r\n    \r\n    \r\n<\/div>\n<div id=\"frm_field_60_container\" class=\"frm_form_field form-field  frm_required_field frm_top_container frm6 frm_first\">\r\n    <label for=\"field_zp5je\" id=\"field_zp5je_label\" class=\"frm_primary_label\">Typologie\r\n        <span class=\"frm_required\" aria-hidden=\"true\">*<\/span>\r\n    <\/label>\r\n    \t\t<select name=\"item_meta[60]\" id=\"field_zp5je\"  data-sectionid=\"16\" data-reqmsg=\"Ce champ ne peut pas \u00eatre vide.\" aria-required=\"true\" data-invmsg=\"Typologie est non valide\" aria-invalid=\"false\"  >\n\t\t<option  value=\"Priv\u00e9\">Priv\u00e9<\/option><option  value=\"Entreprise\">Entreprise<\/option>\t<\/select>\n\t\r\n    \r\n    \r\n<\/div>\n<div id=\"frm_field_61_container\" class=\"frm_form_field form-field  frm_required_field frm_top_container frm6\">\r\n    <label for=\"field_87oi5\" id=\"field_87oi5_label\" class=\"frm_primary_label\">Nom de l'entreprise\r\n        <span class=\"frm_required\" aria-hidden=\"true\">*<\/span>\r\n    <\/label>\r\n    <input type=\"text\" id=\"field_87oi5\" name=\"item_meta[61]\" value=\"\"  data-sectionid=\"16\" data-reqmsg=\"Ce champ ne peut pas \u00eatre vide.\" aria-required=\"true\" data-invmsg=\"Nom de l&#039;entreprise est non valide\" aria-invalid=\"false\"  \/>\r\n    \r\n    \r\n<\/div>\n<div id=\"frm_field_62_container\" class=\"frm_form_field form-field  frm_top_container\">\r\n    <label for=\"field_fqbo1\" id=\"field_fqbo1_label\" class=\"frm_primary_label\">Adresse\r\n        <span class=\"frm_required\" aria-hidden=\"true\"><\/span>\r\n    <\/label>\r\n    <input type=\"text\" id=\"field_fqbo1\" name=\"item_meta[62]\" value=\"\"  data-sectionid=\"16\" data-invmsg=\"Adresse est non valide\" aria-invalid=\"false\"  \/>\r\n    \r\n    \r\n<\/div>\n<div id=\"frm_field_63_container\" class=\"frm_form_field form-field  frm_required_field frm_top_container frm6 frm_first\">\r\n    <label for=\"field_2w19y\" id=\"field_2w19y_label\" class=\"frm_primary_label\">Ville\r\n        <span class=\"frm_required\" aria-hidden=\"true\">*<\/span>\r\n    <\/label>\r\n    <input type=\"text\" id=\"field_2w19y\" name=\"item_meta[63]\" value=\"\"  data-sectionid=\"16\" data-reqmsg=\"Ce champ ne peut pas \u00eatre vide.\" aria-required=\"true\" data-invmsg=\"Ville est non valide\" aria-invalid=\"false\"  \/>\r\n    \r\n    \r\n<\/div>\n<div id=\"frm_field_64_container\" class=\"frm_form_field form-field  frm_top_container frm6\">\r\n    <label for=\"field_9iq5l\" id=\"field_9iq5l_label\" class=\"frm_primary_label\">Province\r\n        <span class=\"frm_required\" aria-hidden=\"true\"><\/span>\r\n    <\/label>\r\n    <input type=\"text\" id=\"field_9iq5l\" name=\"item_meta[64]\" value=\"\"  data-sectionid=\"16\" data-invmsg=\"Province est non valide\" aria-invalid=\"false\"  \/>\r\n    \r\n    \r\n<\/div>\n<div id=\"frm_field_25_container\" class=\"frm_form_field form-field  frm_required_field frm_top_container frm12 frm_first\">\r\n    <label for=\"field_2hcjw\" id=\"field_2hcjw_label\" class=\"frm_primary_label\">Message\r\n        <span class=\"frm_required\" aria-hidden=\"true\">*<\/span>\r\n    <\/label>\r\n    <textarea name=\"item_meta[25]\" id=\"field_2hcjw\"  data-sectionid=\"16\" data-reqmsg=\"Ce champ ne peut pas \u00eatre vide.\" aria-required=\"true\" data-invmsg=\"Le message n&#039;est pas valide\" aria-invalid=\"false\"  ><\/textarea>\r\n    \r\n    \r\n<\/div>\n<\/div>\n<div id=\"frm_field_31_container\" class=\"frm_form_field form-field  frm_required_field frm_top_container custom-checkbox  frm12 vertical_radio\">\r\n    <div  id=\"field_i31fz_label\" class=\"frm_primary_label\">\r\n        <span class=\"frm_required\" aria-hidden=\"true\">*<\/span>\r\n    <\/div>\r\n    <div class=\"frm_opt_container\" aria-labelledby=\"field_i31fz_label\" role=\"group\">\t\t<div class=\"frm_checkbox\" id=\"frm_checkbox_31-0\"><label for=\"field_i31fz-0\"><input type=\"checkbox\" name=\"item_meta[31][]\" id=\"field_i31fz-0\" value=\"J&#039;ai lu et j&#039;accepte  &lt;a target=&quot;_blank&quot; href=&quot;https:\/\/www.iubenda.com\/privacy-policy\/15772999&quot;&gt;la politique de confidentialit\u00e9&lt;\/a&gt;\"  data-reqmsg=\"Ce champ ne peut pas \u00eatre vide.\" data-invmsg=\"This field est non valide\" aria-invalid=\"false\"   aria-required=\"true\"  \/> J'ai lu et j'accepte  <a target=\"_blank\" href=\"https:\/\/www.iubenda.com\/privacy-policy\/15772999\">la politique de confidentialit\u00e9<\/a><\/label><\/div>\n<\/div>\r\n    \r\n    \r\n<\/div>\n<div id=\"frm_field_53_container\" class=\"frm_form_field form-field  frm_none_container frm12 custom-captcha\">\r\n    <label for=\"g-recaptcha-response\" id=\"field_vy88a_label\" class=\"frm_primary_label\">Captcha\r\n        <span class=\"frm_required\" aria-hidden=\"true\"><\/span>\r\n    <\/label>\r\n    <div id=\"field_vy88a\" class=\"frm-g-recaptcha\" data-sitekey=\"6LdMJKApAAAAAP2d7r_YYALyHn1qcB4-MJ_FKo0I\" data-size=\"invisible\" data-theme=\"light\"><\/div>\r\n    \r\n    \r\n<\/div>\n\t<input type=\"hidden\" name=\"item_key\" value=\"\" \/>\n\t\t\t\t<div class=\"frm__653a0785d0707\">\n\t\t\t\t<label for=\"frm_email_1\" >\n\t\t\t\t\tSi vous \u00eates un humain, ne remplissez pas ce champ.\t\t\t\t<\/label>\n\t\t\t\t<input  id=\"frm_email_1\" type=\"text\" class=\"frm_verify\" name=\"frm__653a0785d0707\" value=\"\" autocomplete=\"false\"  \/>\n\t\t\t<\/div>\n\t\t<input name=\"frm_state\" type=\"hidden\" value=\"avW+YN8MZ8PFk9ibeIWHhovu8wTtFG92IgfefJomxWM=\" \/><div class=\"frm_submit\">\r\n\r\n<button class=\"frm_button_submit frm_final_submit has-text-color has-background\" type=\"submit\"   formnovalidate=\"formnovalidate\">Envoyer le message<\/button>\r\n\r\n<\/div><\/div>\n<\/fieldset>\n<\/div>\n<\/form>\n<\/div>\n\t\t<\/div>\n\t\t\t\t<\/div>\n\t\t\t\t\t<\/div>\n\t\t<\/div>\n\t\t\t\t\t<\/div>\n\t\t<\/section>\n\t\t\t\t\t<\/div>\n\t\t<\/div>\n\t\t\t\t\t<\/div>\n\t\t<\/section>\n\t\t\t\t<section class=\"elementor-section elementor-top-section elementor-element elementor-element-106344c elementor-section-full_width contact-us-map elementor-section-height-default elementor-section-height-default\" data-id=\"106344c\" data-element_type=\"section\">\n\t\t\t\t\t\t<div class=\"elementor-container elementor-column-gap-no\">\n\t\t\t\t\t<div class=\"elementor-column elementor-col-100 elementor-top-column elementor-element elementor-element-3683b1c\" data-id=\"3683b1c\" data-element_type=\"column\">\n\t\t\t<div class=\"elementor-widget-wrap elementor-element-populated\">\n\t\t\t\t\t\t<section class=\"elementor-section elementor-inner-section elementor-element elementor-element-1173e32 elementor-section-full_width elementor-section-height-default elementor-section-height-default\" data-id=\"1173e32\" data-element_type=\"section\">\n\t\t\t\t\t\t<div class=\"elementor-container elementor-column-gap-no\">\n\t\t\t\t\t<div class=\"elementor-column elementor-col-100 elementor-inner-column elementor-element elementor-element-1c01569\" data-id=\"1c01569\" data-element_type=\"column\">\n\t\t\t<div class=\"elementor-widget-wrap elementor-element-populated\">\n\t\t\t\t\t\t\t<\/div>\n\t\t<\/div>\n\t\t\t\t\t<\/div>\n\t\t<\/section>\n\t\t\t\t\t<\/div>\n\t\t<\/div>\n\t\t\t\t\t<\/div>\n\t\t<\/section>\n\t\t\t\t<\/div>\n\t\t","protected":false},"excerpt":{"rendered":"<p>Contacts Pour plus d&#8217;informations sur nos produits et services, contactez le service client aux coordonn\u00e9es ci-dessous ou remplissez le formulaire. Vous serez contact\u00e9 dans les plus brefs d\u00e9lais par notre \u00e9quipe. Borgogna Coffres-forts Viale Europa, 37 25036 Palazzolo sull&#8217;Oglio (BS) &#8211; Italia T\u00e9l\u00e9phone: +39 030 7406011 email: web@bordogna.comemail PEC: bordognatrading@legalmail.it Contact Us Page Pr\u00e9nom *&hellip; <a class=\"more-link\" href=\"https:\/\/www.bordogna.com\/fr\/contacts\/\">Poursuivre la lecture <span class=\"screen-reader-text\">Contacts<\/span><\/a><\/p>\n","protected":false},"author":2,"featured_media":0,"parent":0,"menu_order":0,"comment_status":"closed","ping_status":"closed","template":"elementor_header_footer","meta":{"_acf_changed":false,"inline_featured_image":false,"footnotes":""},"class_list":["post-47","page","type-page","status-publish","hentry","entry"],"acf":[],"yoast_head":"<!-- This site is optimized with the Yoast SEO plugin v22.6 - https:\/\/yoast.com\/wordpress\/plugins\/seo\/ -->\n<title>Contacts - bordogna fr<\/title>\n<meta name=\"robots\" content=\"index, follow, max-snippet:-1, max-image-preview:large, max-video-preview:-1\" \/>\n<link rel=\"canonical\" href=\"https:\/\/www.bordogna.com\/fr\/contacts\/\" \/>\n<meta property=\"og:locale\" content=\"fr_FR\" \/>\n<meta property=\"og:type\" content=\"article\" \/>\n<meta property=\"og:title\" content=\"Contacts - bordogna fr\" \/>\n<meta property=\"og:description\" content=\"Contacts Pour plus d&#8217;informations sur nos produits et services, contactez le service client aux coordonn\u00e9es ci-dessous ou remplissez le formulaire. Vous serez contact\u00e9 dans les plus brefs d\u00e9lais par notre \u00e9quipe. Borgogna Coffres-forts Viale Europa, 37 25036 Palazzolo sull&#8217;Oglio (BS) &#8211; Italia T\u00e9l\u00e9phone: +39 030 7406011 email: web@bordogna.comemail PEC: bordognatrading@legalmail.it Contact Us Page Pr\u00e9nom *&hellip; Poursuivre la lecture Contacts\" \/>\n<meta property=\"og:url\" content=\"https:\/\/www.bordogna.com\/fr\/contacts\/\" \/>\n<meta property=\"og:site_name\" content=\"bordogna fr\" \/>\n<meta property=\"article:modified_time\" content=\"2024-05-22T10:12:47+00:00\" \/>\n<meta name=\"twitter:card\" content=\"summary_large_image\" \/>\n<meta name=\"twitter:label1\" content=\"Dur\u00e9e de lecture estim\u00e9e\" \/>\n\t<meta name=\"twitter:data1\" content=\"1 minute\" \/>\n<script type=\"application\/ld+json\" class=\"yoast-schema-graph\">{\"@context\":\"https:\/\/schema.org\",\"@graph\":[{\"@type\":\"WebPage\",\"@id\":\"https:\/\/www.bordogna.com\/fr\/contacts\/\",\"url\":\"https:\/\/www.bordogna.com\/fr\/contacts\/\",\"name\":\"Contacts - bordogna fr\",\"isPartOf\":{\"@id\":\"https:\/\/www.bordogna.com\/fr\/#website\"},\"datePublished\":\"2022-01-31T04:19:00+00:00\",\"dateModified\":\"2024-05-22T10:12:47+00:00\",\"breadcrumb\":{\"@id\":\"https:\/\/www.bordogna.com\/fr\/contacts\/#breadcrumb\"},\"inLanguage\":\"fr-FR\",\"potentialAction\":[{\"@type\":\"ReadAction\",\"target\":[\"https:\/\/www.bordogna.com\/fr\/contacts\/\"]}]},{\"@type\":\"BreadcrumbList\",\"@id\":\"https:\/\/www.bordogna.com\/fr\/contacts\/#breadcrumb\",\"itemListElement\":[{\"@type\":\"ListItem\",\"position\":1,\"name\":\"Home\",\"item\":\"https:\/\/www.bordogna.com\/fr\/\"},{\"@type\":\"ListItem\",\"position\":2,\"name\":\"Contacts\"}]},{\"@type\":\"WebSite\",\"@id\":\"https:\/\/www.bordogna.com\/fr\/#website\",\"url\":\"https:\/\/www.bordogna.com\/fr\/\",\"name\":\"bordogna fr\",\"description\":\"\",\"publisher\":{\"@id\":\"https:\/\/www.bordogna.com\/fr\/#organization\"},\"potentialAction\":[{\"@type\":\"SearchAction\",\"target\":{\"@type\":\"EntryPoint\",\"urlTemplate\":\"https:\/\/www.bordogna.com\/fr\/?s={search_term_string}\"},\"query-input\":\"required name=search_term_string\"}],\"inLanguage\":\"fr-FR\"},{\"@type\":\"Organization\",\"@id\":\"https:\/\/www.bordogna.com\/fr\/#organization\",\"name\":\"bordogna fr\",\"url\":\"https:\/\/www.bordogna.com\/fr\/\",\"logo\":{\"@type\":\"ImageObject\",\"inLanguage\":\"fr-FR\",\"@id\":\"https:\/\/www.bordogna.com\/fr\/#\/schema\/logo\/image\/\",\"url\":\"https:\/\/www.bordogna.com\/fr\/wp-content\/uploads\/sites\/3\/2022\/01\/logo-it.png\",\"contentUrl\":\"https:\/\/www.bordogna.com\/fr\/wp-content\/uploads\/sites\/3\/2022\/01\/logo-it.png\",\"width\":224,\"height\":106,\"caption\":\"bordogna fr\"},\"image\":{\"@id\":\"https:\/\/www.bordogna.com\/fr\/#\/schema\/logo\/image\/\"}}]}<\/script>\n<!-- \/ Yoast SEO plugin. -->","yoast_head_json":{"title":"Contacts - bordogna fr","robots":{"index":"index","follow":"follow","max-snippet":"max-snippet:-1","max-image-preview":"max-image-preview:large","max-video-preview":"max-video-preview:-1"},"canonical":"https:\/\/www.bordogna.com\/fr\/contacts\/","og_locale":"fr_FR","og_type":"article","og_title":"Contacts - bordogna fr","og_description":"Contacts Pour plus d&#8217;informations sur nos produits et services, contactez le service client aux coordonn\u00e9es ci-dessous ou remplissez le formulaire. Vous serez contact\u00e9 dans les plus brefs d\u00e9lais par notre \u00e9quipe. Borgogna Coffres-forts Viale Europa, 37 25036 Palazzolo sull&#8217;Oglio (BS) &#8211; Italia T\u00e9l\u00e9phone: +39 030 7406011 email: web@bordogna.comemail PEC: bordognatrading@legalmail.it Contact Us Page Pr\u00e9nom *&hellip; Poursuivre la lecture Contacts","og_url":"https:\/\/www.bordogna.com\/fr\/contacts\/","og_site_name":"bordogna fr","article_modified_time":"2024-05-22T10:12:47+00:00","twitter_card":"summary_large_image","twitter_misc":{"Dur\u00e9e de lecture estim\u00e9e":"1 minute"},"schema":{"@context":"https:\/\/schema.org","@graph":[{"@type":"WebPage","@id":"https:\/\/www.bordogna.com\/fr\/contacts\/","url":"https:\/\/www.bordogna.com\/fr\/contacts\/","name":"Contacts - bordogna fr","isPartOf":{"@id":"https:\/\/www.bordogna.com\/fr\/#website"},"datePublished":"2022-01-31T04:19:00+00:00","dateModified":"2024-05-22T10:12:47+00:00","breadcrumb":{"@id":"https:\/\/www.bordogna.com\/fr\/contacts\/#breadcrumb"},"inLanguage":"fr-FR","potentialAction":[{"@type":"ReadAction","target":["https:\/\/www.bordogna.com\/fr\/contacts\/"]}]},{"@type":"BreadcrumbList","@id":"https:\/\/www.bordogna.com\/fr\/contacts\/#breadcrumb","itemListElement":[{"@type":"ListItem","position":1,"name":"Home","item":"https:\/\/www.bordogna.com\/fr\/"},{"@type":"ListItem","position":2,"name":"Contacts"}]},{"@type":"WebSite","@id":"https:\/\/www.bordogna.com\/fr\/#website","url":"https:\/\/www.bordogna.com\/fr\/","name":"bordogna fr","description":"","publisher":{"@id":"https:\/\/www.bordogna.com\/fr\/#organization"},"potentialAction":[{"@type":"SearchAction","target":{"@type":"EntryPoint","urlTemplate":"https:\/\/www.bordogna.com\/fr\/?s={search_term_string}"},"query-input":"required name=search_term_string"}],"inLanguage":"fr-FR"},{"@type":"Organization","@id":"https:\/\/www.bordogna.com\/fr\/#organization","name":"bordogna fr","url":"https:\/\/www.bordogna.com\/fr\/","logo":{"@type":"ImageObject","inLanguage":"fr-FR","@id":"https:\/\/www.bordogna.com\/fr\/#\/schema\/logo\/image\/","url":"https:\/\/www.bordogna.com\/fr\/wp-content\/uploads\/sites\/3\/2022\/01\/logo-it.png","contentUrl":"https:\/\/www.bordogna.com\/fr\/wp-content\/uploads\/sites\/3\/2022\/01\/logo-it.png","width":224,"height":106,"caption":"bordogna fr"},"image":{"@id":"https:\/\/www.bordogna.com\/fr\/#\/schema\/logo\/image\/"}}]}},"_links":{"self":[{"href":"https:\/\/www.bordogna.com\/fr\/wp-json\/wp\/v2\/pages\/47","targetHints":{"allow":["GET"]}}],"collection":[{"href":"https:\/\/www.bordogna.com\/fr\/wp-json\/wp\/v2\/pages"}],"about":[{"href":"https:\/\/www.bordogna.com\/fr\/wp-json\/wp\/v2\/types\/page"}],"author":[{"embeddable":true,"href":"https:\/\/www.bordogna.com\/fr\/wp-json\/wp\/v2\/users\/2"}],"replies":[{"embeddable":true,"href":"https:\/\/www.bordogna.com\/fr\/wp-json\/wp\/v2\/comments?post=47"}],"version-history":[{"count":104,"href":"https:\/\/www.bordogna.com\/fr\/wp-json\/wp\/v2\/pages\/47\/revisions"}],"predecessor-version":[{"id":4782,"href":"https:\/\/www.bordogna.com\/fr\/wp-json\/wp\/v2\/pages\/47\/revisions\/4782"}],"wp:attachment":[{"href":"https:\/\/www.bordogna.com\/fr\/wp-json\/wp\/v2\/media?parent=47"}],"curies":[{"name":"wp","href":"https:\/\/api.w.org\/{rel}","templated":true}]}}