{"id":2983,"date":"2023-06-27T09:56:19","date_gmt":"2023-06-27T07:56:19","guid":{"rendered":"https:\/\/www.bordogna.com\/es\/?post_type=product&#038;p=2983"},"modified":"2024-02-29T09:22:03","modified_gmt":"2024-02-29T08:22:03","slug":"giove","status":"publish","type":"product","link":"https:\/\/www.bordogna.com\/es\/products\/giove\/","title":{"rendered":"GIOVE"},"content":{"rendered":"","protected":false},"excerpt":{"rendered":"<p>La serie de cajas fuertes GIOVE, cajas fuertes certificadas EN 1143-1 Nivel V, est\u00e1 dise\u00f1ada para proporcionar una protecci\u00f3n de seguridad extrema en entornos dom\u00e9sticos y comerciales gracias<br \/>\na la construcci\u00f3n de doble pared con relleno de hormig\u00f3n, placas antitaladro y rebloqueo autom\u00e1tico.<\/p>\n","protected":false},"featured_media":2985,"comment_status":"open","ping_status":"closed","template":"","meta":{"_acf_changed":false,"inline_featured_image":false},"product_cat":[22,24,26,29],"product_tag":[],"class_list":{"0":"post-2983","1":"product","2":"type-product","3":"status-publish","4":"has-post-thumbnail","6":"product_cat-productos-para-oficinas-y-almacenamiento-de-documentos","7":"product_cat-cajas-fuertes-para-bares-restaurantes-y-comercios","8":"product_cat-cajas-fuertes-para-joyeros","9":"product_cat-cajas-fuertes","10":"entry","12":"first","13":"instock","14":"shipping-taxable","15":"product-type-simple"},"acf":[],"yoast_head":"<!-- This site is optimized with the Yoast SEO plugin v22.6 - https:\/\/yoast.com\/wordpress\/plugins\/seo\/ -->\n<title>GIOVE - bordogna es<\/title>\n<meta name=\"robots\" content=\"index, follow, max-snippet:-1, max-image-preview:large, max-video-preview:-1\" \/>\n<link rel=\"canonical\" href=\"https:\/\/www.bordogna.com\/es\/products\/giove\/\" \/>\n<meta property=\"og:locale\" content=\"es_ES\" \/>\n<meta property=\"og:type\" content=\"article\" \/>\n<meta property=\"og:title\" content=\"GIOVE - bordogna es\" \/>\n<meta property=\"og:description\" content=\"La serie de cajas fuertes GIOVE, cajas fuertes certificadas EN 1143-1 Nivel V, est\u00e1 dise\u00f1ada para proporcionar una protecci\u00f3n de seguridad extrema en entornos dom\u00e9sticos y comerciales gracias a la construcci\u00f3n de doble pared con relleno de hormig\u00f3n, placas antitaladro y rebloqueo autom\u00e1tico.\" \/>\n<meta property=\"og:url\" content=\"https:\/\/www.bordogna.com\/es\/products\/giove\/\" \/>\n<meta property=\"og:site_name\" content=\"bordogna es\" \/>\n<meta property=\"article:modified_time\" content=\"2024-02-29T08:22:03+00:00\" \/>\n<meta property=\"og:image\" content=\"https:\/\/www.bordogna.com\/es\/wp-content\/uploads\/sites\/4\/2023\/06\/Giove-74-aperta.jpg\" \/>\n\t<meta property=\"og:image:width\" content=\"1000\" \/>\n\t<meta property=\"og:image:height\" content=\"1691\" \/>\n\t<meta property=\"og:image:type\" content=\"image\/jpeg\" \/>\n<meta name=\"twitter:card\" content=\"summary_large_image\" \/>\n<script type=\"application\/ld+json\" class=\"yoast-schema-graph\">{\"@context\":\"https:\/\/schema.org\",\"@graph\":[{\"@type\":\"WebPage\",\"@id\":\"https:\/\/www.bordogna.com\/es\/products\/giove\/\",\"url\":\"https:\/\/www.bordogna.com\/es\/products\/giove\/\",\"name\":\"GIOVE - bordogna es\",\"isPartOf\":{\"@id\":\"https:\/\/www.bordogna.com\/es\/#website\"},\"primaryImageOfPage\":{\"@id\":\"https:\/\/www.bordogna.com\/es\/products\/giove\/#primaryimage\"},\"image\":{\"@id\":\"https:\/\/www.bordogna.com\/es\/products\/giove\/#primaryimage\"},\"thumbnailUrl\":\"https:\/\/www.bordogna.com\/es\/wp-content\/uploads\/sites\/4\/2023\/06\/Giove-74-aperta.jpg\",\"datePublished\":\"2023-06-27T07:56:19+00:00\",\"dateModified\":\"2024-02-29T08:22:03+00:00\",\"breadcrumb\":{\"@id\":\"https:\/\/www.bordogna.com\/es\/products\/giove\/#breadcrumb\"},\"inLanguage\":\"es\",\"potentialAction\":[{\"@type\":\"ReadAction\",\"target\":[\"https:\/\/www.bordogna.com\/es\/products\/giove\/\"]}]},{\"@type\":\"ImageObject\",\"inLanguage\":\"es\",\"@id\":\"https:\/\/www.bordogna.com\/es\/products\/giove\/#primaryimage\",\"url\":\"https:\/\/www.bordogna.com\/es\/wp-content\/uploads\/sites\/4\/2023\/06\/Giove-74-aperta.jpg\",\"contentUrl\":\"https:\/\/www.bordogna.com\/es\/wp-content\/uploads\/sites\/4\/2023\/06\/Giove-74-aperta.jpg\",\"width\":1000,\"height\":1691},{\"@type\":\"BreadcrumbList\",\"@id\":\"https:\/\/www.bordogna.com\/es\/products\/giove\/#breadcrumb\",\"itemListElement\":[{\"@type\":\"ListItem\",\"position\":1,\"name\":\"Home\",\"item\":\"https:\/\/www.bordogna.com\/es\/\"},{\"@type\":\"ListItem\",\"position\":2,\"name\":\"Shop\",\"item\":\"https:\/\/www.bordogna.com\/es\/shop\/\"},{\"@type\":\"ListItem\",\"position\":3,\"name\":\"GIOVE\"}]},{\"@type\":\"WebSite\",\"@id\":\"https:\/\/www.bordogna.com\/es\/#website\",\"url\":\"https:\/\/www.bordogna.com\/es\/\",\"name\":\"bordogna es\",\"description\":\"\",\"publisher\":{\"@id\":\"https:\/\/www.bordogna.com\/es\/#organization\"},\"potentialAction\":[{\"@type\":\"SearchAction\",\"target\":{\"@type\":\"EntryPoint\",\"urlTemplate\":\"https:\/\/www.bordogna.com\/es\/?s={search_term_string}\"},\"query-input\":\"required name=search_term_string\"}],\"inLanguage\":\"es\"},{\"@type\":\"Organization\",\"@id\":\"https:\/\/www.bordogna.com\/es\/#organization\",\"name\":\"bordogna es\",\"url\":\"https:\/\/www.bordogna.com\/es\/\",\"logo\":{\"@type\":\"ImageObject\",\"inLanguage\":\"es\",\"@id\":\"https:\/\/www.bordogna.com\/es\/#\/schema\/logo\/image\/\",\"url\":\"https:\/\/www.bordogna.com\/es\/wp-content\/uploads\/sites\/4\/2022\/01\/logo-it.png\",\"contentUrl\":\"https:\/\/www.bordogna.com\/es\/wp-content\/uploads\/sites\/4\/2022\/01\/logo-it.png\",\"width\":224,\"height\":106,\"caption\":\"bordogna es\"},\"image\":{\"@id\":\"https:\/\/www.bordogna.com\/es\/#\/schema\/logo\/image\/\"}}]}<\/script>\n<!-- \/ Yoast SEO plugin. -->","yoast_head_json":{"title":"GIOVE - bordogna es","robots":{"index":"index","follow":"follow","max-snippet":"max-snippet:-1","max-image-preview":"max-image-preview:large","max-video-preview":"max-video-preview:-1"},"canonical":"https:\/\/www.bordogna.com\/es\/products\/giove\/","og_locale":"es_ES","og_type":"article","og_title":"GIOVE - bordogna es","og_description":"La serie de cajas fuertes GIOVE, cajas fuertes certificadas EN 1143-1 Nivel V, est\u00e1 dise\u00f1ada para proporcionar una protecci\u00f3n de seguridad extrema en entornos dom\u00e9sticos y comerciales gracias a la construcci\u00f3n de doble pared con relleno de hormig\u00f3n, placas antitaladro y rebloqueo autom\u00e1tico.","og_url":"https:\/\/www.bordogna.com\/es\/products\/giove\/","og_site_name":"bordogna es","article_modified_time":"2024-02-29T08:22:03+00:00","og_image":[{"width":1000,"height":1691,"url":"https:\/\/www.bordogna.com\/es\/wp-content\/uploads\/sites\/4\/2023\/06\/Giove-74-aperta.jpg","type":"image\/jpeg"}],"twitter_card":"summary_large_image","schema":{"@context":"https:\/\/schema.org","@graph":[{"@type":"WebPage","@id":"https:\/\/www.bordogna.com\/es\/products\/giove\/","url":"https:\/\/www.bordogna.com\/es\/products\/giove\/","name":"GIOVE - bordogna es","isPartOf":{"@id":"https:\/\/www.bordogna.com\/es\/#website"},"primaryImageOfPage":{"@id":"https:\/\/www.bordogna.com\/es\/products\/giove\/#primaryimage"},"image":{"@id":"https:\/\/www.bordogna.com\/es\/products\/giove\/#primaryimage"},"thumbnailUrl":"https:\/\/www.bordogna.com\/es\/wp-content\/uploads\/sites\/4\/2023\/06\/Giove-74-aperta.jpg","datePublished":"2023-06-27T07:56:19+00:00","dateModified":"2024-02-29T08:22:03+00:00","breadcrumb":{"@id":"https:\/\/www.bordogna.com\/es\/products\/giove\/#breadcrumb"},"inLanguage":"es","potentialAction":[{"@type":"ReadAction","target":["https:\/\/www.bordogna.com\/es\/products\/giove\/"]}]},{"@type":"ImageObject","inLanguage":"es","@id":"https:\/\/www.bordogna.com\/es\/products\/giove\/#primaryimage","url":"https:\/\/www.bordogna.com\/es\/wp-content\/uploads\/sites\/4\/2023\/06\/Giove-74-aperta.jpg","contentUrl":"https:\/\/www.bordogna.com\/es\/wp-content\/uploads\/sites\/4\/2023\/06\/Giove-74-aperta.jpg","width":1000,"height":1691},{"@type":"BreadcrumbList","@id":"https:\/\/www.bordogna.com\/es\/products\/giove\/#breadcrumb","itemListElement":[{"@type":"ListItem","position":1,"name":"Home","item":"https:\/\/www.bordogna.com\/es\/"},{"@type":"ListItem","position":2,"name":"Shop","item":"https:\/\/www.bordogna.com\/es\/shop\/"},{"@type":"ListItem","position":3,"name":"GIOVE"}]},{"@type":"WebSite","@id":"https:\/\/www.bordogna.com\/es\/#website","url":"https:\/\/www.bordogna.com\/es\/","name":"bordogna es","description":"","publisher":{"@id":"https:\/\/www.bordogna.com\/es\/#organization"},"potentialAction":[{"@type":"SearchAction","target":{"@type":"EntryPoint","urlTemplate":"https:\/\/www.bordogna.com\/es\/?s={search_term_string}"},"query-input":"required name=search_term_string"}],"inLanguage":"es"},{"@type":"Organization","@id":"https:\/\/www.bordogna.com\/es\/#organization","name":"bordogna es","url":"https:\/\/www.bordogna.com\/es\/","logo":{"@type":"ImageObject","inLanguage":"es","@id":"https:\/\/www.bordogna.com\/es\/#\/schema\/logo\/image\/","url":"https:\/\/www.bordogna.com\/es\/wp-content\/uploads\/sites\/4\/2022\/01\/logo-it.png","contentUrl":"https:\/\/www.bordogna.com\/es\/wp-content\/uploads\/sites\/4\/2022\/01\/logo-it.png","width":224,"height":106,"caption":"bordogna es"},"image":{"@id":"https:\/\/www.bordogna.com\/es\/#\/schema\/logo\/image\/"}}]}},"_links":{"self":[{"href":"https:\/\/www.bordogna.com\/es\/wp-json\/wp\/v2\/product\/2983","targetHints":{"allow":["GET"]}}],"collection":[{"href":"https:\/\/www.bordogna.com\/es\/wp-json\/wp\/v2\/product"}],"about":[{"href":"https:\/\/www.bordogna.com\/es\/wp-json\/wp\/v2\/types\/product"}],"replies":[{"embeddable":true,"href":"https:\/\/www.bordogna.com\/es\/wp-json\/wp\/v2\/comments?post=2983"}],"wp:featuredmedia":[{"embeddable":true,"href":"https:\/\/www.bordogna.com\/es\/wp-json\/wp\/v2\/media\/2985"}],"wp:attachment":[{"href":"https:\/\/www.bordogna.com\/es\/wp-json\/wp\/v2\/media?parent=2983"}],"wp:term":[{"taxonomy":"product_cat","embeddable":true,"href":"https:\/\/www.bordogna.com\/es\/wp-json\/wp\/v2\/product_cat?post=2983"},{"taxonomy":"product_tag","embeddable":true,"href":"https:\/\/www.bordogna.com\/es\/wp-json\/wp\/v2\/product_tag?post=2983"}],"curies":[{"name":"wp","href":"https:\/\/api.w.org\/{rel}","templated":true}]}}