{"id":2357,"date":"2022-06-01T10:03:55","date_gmt":"2022-06-01T08:03:55","guid":{"rendered":"https:\/\/www.bordogna.com\/es\/?post_type=product&#038;p=2357"},"modified":"2024-02-29T10:39:12","modified_gmt":"2024-02-29T09:39:12","slug":"brixia-gun","status":"publish","type":"product","link":"https:\/\/www.bordogna.com\/es\/products\/brixia-gun\/","title":{"rendered":"BRIXIA GUN PREMIUM"},"content":{"rendered":"","protected":false},"excerpt":{"rendered":"<p>BRIXIA GUN: proteja sus armas en una caja fuerte de primera clase.<\/p>\n<p>El dise\u00f1o \u201dMade in Italy\u201d\u201d transforma una caja fuerte para armas en un mueble elegante y fascinante.<\/p>\n<p>La artesan\u00eda manual en la atenci\u00f3n al detalle hace de Brixia Gun una pieza \u00fanica y original.<\/p>\n<p>La calidad est\u00e1 inequ\u00edvocamente comprobada por el certificado a prueba de robos seg\u00fan la norma europea EN 1143-1 en el nivel I.<\/p>\n","protected":false},"featured_media":3183,"comment_status":"open","ping_status":"closed","template":"","meta":{"_acf_changed":false,"inline_featured_image":false},"product_cat":[20,32],"product_tag":[],"class_list":{"0":"post-2357","1":"product","2":"type-product","3":"status-publish","4":"has-post-thumbnail","6":"product_cat-cajas-fuertes-para-el-hogar","7":"product_cat-almacenamiento-de-armas","8":"entry","10":"first","11":"instock","12":"shipping-taxable","13":"product-type-simple"},"acf":[],"yoast_head":"<!-- This site is optimized with the Yoast SEO plugin v22.6 - https:\/\/yoast.com\/wordpress\/plugins\/seo\/ -->\n<title>BRIXIA GUN PREMIUM - bordogna es<\/title>\n<meta name=\"robots\" content=\"index, follow, max-snippet:-1, max-image-preview:large, max-video-preview:-1\" \/>\n<link rel=\"canonical\" href=\"https:\/\/www.bordogna.com\/es\/products\/brixia-gun\/\" \/>\n<meta property=\"og:locale\" content=\"es_ES\" \/>\n<meta property=\"og:type\" content=\"article\" \/>\n<meta property=\"og:title\" content=\"BRIXIA GUN PREMIUM - bordogna es\" \/>\n<meta property=\"og:description\" content=\"BRIXIA GUN: proteja sus armas en una caja fuerte de primera clase.  El dise\u00f1o \u201dMade in Italy\u201d\u201d transforma una caja fuerte para armas en un mueble elegante y fascinante.  La artesan\u00eda manual en la atenci\u00f3n al detalle hace de Brixia Gun una pieza \u00fanica y original.  La calidad est\u00e1 inequ\u00edvocamente comprobada por el certificado a prueba de robos seg\u00fan la norma europea EN 1143-1 en el nivel I.\" \/>\n<meta property=\"og:url\" content=\"https:\/\/www.bordogna.com\/es\/products\/brixia-gun\/\" \/>\n<meta property=\"og:site_name\" content=\"bordogna es\" \/>\n<meta property=\"article:modified_time\" content=\"2024-02-29T09:39:12+00:00\" \/>\n<meta property=\"og:image\" content=\"https:\/\/www.bordogna.com\/es\/wp-content\/uploads\/sites\/4\/2022\/06\/Brixia-Gun-Premium-allestita-accessori-nera-grigio.jpg\" \/>\n\t<meta property=\"og:image:width\" content=\"855\" \/>\n\t<meta property=\"og:image:height\" content=\"1200\" \/>\n\t<meta property=\"og:image:type\" content=\"image\/jpeg\" \/>\n<meta name=\"twitter:card\" content=\"summary_large_image\" \/>\n<script type=\"application\/ld+json\" class=\"yoast-schema-graph\">{\"@context\":\"https:\/\/schema.org\",\"@graph\":[{\"@type\":\"WebPage\",\"@id\":\"https:\/\/www.bordogna.com\/es\/products\/brixia-gun\/\",\"url\":\"https:\/\/www.bordogna.com\/es\/products\/brixia-gun\/\",\"name\":\"BRIXIA GUN PREMIUM - bordogna es\",\"isPartOf\":{\"@id\":\"https:\/\/www.bordogna.com\/es\/#website\"},\"primaryImageOfPage\":{\"@id\":\"https:\/\/www.bordogna.com\/es\/products\/brixia-gun\/#primaryimage\"},\"image\":{\"@id\":\"https:\/\/www.bordogna.com\/es\/products\/brixia-gun\/#primaryimage\"},\"thumbnailUrl\":\"https:\/\/www.bordogna.com\/es\/wp-content\/uploads\/sites\/4\/2022\/06\/Brixia-Gun-Premium-allestita-accessori-nera-grigio.jpg\",\"datePublished\":\"2022-06-01T08:03:55+00:00\",\"dateModified\":\"2024-02-29T09:39:12+00:00\",\"breadcrumb\":{\"@id\":\"https:\/\/www.bordogna.com\/es\/products\/brixia-gun\/#breadcrumb\"},\"inLanguage\":\"es\",\"potentialAction\":[{\"@type\":\"ReadAction\",\"target\":[\"https:\/\/www.bordogna.com\/es\/products\/brixia-gun\/\"]}]},{\"@type\":\"ImageObject\",\"inLanguage\":\"es\",\"@id\":\"https:\/\/www.bordogna.com\/es\/products\/brixia-gun\/#primaryimage\",\"url\":\"https:\/\/www.bordogna.com\/es\/wp-content\/uploads\/sites\/4\/2022\/06\/Brixia-Gun-Premium-allestita-accessori-nera-grigio.jpg\",\"contentUrl\":\"https:\/\/www.bordogna.com\/es\/wp-content\/uploads\/sites\/4\/2022\/06\/Brixia-Gun-Premium-allestita-accessori-nera-grigio.jpg\",\"width\":855,\"height\":1200},{\"@type\":\"BreadcrumbList\",\"@id\":\"https:\/\/www.bordogna.com\/es\/products\/brixia-gun\/#breadcrumb\",\"itemListElement\":[{\"@type\":\"ListItem\",\"position\":1,\"name\":\"Home\",\"item\":\"https:\/\/www.bordogna.com\/es\/\"},{\"@type\":\"ListItem\",\"position\":2,\"name\":\"Shop\",\"item\":\"https:\/\/www.bordogna.com\/es\/shop\/\"},{\"@type\":\"ListItem\",\"position\":3,\"name\":\"BRIXIA GUN PREMIUM\"}]},{\"@type\":\"WebSite\",\"@id\":\"https:\/\/www.bordogna.com\/es\/#website\",\"url\":\"https:\/\/www.bordogna.com\/es\/\",\"name\":\"bordogna es\",\"description\":\"\",\"publisher\":{\"@id\":\"https:\/\/www.bordogna.com\/es\/#organization\"},\"potentialAction\":[{\"@type\":\"SearchAction\",\"target\":{\"@type\":\"EntryPoint\",\"urlTemplate\":\"https:\/\/www.bordogna.com\/es\/?s={search_term_string}\"},\"query-input\":\"required name=search_term_string\"}],\"inLanguage\":\"es\"},{\"@type\":\"Organization\",\"@id\":\"https:\/\/www.bordogna.com\/es\/#organization\",\"name\":\"bordogna es\",\"url\":\"https:\/\/www.bordogna.com\/es\/\",\"logo\":{\"@type\":\"ImageObject\",\"inLanguage\":\"es\",\"@id\":\"https:\/\/www.bordogna.com\/es\/#\/schema\/logo\/image\/\",\"url\":\"https:\/\/www.bordogna.com\/es\/wp-content\/uploads\/sites\/4\/2022\/01\/logo-it.png\",\"contentUrl\":\"https:\/\/www.bordogna.com\/es\/wp-content\/uploads\/sites\/4\/2022\/01\/logo-it.png\",\"width\":224,\"height\":106,\"caption\":\"bordogna es\"},\"image\":{\"@id\":\"https:\/\/www.bordogna.com\/es\/#\/schema\/logo\/image\/\"}}]}<\/script>\n<!-- \/ Yoast SEO plugin. -->","yoast_head_json":{"title":"BRIXIA GUN PREMIUM - bordogna es","robots":{"index":"index","follow":"follow","max-snippet":"max-snippet:-1","max-image-preview":"max-image-preview:large","max-video-preview":"max-video-preview:-1"},"canonical":"https:\/\/www.bordogna.com\/es\/products\/brixia-gun\/","og_locale":"es_ES","og_type":"article","og_title":"BRIXIA GUN PREMIUM - bordogna es","og_description":"BRIXIA GUN: proteja sus armas en una caja fuerte de primera clase.  El dise\u00f1o \u201dMade in Italy\u201d\u201d transforma una caja fuerte para armas en un mueble elegante y fascinante.  La artesan\u00eda manual en la atenci\u00f3n al detalle hace de Brixia Gun una pieza \u00fanica y original.  La calidad est\u00e1 inequ\u00edvocamente comprobada por el certificado a prueba de robos seg\u00fan la norma europea EN 1143-1 en el nivel I.","og_url":"https:\/\/www.bordogna.com\/es\/products\/brixia-gun\/","og_site_name":"bordogna es","article_modified_time":"2024-02-29T09:39:12+00:00","og_image":[{"width":855,"height":1200,"url":"https:\/\/www.bordogna.com\/es\/wp-content\/uploads\/sites\/4\/2022\/06\/Brixia-Gun-Premium-allestita-accessori-nera-grigio.jpg","type":"image\/jpeg"}],"twitter_card":"summary_large_image","schema":{"@context":"https:\/\/schema.org","@graph":[{"@type":"WebPage","@id":"https:\/\/www.bordogna.com\/es\/products\/brixia-gun\/","url":"https:\/\/www.bordogna.com\/es\/products\/brixia-gun\/","name":"BRIXIA GUN PREMIUM - bordogna es","isPartOf":{"@id":"https:\/\/www.bordogna.com\/es\/#website"},"primaryImageOfPage":{"@id":"https:\/\/www.bordogna.com\/es\/products\/brixia-gun\/#primaryimage"},"image":{"@id":"https:\/\/www.bordogna.com\/es\/products\/brixia-gun\/#primaryimage"},"thumbnailUrl":"https:\/\/www.bordogna.com\/es\/wp-content\/uploads\/sites\/4\/2022\/06\/Brixia-Gun-Premium-allestita-accessori-nera-grigio.jpg","datePublished":"2022-06-01T08:03:55+00:00","dateModified":"2024-02-29T09:39:12+00:00","breadcrumb":{"@id":"https:\/\/www.bordogna.com\/es\/products\/brixia-gun\/#breadcrumb"},"inLanguage":"es","potentialAction":[{"@type":"ReadAction","target":["https:\/\/www.bordogna.com\/es\/products\/brixia-gun\/"]}]},{"@type":"ImageObject","inLanguage":"es","@id":"https:\/\/www.bordogna.com\/es\/products\/brixia-gun\/#primaryimage","url":"https:\/\/www.bordogna.com\/es\/wp-content\/uploads\/sites\/4\/2022\/06\/Brixia-Gun-Premium-allestita-accessori-nera-grigio.jpg","contentUrl":"https:\/\/www.bordogna.com\/es\/wp-content\/uploads\/sites\/4\/2022\/06\/Brixia-Gun-Premium-allestita-accessori-nera-grigio.jpg","width":855,"height":1200},{"@type":"BreadcrumbList","@id":"https:\/\/www.bordogna.com\/es\/products\/brixia-gun\/#breadcrumb","itemListElement":[{"@type":"ListItem","position":1,"name":"Home","item":"https:\/\/www.bordogna.com\/es\/"},{"@type":"ListItem","position":2,"name":"Shop","item":"https:\/\/www.bordogna.com\/es\/shop\/"},{"@type":"ListItem","position":3,"name":"BRIXIA GUN PREMIUM"}]},{"@type":"WebSite","@id":"https:\/\/www.bordogna.com\/es\/#website","url":"https:\/\/www.bordogna.com\/es\/","name":"bordogna es","description":"","publisher":{"@id":"https:\/\/www.bordogna.com\/es\/#organization"},"potentialAction":[{"@type":"SearchAction","target":{"@type":"EntryPoint","urlTemplate":"https:\/\/www.bordogna.com\/es\/?s={search_term_string}"},"query-input":"required name=search_term_string"}],"inLanguage":"es"},{"@type":"Organization","@id":"https:\/\/www.bordogna.com\/es\/#organization","name":"bordogna es","url":"https:\/\/www.bordogna.com\/es\/","logo":{"@type":"ImageObject","inLanguage":"es","@id":"https:\/\/www.bordogna.com\/es\/#\/schema\/logo\/image\/","url":"https:\/\/www.bordogna.com\/es\/wp-content\/uploads\/sites\/4\/2022\/01\/logo-it.png","contentUrl":"https:\/\/www.bordogna.com\/es\/wp-content\/uploads\/sites\/4\/2022\/01\/logo-it.png","width":224,"height":106,"caption":"bordogna es"},"image":{"@id":"https:\/\/www.bordogna.com\/es\/#\/schema\/logo\/image\/"}}]}},"_links":{"self":[{"href":"https:\/\/www.bordogna.com\/es\/wp-json\/wp\/v2\/product\/2357","targetHints":{"allow":["GET"]}}],"collection":[{"href":"https:\/\/www.bordogna.com\/es\/wp-json\/wp\/v2\/product"}],"about":[{"href":"https:\/\/www.bordogna.com\/es\/wp-json\/wp\/v2\/types\/product"}],"replies":[{"embeddable":true,"href":"https:\/\/www.bordogna.com\/es\/wp-json\/wp\/v2\/comments?post=2357"}],"wp:featuredmedia":[{"embeddable":true,"href":"https:\/\/www.bordogna.com\/es\/wp-json\/wp\/v2\/media\/3183"}],"wp:attachment":[{"href":"https:\/\/www.bordogna.com\/es\/wp-json\/wp\/v2\/media?parent=2357"}],"wp:term":[{"taxonomy":"product_cat","embeddable":true,"href":"https:\/\/www.bordogna.com\/es\/wp-json\/wp\/v2\/product_cat?post=2357"},{"taxonomy":"product_tag","embeddable":true,"href":"https:\/\/www.bordogna.com\/es\/wp-json\/wp\/v2\/product_tag?post=2357"}],"curies":[{"name":"wp","href":"https:\/\/api.w.org\/{rel}","templated":true}]}}