{"id":3294,"date":"2023-06-29T09:13:32","date_gmt":"2023-06-29T07:13:32","guid":{"rendered":"https:\/\/www.bordogna.com\/de\/?post_type=product&#038;p=3294"},"modified":"2024-02-27T17:10:49","modified_gmt":"2024-02-27T16:10:49","slug":"lb-key-combi","status":"publish","type":"product","link":"https:\/\/www.bordogna.com\/de\/products\/lb-key-combi\/","title":{"rendered":"LB KEY COMBI"},"content":{"rendered":"","protected":false},"excerpt":{"rendered":"<p>Wertschutz-Schl\u00fcsseltresore LB KEY COMBI gem. sind ideal zur gewerblichen Nutzung und erm\u00f6glichen die \u00fcbersichtliche Sortierung der Schl\u00fcssel. Zur Aufbewahrung von bis zu 896 Schl\u00fcsseln. Die Modelle sind mit ausziehbaren Schl\u00fcsselw\u00e4nden ausgestattet. Zus\u00e4tzlich k\u00f6nnen auf den Fachb\u00f6den Dokumente in Aktenordnern sicher aufbewahrt werden.<\/p>\n","protected":false},"featured_media":3295,"comment_status":"open","ping_status":"closed","template":"","meta":{"_acf_changed":false,"inline_featured_image":false},"product_cat":[22,33],"product_tag":[],"class_list":{"0":"post-3294","1":"product","2":"type-product","3":"status-publish","4":"has-post-thumbnail","6":"product_cat-produkte-fuer-bueros-und-dokumentenaufbewahrung","7":"product_cat-schluesseltresor","8":"entry","10":"first","11":"instock","12":"shipping-taxable","13":"product-type-simple"},"acf":[],"yoast_head":"<!-- This site is optimized with the Yoast SEO plugin v22.6 - https:\/\/yoast.com\/wordpress\/plugins\/seo\/ -->\n<title>LB KEY COMBI - bordogna de<\/title>\n<meta name=\"robots\" content=\"index, follow, max-snippet:-1, max-image-preview:large, max-video-preview:-1\" \/>\n<link rel=\"canonical\" href=\"https:\/\/www.bordogna.com\/de\/products\/lb-key-combi\/\" \/>\n<meta property=\"og:locale\" content=\"de_DE\" \/>\n<meta property=\"og:type\" content=\"article\" \/>\n<meta property=\"og:title\" content=\"LB KEY COMBI - bordogna de\" \/>\n<meta property=\"og:description\" content=\"Wertschutz-Schl\u00fcsseltresore LB KEY COMBI gem. sind ideal zur gewerblichen Nutzung und erm\u00f6glichen die \u00fcbersichtliche Sortierung der Schl\u00fcssel. Zur Aufbewahrung von bis zu 896 Schl\u00fcsseln. Die Modelle sind mit ausziehbaren Schl\u00fcsselw\u00e4nden ausgestattet. Zus\u00e4tzlich k\u00f6nnen auf den Fachb\u00f6den Dokumente in Aktenordnern sicher aufbewahrt werden.\" \/>\n<meta property=\"og:url\" content=\"https:\/\/www.bordogna.com\/de\/products\/lb-key-combi\/\" \/>\n<meta property=\"og:site_name\" content=\"bordogna de\" \/>\n<meta property=\"article:modified_time\" content=\"2024-02-27T16:10:49+00:00\" \/>\n<meta property=\"og:image\" content=\"https:\/\/www.bordogna.com\/de\/wp-content\/uploads\/sites\/5\/2023\/06\/LB-KEY-COMBI-3-896-C-aperta-90.jpg\" \/>\n\t<meta property=\"og:image:width\" content=\"666\" \/>\n\t<meta property=\"og:image:height\" content=\"1000\" \/>\n\t<meta property=\"og:image:type\" content=\"image\/jpeg\" \/>\n<meta name=\"twitter:card\" content=\"summary_large_image\" \/>\n<script type=\"application\/ld+json\" class=\"yoast-schema-graph\">{\"@context\":\"https:\/\/schema.org\",\"@graph\":[{\"@type\":\"WebPage\",\"@id\":\"https:\/\/www.bordogna.com\/de\/products\/lb-key-combi\/\",\"url\":\"https:\/\/www.bordogna.com\/de\/products\/lb-key-combi\/\",\"name\":\"LB KEY COMBI - bordogna de\",\"isPartOf\":{\"@id\":\"https:\/\/www.bordogna.com\/de\/#website\"},\"primaryImageOfPage\":{\"@id\":\"https:\/\/www.bordogna.com\/de\/products\/lb-key-combi\/#primaryimage\"},\"image\":{\"@id\":\"https:\/\/www.bordogna.com\/de\/products\/lb-key-combi\/#primaryimage\"},\"thumbnailUrl\":\"https:\/\/www.bordogna.com\/de\/wp-content\/uploads\/sites\/5\/2023\/06\/LB-KEY-COMBI-3-896-C-aperta-90.jpg\",\"datePublished\":\"2023-06-29T07:13:32+00:00\",\"dateModified\":\"2024-02-27T16:10:49+00:00\",\"breadcrumb\":{\"@id\":\"https:\/\/www.bordogna.com\/de\/products\/lb-key-combi\/#breadcrumb\"},\"inLanguage\":\"de\",\"potentialAction\":[{\"@type\":\"ReadAction\",\"target\":[\"https:\/\/www.bordogna.com\/de\/products\/lb-key-combi\/\"]}]},{\"@type\":\"ImageObject\",\"inLanguage\":\"de\",\"@id\":\"https:\/\/www.bordogna.com\/de\/products\/lb-key-combi\/#primaryimage\",\"url\":\"https:\/\/www.bordogna.com\/de\/wp-content\/uploads\/sites\/5\/2023\/06\/LB-KEY-COMBI-3-896-C-aperta-90.jpg\",\"contentUrl\":\"https:\/\/www.bordogna.com\/de\/wp-content\/uploads\/sites\/5\/2023\/06\/LB-KEY-COMBI-3-896-C-aperta-90.jpg\",\"width\":666,\"height\":1000},{\"@type\":\"BreadcrumbList\",\"@id\":\"https:\/\/www.bordogna.com\/de\/products\/lb-key-combi\/#breadcrumb\",\"itemListElement\":[{\"@type\":\"ListItem\",\"position\":1,\"name\":\"Home\",\"item\":\"https:\/\/www.bordogna.com\/de\/\"},{\"@type\":\"ListItem\",\"position\":2,\"name\":\"Shop\",\"item\":\"https:\/\/www.bordogna.com\/de\/shop\/\"},{\"@type\":\"ListItem\",\"position\":3,\"name\":\"LB KEY COMBI\"}]},{\"@type\":\"WebSite\",\"@id\":\"https:\/\/www.bordogna.com\/de\/#website\",\"url\":\"https:\/\/www.bordogna.com\/de\/\",\"name\":\"bordogna de\",\"description\":\"\",\"publisher\":{\"@id\":\"https:\/\/www.bordogna.com\/de\/#organization\"},\"potentialAction\":[{\"@type\":\"SearchAction\",\"target\":{\"@type\":\"EntryPoint\",\"urlTemplate\":\"https:\/\/www.bordogna.com\/de\/?s={search_term_string}\"},\"query-input\":\"required name=search_term_string\"}],\"inLanguage\":\"de\"},{\"@type\":\"Organization\",\"@id\":\"https:\/\/www.bordogna.com\/de\/#organization\",\"name\":\"bordogna de\",\"url\":\"https:\/\/www.bordogna.com\/de\/\",\"logo\":{\"@type\":\"ImageObject\",\"inLanguage\":\"de\",\"@id\":\"https:\/\/www.bordogna.com\/de\/#\/schema\/logo\/image\/\",\"url\":\"https:\/\/www.bordogna.com\/de\/wp-content\/uploads\/sites\/5\/2022\/01\/logo-it.png\",\"contentUrl\":\"https:\/\/www.bordogna.com\/de\/wp-content\/uploads\/sites\/5\/2022\/01\/logo-it.png\",\"width\":224,\"height\":106,\"caption\":\"bordogna de\"},\"image\":{\"@id\":\"https:\/\/www.bordogna.com\/de\/#\/schema\/logo\/image\/\"}}]}<\/script>\n<!-- \/ Yoast SEO plugin. -->","yoast_head_json":{"title":"LB KEY COMBI - bordogna de","robots":{"index":"index","follow":"follow","max-snippet":"max-snippet:-1","max-image-preview":"max-image-preview:large","max-video-preview":"max-video-preview:-1"},"canonical":"https:\/\/www.bordogna.com\/de\/products\/lb-key-combi\/","og_locale":"de_DE","og_type":"article","og_title":"LB KEY COMBI - bordogna de","og_description":"Wertschutz-Schl\u00fcsseltresore LB KEY COMBI gem. sind ideal zur gewerblichen Nutzung und erm\u00f6glichen die \u00fcbersichtliche Sortierung der Schl\u00fcssel. Zur Aufbewahrung von bis zu 896 Schl\u00fcsseln. Die Modelle sind mit ausziehbaren Schl\u00fcsselw\u00e4nden ausgestattet. Zus\u00e4tzlich k\u00f6nnen auf den Fachb\u00f6den Dokumente in Aktenordnern sicher aufbewahrt werden.","og_url":"https:\/\/www.bordogna.com\/de\/products\/lb-key-combi\/","og_site_name":"bordogna de","article_modified_time":"2024-02-27T16:10:49+00:00","og_image":[{"width":666,"height":1000,"url":"https:\/\/www.bordogna.com\/de\/wp-content\/uploads\/sites\/5\/2023\/06\/LB-KEY-COMBI-3-896-C-aperta-90.jpg","type":"image\/jpeg"}],"twitter_card":"summary_large_image","schema":{"@context":"https:\/\/schema.org","@graph":[{"@type":"WebPage","@id":"https:\/\/www.bordogna.com\/de\/products\/lb-key-combi\/","url":"https:\/\/www.bordogna.com\/de\/products\/lb-key-combi\/","name":"LB KEY COMBI - bordogna de","isPartOf":{"@id":"https:\/\/www.bordogna.com\/de\/#website"},"primaryImageOfPage":{"@id":"https:\/\/www.bordogna.com\/de\/products\/lb-key-combi\/#primaryimage"},"image":{"@id":"https:\/\/www.bordogna.com\/de\/products\/lb-key-combi\/#primaryimage"},"thumbnailUrl":"https:\/\/www.bordogna.com\/de\/wp-content\/uploads\/sites\/5\/2023\/06\/LB-KEY-COMBI-3-896-C-aperta-90.jpg","datePublished":"2023-06-29T07:13:32+00:00","dateModified":"2024-02-27T16:10:49+00:00","breadcrumb":{"@id":"https:\/\/www.bordogna.com\/de\/products\/lb-key-combi\/#breadcrumb"},"inLanguage":"de","potentialAction":[{"@type":"ReadAction","target":["https:\/\/www.bordogna.com\/de\/products\/lb-key-combi\/"]}]},{"@type":"ImageObject","inLanguage":"de","@id":"https:\/\/www.bordogna.com\/de\/products\/lb-key-combi\/#primaryimage","url":"https:\/\/www.bordogna.com\/de\/wp-content\/uploads\/sites\/5\/2023\/06\/LB-KEY-COMBI-3-896-C-aperta-90.jpg","contentUrl":"https:\/\/www.bordogna.com\/de\/wp-content\/uploads\/sites\/5\/2023\/06\/LB-KEY-COMBI-3-896-C-aperta-90.jpg","width":666,"height":1000},{"@type":"BreadcrumbList","@id":"https:\/\/www.bordogna.com\/de\/products\/lb-key-combi\/#breadcrumb","itemListElement":[{"@type":"ListItem","position":1,"name":"Home","item":"https:\/\/www.bordogna.com\/de\/"},{"@type":"ListItem","position":2,"name":"Shop","item":"https:\/\/www.bordogna.com\/de\/shop\/"},{"@type":"ListItem","position":3,"name":"LB KEY COMBI"}]},{"@type":"WebSite","@id":"https:\/\/www.bordogna.com\/de\/#website","url":"https:\/\/www.bordogna.com\/de\/","name":"bordogna de","description":"","publisher":{"@id":"https:\/\/www.bordogna.com\/de\/#organization"},"potentialAction":[{"@type":"SearchAction","target":{"@type":"EntryPoint","urlTemplate":"https:\/\/www.bordogna.com\/de\/?s={search_term_string}"},"query-input":"required name=search_term_string"}],"inLanguage":"de"},{"@type":"Organization","@id":"https:\/\/www.bordogna.com\/de\/#organization","name":"bordogna de","url":"https:\/\/www.bordogna.com\/de\/","logo":{"@type":"ImageObject","inLanguage":"de","@id":"https:\/\/www.bordogna.com\/de\/#\/schema\/logo\/image\/","url":"https:\/\/www.bordogna.com\/de\/wp-content\/uploads\/sites\/5\/2022\/01\/logo-it.png","contentUrl":"https:\/\/www.bordogna.com\/de\/wp-content\/uploads\/sites\/5\/2022\/01\/logo-it.png","width":224,"height":106,"caption":"bordogna de"},"image":{"@id":"https:\/\/www.bordogna.com\/de\/#\/schema\/logo\/image\/"}}]}},"_links":{"self":[{"href":"https:\/\/www.bordogna.com\/de\/wp-json\/wp\/v2\/product\/3294","targetHints":{"allow":["GET"]}}],"collection":[{"href":"https:\/\/www.bordogna.com\/de\/wp-json\/wp\/v2\/product"}],"about":[{"href":"https:\/\/www.bordogna.com\/de\/wp-json\/wp\/v2\/types\/product"}],"replies":[{"embeddable":true,"href":"https:\/\/www.bordogna.com\/de\/wp-json\/wp\/v2\/comments?post=3294"}],"wp:featuredmedia":[{"embeddable":true,"href":"https:\/\/www.bordogna.com\/de\/wp-json\/wp\/v2\/media\/3295"}],"wp:attachment":[{"href":"https:\/\/www.bordogna.com\/de\/wp-json\/wp\/v2\/media?parent=3294"}],"wp:term":[{"taxonomy":"product_cat","embeddable":true,"href":"https:\/\/www.bordogna.com\/de\/wp-json\/wp\/v2\/product_cat?post=3294"},{"taxonomy":"product_tag","embeddable":true,"href":"https:\/\/www.bordogna.com\/de\/wp-json\/wp\/v2\/product_tag?post=3294"}],"curies":[{"name":"wp","href":"https:\/\/api.w.org\/{rel}","templated":true}]}}