{"id":3224,"date":"2023-06-28T16:04:51","date_gmt":"2023-06-28T14:04:51","guid":{"rendered":"https:\/\/www.bordogna.com\/de\/?post_type=product&#038;p=3224"},"modified":"2024-02-27T17:31:37","modified_gmt":"2024-02-27T16:31:37","slug":"key-box","status":"publish","type":"product","link":"https:\/\/www.bordogna.com\/de\/products\/key-box\/","title":{"rendered":"KEY BOX"},"content":{"rendered":"<ul>\n<li>Konsole zur Montage in einem Betonboden (1500 \u00d7 100 \u00d7 100).<\/li>\n<li>Konsole zur Montage auf einem Betonboden (600 \u00d7 215 \u00d7 215).<\/li>\n<\/ul>\n","protected":false},"excerpt":{"rendered":"<p>Die KEY BOX ist ein Pfandsystem f\u00fcr Schl\u00fcssel und Schl\u00fcsselbunde.<\/p>\n<p>Ein solches System ist geeignet, zum Beispiel Garagen oder Autovermietungen.<\/p>\n","protected":false},"featured_media":3225,"comment_status":"open","ping_status":"closed","template":"","meta":{"_acf_changed":false,"inline_featured_image":false},"product_cat":[33],"product_tag":[],"class_list":{"0":"post-3224","1":"product","2":"type-product","3":"status-publish","4":"has-post-thumbnail","6":"product_cat-schluesseltresor","7":"entry","9":"first","10":"instock","11":"shipping-taxable","12":"product-type-simple"},"acf":[],"yoast_head":"<!-- This site is optimized with the Yoast SEO plugin v22.6 - https:\/\/yoast.com\/wordpress\/plugins\/seo\/ -->\n<title>KEY BOX - bordogna de<\/title>\n<meta name=\"robots\" content=\"index, follow, max-snippet:-1, max-image-preview:large, max-video-preview:-1\" \/>\n<link rel=\"canonical\" href=\"https:\/\/www.bordogna.com\/de\/products\/key-box\/\" \/>\n<meta property=\"og:locale\" content=\"de_DE\" \/>\n<meta property=\"og:type\" content=\"article\" \/>\n<meta property=\"og:title\" content=\"KEY BOX - bordogna de\" \/>\n<meta property=\"og:description\" content=\"Die KEY BOX ist ein Pfandsystem f\u00fcr Schl\u00fcssel und Schl\u00fcsselbunde.  Ein solches System ist geeignet, zum Beispiel Garagen oder Autovermietungen.\" \/>\n<meta property=\"og:url\" content=\"https:\/\/www.bordogna.com\/de\/products\/key-box\/\" \/>\n<meta property=\"og:site_name\" content=\"bordogna de\" \/>\n<meta property=\"article:modified_time\" content=\"2024-02-27T16:31:37+00:00\" \/>\n<meta property=\"og:image\" content=\"https:\/\/www.bordogna.com\/de\/wp-content\/uploads\/sites\/5\/2023\/06\/Key-Box-101-C-aperto.jpg\" \/>\n\t<meta property=\"og:image:width\" content=\"1200\" \/>\n\t<meta property=\"og:image:height\" content=\"1200\" \/>\n\t<meta property=\"og:image:type\" content=\"image\/jpeg\" \/>\n<meta name=\"twitter:card\" content=\"summary_large_image\" \/>\n<script type=\"application\/ld+json\" class=\"yoast-schema-graph\">{\"@context\":\"https:\/\/schema.org\",\"@graph\":[{\"@type\":\"WebPage\",\"@id\":\"https:\/\/www.bordogna.com\/de\/products\/key-box\/\",\"url\":\"https:\/\/www.bordogna.com\/de\/products\/key-box\/\",\"name\":\"KEY BOX - bordogna de\",\"isPartOf\":{\"@id\":\"https:\/\/www.bordogna.com\/de\/#website\"},\"primaryImageOfPage\":{\"@id\":\"https:\/\/www.bordogna.com\/de\/products\/key-box\/#primaryimage\"},\"image\":{\"@id\":\"https:\/\/www.bordogna.com\/de\/products\/key-box\/#primaryimage\"},\"thumbnailUrl\":\"https:\/\/www.bordogna.com\/de\/wp-content\/uploads\/sites\/5\/2023\/06\/Key-Box-101-C-aperto.jpg\",\"datePublished\":\"2023-06-28T14:04:51+00:00\",\"dateModified\":\"2024-02-27T16:31:37+00:00\",\"breadcrumb\":{\"@id\":\"https:\/\/www.bordogna.com\/de\/products\/key-box\/#breadcrumb\"},\"inLanguage\":\"de\",\"potentialAction\":[{\"@type\":\"ReadAction\",\"target\":[\"https:\/\/www.bordogna.com\/de\/products\/key-box\/\"]}]},{\"@type\":\"ImageObject\",\"inLanguage\":\"de\",\"@id\":\"https:\/\/www.bordogna.com\/de\/products\/key-box\/#primaryimage\",\"url\":\"https:\/\/www.bordogna.com\/de\/wp-content\/uploads\/sites\/5\/2023\/06\/Key-Box-101-C-aperto.jpg\",\"contentUrl\":\"https:\/\/www.bordogna.com\/de\/wp-content\/uploads\/sites\/5\/2023\/06\/Key-Box-101-C-aperto.jpg\",\"width\":1200,\"height\":1200},{\"@type\":\"BreadcrumbList\",\"@id\":\"https:\/\/www.bordogna.com\/de\/products\/key-box\/#breadcrumb\",\"itemListElement\":[{\"@type\":\"ListItem\",\"position\":1,\"name\":\"Home\",\"item\":\"https:\/\/www.bordogna.com\/de\/\"},{\"@type\":\"ListItem\",\"position\":2,\"name\":\"Shop\",\"item\":\"https:\/\/www.bordogna.com\/de\/shop\/\"},{\"@type\":\"ListItem\",\"position\":3,\"name\":\"KEY BOX\"}]},{\"@type\":\"WebSite\",\"@id\":\"https:\/\/www.bordogna.com\/de\/#website\",\"url\":\"https:\/\/www.bordogna.com\/de\/\",\"name\":\"bordogna de\",\"description\":\"\",\"publisher\":{\"@id\":\"https:\/\/www.bordogna.com\/de\/#organization\"},\"potentialAction\":[{\"@type\":\"SearchAction\",\"target\":{\"@type\":\"EntryPoint\",\"urlTemplate\":\"https:\/\/www.bordogna.com\/de\/?s={search_term_string}\"},\"query-input\":\"required name=search_term_string\"}],\"inLanguage\":\"de\"},{\"@type\":\"Organization\",\"@id\":\"https:\/\/www.bordogna.com\/de\/#organization\",\"name\":\"bordogna de\",\"url\":\"https:\/\/www.bordogna.com\/de\/\",\"logo\":{\"@type\":\"ImageObject\",\"inLanguage\":\"de\",\"@id\":\"https:\/\/www.bordogna.com\/de\/#\/schema\/logo\/image\/\",\"url\":\"https:\/\/www.bordogna.com\/de\/wp-content\/uploads\/sites\/5\/2022\/01\/logo-it.png\",\"contentUrl\":\"https:\/\/www.bordogna.com\/de\/wp-content\/uploads\/sites\/5\/2022\/01\/logo-it.png\",\"width\":224,\"height\":106,\"caption\":\"bordogna de\"},\"image\":{\"@id\":\"https:\/\/www.bordogna.com\/de\/#\/schema\/logo\/image\/\"}}]}<\/script>\n<!-- \/ Yoast SEO plugin. -->","yoast_head_json":{"title":"KEY BOX - bordogna de","robots":{"index":"index","follow":"follow","max-snippet":"max-snippet:-1","max-image-preview":"max-image-preview:large","max-video-preview":"max-video-preview:-1"},"canonical":"https:\/\/www.bordogna.com\/de\/products\/key-box\/","og_locale":"de_DE","og_type":"article","og_title":"KEY BOX - bordogna de","og_description":"Die KEY BOX ist ein Pfandsystem f\u00fcr Schl\u00fcssel und Schl\u00fcsselbunde.  Ein solches System ist geeignet, zum Beispiel Garagen oder Autovermietungen.","og_url":"https:\/\/www.bordogna.com\/de\/products\/key-box\/","og_site_name":"bordogna de","article_modified_time":"2024-02-27T16:31:37+00:00","og_image":[{"width":1200,"height":1200,"url":"https:\/\/www.bordogna.com\/de\/wp-content\/uploads\/sites\/5\/2023\/06\/Key-Box-101-C-aperto.jpg","type":"image\/jpeg"}],"twitter_card":"summary_large_image","schema":{"@context":"https:\/\/schema.org","@graph":[{"@type":"WebPage","@id":"https:\/\/www.bordogna.com\/de\/products\/key-box\/","url":"https:\/\/www.bordogna.com\/de\/products\/key-box\/","name":"KEY BOX - bordogna de","isPartOf":{"@id":"https:\/\/www.bordogna.com\/de\/#website"},"primaryImageOfPage":{"@id":"https:\/\/www.bordogna.com\/de\/products\/key-box\/#primaryimage"},"image":{"@id":"https:\/\/www.bordogna.com\/de\/products\/key-box\/#primaryimage"},"thumbnailUrl":"https:\/\/www.bordogna.com\/de\/wp-content\/uploads\/sites\/5\/2023\/06\/Key-Box-101-C-aperto.jpg","datePublished":"2023-06-28T14:04:51+00:00","dateModified":"2024-02-27T16:31:37+00:00","breadcrumb":{"@id":"https:\/\/www.bordogna.com\/de\/products\/key-box\/#breadcrumb"},"inLanguage":"de","potentialAction":[{"@type":"ReadAction","target":["https:\/\/www.bordogna.com\/de\/products\/key-box\/"]}]},{"@type":"ImageObject","inLanguage":"de","@id":"https:\/\/www.bordogna.com\/de\/products\/key-box\/#primaryimage","url":"https:\/\/www.bordogna.com\/de\/wp-content\/uploads\/sites\/5\/2023\/06\/Key-Box-101-C-aperto.jpg","contentUrl":"https:\/\/www.bordogna.com\/de\/wp-content\/uploads\/sites\/5\/2023\/06\/Key-Box-101-C-aperto.jpg","width":1200,"height":1200},{"@type":"BreadcrumbList","@id":"https:\/\/www.bordogna.com\/de\/products\/key-box\/#breadcrumb","itemListElement":[{"@type":"ListItem","position":1,"name":"Home","item":"https:\/\/www.bordogna.com\/de\/"},{"@type":"ListItem","position":2,"name":"Shop","item":"https:\/\/www.bordogna.com\/de\/shop\/"},{"@type":"ListItem","position":3,"name":"KEY BOX"}]},{"@type":"WebSite","@id":"https:\/\/www.bordogna.com\/de\/#website","url":"https:\/\/www.bordogna.com\/de\/","name":"bordogna de","description":"","publisher":{"@id":"https:\/\/www.bordogna.com\/de\/#organization"},"potentialAction":[{"@type":"SearchAction","target":{"@type":"EntryPoint","urlTemplate":"https:\/\/www.bordogna.com\/de\/?s={search_term_string}"},"query-input":"required name=search_term_string"}],"inLanguage":"de"},{"@type":"Organization","@id":"https:\/\/www.bordogna.com\/de\/#organization","name":"bordogna de","url":"https:\/\/www.bordogna.com\/de\/","logo":{"@type":"ImageObject","inLanguage":"de","@id":"https:\/\/www.bordogna.com\/de\/#\/schema\/logo\/image\/","url":"https:\/\/www.bordogna.com\/de\/wp-content\/uploads\/sites\/5\/2022\/01\/logo-it.png","contentUrl":"https:\/\/www.bordogna.com\/de\/wp-content\/uploads\/sites\/5\/2022\/01\/logo-it.png","width":224,"height":106,"caption":"bordogna de"},"image":{"@id":"https:\/\/www.bordogna.com\/de\/#\/schema\/logo\/image\/"}}]}},"_links":{"self":[{"href":"https:\/\/www.bordogna.com\/de\/wp-json\/wp\/v2\/product\/3224","targetHints":{"allow":["GET"]}}],"collection":[{"href":"https:\/\/www.bordogna.com\/de\/wp-json\/wp\/v2\/product"}],"about":[{"href":"https:\/\/www.bordogna.com\/de\/wp-json\/wp\/v2\/types\/product"}],"replies":[{"embeddable":true,"href":"https:\/\/www.bordogna.com\/de\/wp-json\/wp\/v2\/comments?post=3224"}],"wp:featuredmedia":[{"embeddable":true,"href":"https:\/\/www.bordogna.com\/de\/wp-json\/wp\/v2\/media\/3225"}],"wp:attachment":[{"href":"https:\/\/www.bordogna.com\/de\/wp-json\/wp\/v2\/media?parent=3224"}],"wp:term":[{"taxonomy":"product_cat","embeddable":true,"href":"https:\/\/www.bordogna.com\/de\/wp-json\/wp\/v2\/product_cat?post=3224"},{"taxonomy":"product_tag","embeddable":true,"href":"https:\/\/www.bordogna.com\/de\/wp-json\/wp\/v2\/product_tag?post=3224"}],"curies":[{"name":"wp","href":"https:\/\/api.w.org\/{rel}","templated":true}]}}