{"id":2357,"date":"2022-06-01T10:03:55","date_gmt":"2022-06-01T08:03:55","guid":{"rendered":"https:\/\/www.bordogna.com\/de\/?post_type=product&#038;p=2357"},"modified":"2024-02-27T20:50:17","modified_gmt":"2024-02-27T19:50:17","slug":"brixia-gun","status":"publish","type":"product","link":"https:\/\/www.bordogna.com\/de\/products\/brixia-gun\/","title":{"rendered":"BRIXIA GUN PREMIUM"},"content":{"rendered":"","protected":false},"excerpt":{"rendered":"<p>BRIXIA GUN: Sch\u00fctzen Sie Ihre Waffen in einem erstklassigen Tresor.<\/p>\n<p>Made in Italy Design verwandelt einen Waffentresor in ein elegantes und faszinierendes M\u00f6belst\u00fcc.<\/p>\n<p>Die manuelle Handwerkskunstin der Liebe zum Detail macht Brixia Gun ein einzigartiges und originelles St\u00fcck.<\/p>\n<p>Die Qualit\u00e4t ist von dem einbruchsicheren Zertifikat nach der Europ\u00e4ischen Norm EN 1143-1 in Niveau I eindeutig ermittelt.<\/p>\n","protected":false},"featured_media":3183,"comment_status":"open","ping_status":"closed","template":"","meta":{"_acf_changed":false,"inline_featured_image":false},"product_cat":[20,32],"product_tag":[],"class_list":{"0":"post-2357","1":"product","2":"type-product","3":"status-publish","4":"has-post-thumbnail","6":"product_cat-tresore-fuer-zu-hause","7":"product_cat-waffenlager","8":"entry","10":"first","11":"instock","12":"shipping-taxable","13":"product-type-simple"},"acf":[],"yoast_head":"<!-- This site is optimized with the Yoast SEO plugin v22.6 - https:\/\/yoast.com\/wordpress\/plugins\/seo\/ -->\n<title>BRIXIA GUN PREMIUM - bordogna de<\/title>\n<meta name=\"robots\" content=\"index, follow, max-snippet:-1, max-image-preview:large, max-video-preview:-1\" \/>\n<link rel=\"canonical\" href=\"https:\/\/www.bordogna.com\/de\/products\/brixia-gun\/\" \/>\n<meta property=\"og:locale\" content=\"de_DE\" \/>\n<meta property=\"og:type\" content=\"article\" \/>\n<meta property=\"og:title\" content=\"BRIXIA GUN PREMIUM - bordogna de\" \/>\n<meta property=\"og:description\" content=\"BRIXIA GUN: Sch\u00fctzen Sie Ihre Waffen in einem erstklassigen Tresor.  Made in Italy Design verwandelt einen Waffentresor in ein elegantes und faszinierendes M\u00f6belst\u00fcc.  Die manuelle Handwerkskunstin der Liebe zum Detail macht Brixia Gun ein einzigartiges und originelles St\u00fcck.  Die Qualit\u00e4t ist von dem einbruchsicheren Zertifikat nach der Europ\u00e4ischen Norm EN 1143-1 in Niveau I eindeutig ermittelt.\" \/>\n<meta property=\"og:url\" content=\"https:\/\/www.bordogna.com\/de\/products\/brixia-gun\/\" \/>\n<meta property=\"og:site_name\" content=\"bordogna de\" \/>\n<meta property=\"article:modified_time\" content=\"2024-02-27T19:50:17+00:00\" \/>\n<meta property=\"og:image\" content=\"https:\/\/www.bordogna.com\/de\/wp-content\/uploads\/sites\/5\/2022\/06\/Brixia-Gun-Premium-allestita-accessori-nera-grigio.jpg\" \/>\n\t<meta property=\"og:image:width\" content=\"855\" \/>\n\t<meta property=\"og:image:height\" content=\"1200\" \/>\n\t<meta property=\"og:image:type\" content=\"image\/jpeg\" \/>\n<meta name=\"twitter:card\" content=\"summary_large_image\" \/>\n<script type=\"application\/ld+json\" class=\"yoast-schema-graph\">{\"@context\":\"https:\/\/schema.org\",\"@graph\":[{\"@type\":\"WebPage\",\"@id\":\"https:\/\/www.bordogna.com\/de\/products\/brixia-gun\/\",\"url\":\"https:\/\/www.bordogna.com\/de\/products\/brixia-gun\/\",\"name\":\"BRIXIA GUN PREMIUM - bordogna de\",\"isPartOf\":{\"@id\":\"https:\/\/www.bordogna.com\/de\/#website\"},\"primaryImageOfPage\":{\"@id\":\"https:\/\/www.bordogna.com\/de\/products\/brixia-gun\/#primaryimage\"},\"image\":{\"@id\":\"https:\/\/www.bordogna.com\/de\/products\/brixia-gun\/#primaryimage\"},\"thumbnailUrl\":\"https:\/\/www.bordogna.com\/de\/wp-content\/uploads\/sites\/5\/2022\/06\/Brixia-Gun-Premium-allestita-accessori-nera-grigio.jpg\",\"datePublished\":\"2022-06-01T08:03:55+00:00\",\"dateModified\":\"2024-02-27T19:50:17+00:00\",\"breadcrumb\":{\"@id\":\"https:\/\/www.bordogna.com\/de\/products\/brixia-gun\/#breadcrumb\"},\"inLanguage\":\"de\",\"potentialAction\":[{\"@type\":\"ReadAction\",\"target\":[\"https:\/\/www.bordogna.com\/de\/products\/brixia-gun\/\"]}]},{\"@type\":\"ImageObject\",\"inLanguage\":\"de\",\"@id\":\"https:\/\/www.bordogna.com\/de\/products\/brixia-gun\/#primaryimage\",\"url\":\"https:\/\/www.bordogna.com\/de\/wp-content\/uploads\/sites\/5\/2022\/06\/Brixia-Gun-Premium-allestita-accessori-nera-grigio.jpg\",\"contentUrl\":\"https:\/\/www.bordogna.com\/de\/wp-content\/uploads\/sites\/5\/2022\/06\/Brixia-Gun-Premium-allestita-accessori-nera-grigio.jpg\",\"width\":855,\"height\":1200},{\"@type\":\"BreadcrumbList\",\"@id\":\"https:\/\/www.bordogna.com\/de\/products\/brixia-gun\/#breadcrumb\",\"itemListElement\":[{\"@type\":\"ListItem\",\"position\":1,\"name\":\"Home\",\"item\":\"https:\/\/www.bordogna.com\/de\/\"},{\"@type\":\"ListItem\",\"position\":2,\"name\":\"Shop\",\"item\":\"https:\/\/www.bordogna.com\/de\/shop\/\"},{\"@type\":\"ListItem\",\"position\":3,\"name\":\"BRIXIA GUN PREMIUM\"}]},{\"@type\":\"WebSite\",\"@id\":\"https:\/\/www.bordogna.com\/de\/#website\",\"url\":\"https:\/\/www.bordogna.com\/de\/\",\"name\":\"bordogna de\",\"description\":\"\",\"publisher\":{\"@id\":\"https:\/\/www.bordogna.com\/de\/#organization\"},\"potentialAction\":[{\"@type\":\"SearchAction\",\"target\":{\"@type\":\"EntryPoint\",\"urlTemplate\":\"https:\/\/www.bordogna.com\/de\/?s={search_term_string}\"},\"query-input\":\"required name=search_term_string\"}],\"inLanguage\":\"de\"},{\"@type\":\"Organization\",\"@id\":\"https:\/\/www.bordogna.com\/de\/#organization\",\"name\":\"bordogna de\",\"url\":\"https:\/\/www.bordogna.com\/de\/\",\"logo\":{\"@type\":\"ImageObject\",\"inLanguage\":\"de\",\"@id\":\"https:\/\/www.bordogna.com\/de\/#\/schema\/logo\/image\/\",\"url\":\"https:\/\/www.bordogna.com\/de\/wp-content\/uploads\/sites\/5\/2022\/01\/logo-it.png\",\"contentUrl\":\"https:\/\/www.bordogna.com\/de\/wp-content\/uploads\/sites\/5\/2022\/01\/logo-it.png\",\"width\":224,\"height\":106,\"caption\":\"bordogna de\"},\"image\":{\"@id\":\"https:\/\/www.bordogna.com\/de\/#\/schema\/logo\/image\/\"}}]}<\/script>\n<!-- \/ Yoast SEO plugin. -->","yoast_head_json":{"title":"BRIXIA GUN PREMIUM - bordogna de","robots":{"index":"index","follow":"follow","max-snippet":"max-snippet:-1","max-image-preview":"max-image-preview:large","max-video-preview":"max-video-preview:-1"},"canonical":"https:\/\/www.bordogna.com\/de\/products\/brixia-gun\/","og_locale":"de_DE","og_type":"article","og_title":"BRIXIA GUN PREMIUM - bordogna de","og_description":"BRIXIA GUN: Sch\u00fctzen Sie Ihre Waffen in einem erstklassigen Tresor.  Made in Italy Design verwandelt einen Waffentresor in ein elegantes und faszinierendes M\u00f6belst\u00fcc.  Die manuelle Handwerkskunstin der Liebe zum Detail macht Brixia Gun ein einzigartiges und originelles St\u00fcck.  Die Qualit\u00e4t ist von dem einbruchsicheren Zertifikat nach der Europ\u00e4ischen Norm EN 1143-1 in Niveau I eindeutig ermittelt.","og_url":"https:\/\/www.bordogna.com\/de\/products\/brixia-gun\/","og_site_name":"bordogna de","article_modified_time":"2024-02-27T19:50:17+00:00","og_image":[{"width":855,"height":1200,"url":"https:\/\/www.bordogna.com\/de\/wp-content\/uploads\/sites\/5\/2022\/06\/Brixia-Gun-Premium-allestita-accessori-nera-grigio.jpg","type":"image\/jpeg"}],"twitter_card":"summary_large_image","schema":{"@context":"https:\/\/schema.org","@graph":[{"@type":"WebPage","@id":"https:\/\/www.bordogna.com\/de\/products\/brixia-gun\/","url":"https:\/\/www.bordogna.com\/de\/products\/brixia-gun\/","name":"BRIXIA GUN PREMIUM - bordogna de","isPartOf":{"@id":"https:\/\/www.bordogna.com\/de\/#website"},"primaryImageOfPage":{"@id":"https:\/\/www.bordogna.com\/de\/products\/brixia-gun\/#primaryimage"},"image":{"@id":"https:\/\/www.bordogna.com\/de\/products\/brixia-gun\/#primaryimage"},"thumbnailUrl":"https:\/\/www.bordogna.com\/de\/wp-content\/uploads\/sites\/5\/2022\/06\/Brixia-Gun-Premium-allestita-accessori-nera-grigio.jpg","datePublished":"2022-06-01T08:03:55+00:00","dateModified":"2024-02-27T19:50:17+00:00","breadcrumb":{"@id":"https:\/\/www.bordogna.com\/de\/products\/brixia-gun\/#breadcrumb"},"inLanguage":"de","potentialAction":[{"@type":"ReadAction","target":["https:\/\/www.bordogna.com\/de\/products\/brixia-gun\/"]}]},{"@type":"ImageObject","inLanguage":"de","@id":"https:\/\/www.bordogna.com\/de\/products\/brixia-gun\/#primaryimage","url":"https:\/\/www.bordogna.com\/de\/wp-content\/uploads\/sites\/5\/2022\/06\/Brixia-Gun-Premium-allestita-accessori-nera-grigio.jpg","contentUrl":"https:\/\/www.bordogna.com\/de\/wp-content\/uploads\/sites\/5\/2022\/06\/Brixia-Gun-Premium-allestita-accessori-nera-grigio.jpg","width":855,"height":1200},{"@type":"BreadcrumbList","@id":"https:\/\/www.bordogna.com\/de\/products\/brixia-gun\/#breadcrumb","itemListElement":[{"@type":"ListItem","position":1,"name":"Home","item":"https:\/\/www.bordogna.com\/de\/"},{"@type":"ListItem","position":2,"name":"Shop","item":"https:\/\/www.bordogna.com\/de\/shop\/"},{"@type":"ListItem","position":3,"name":"BRIXIA GUN PREMIUM"}]},{"@type":"WebSite","@id":"https:\/\/www.bordogna.com\/de\/#website","url":"https:\/\/www.bordogna.com\/de\/","name":"bordogna de","description":"","publisher":{"@id":"https:\/\/www.bordogna.com\/de\/#organization"},"potentialAction":[{"@type":"SearchAction","target":{"@type":"EntryPoint","urlTemplate":"https:\/\/www.bordogna.com\/de\/?s={search_term_string}"},"query-input":"required name=search_term_string"}],"inLanguage":"de"},{"@type":"Organization","@id":"https:\/\/www.bordogna.com\/de\/#organization","name":"bordogna de","url":"https:\/\/www.bordogna.com\/de\/","logo":{"@type":"ImageObject","inLanguage":"de","@id":"https:\/\/www.bordogna.com\/de\/#\/schema\/logo\/image\/","url":"https:\/\/www.bordogna.com\/de\/wp-content\/uploads\/sites\/5\/2022\/01\/logo-it.png","contentUrl":"https:\/\/www.bordogna.com\/de\/wp-content\/uploads\/sites\/5\/2022\/01\/logo-it.png","width":224,"height":106,"caption":"bordogna de"},"image":{"@id":"https:\/\/www.bordogna.com\/de\/#\/schema\/logo\/image\/"}}]}},"_links":{"self":[{"href":"https:\/\/www.bordogna.com\/de\/wp-json\/wp\/v2\/product\/2357","targetHints":{"allow":["GET"]}}],"collection":[{"href":"https:\/\/www.bordogna.com\/de\/wp-json\/wp\/v2\/product"}],"about":[{"href":"https:\/\/www.bordogna.com\/de\/wp-json\/wp\/v2\/types\/product"}],"replies":[{"embeddable":true,"href":"https:\/\/www.bordogna.com\/de\/wp-json\/wp\/v2\/comments?post=2357"}],"wp:featuredmedia":[{"embeddable":true,"href":"https:\/\/www.bordogna.com\/de\/wp-json\/wp\/v2\/media\/3183"}],"wp:attachment":[{"href":"https:\/\/www.bordogna.com\/de\/wp-json\/wp\/v2\/media?parent=2357"}],"wp:term":[{"taxonomy":"product_cat","embeddable":true,"href":"https:\/\/www.bordogna.com\/de\/wp-json\/wp\/v2\/product_cat?post=2357"},{"taxonomy":"product_tag","embeddable":true,"href":"https:\/\/www.bordogna.com\/de\/wp-json\/wp\/v2\/product_tag?post=2357"}],"curies":[{"name":"wp","href":"https:\/\/api.w.org\/{rel}","templated":true}]}}