{"id":2330,"date":"2022-06-01T08:51:59","date_gmt":"2022-06-01T06:51:59","guid":{"rendered":"https:\/\/www.bordogna.com\/de\/?post_type=product&#038;p=2330"},"modified":"2024-02-27T21:26:25","modified_gmt":"2024-02-27T20:26:25","slug":"titano","status":"publish","type":"product","link":"https:\/\/www.bordogna.com\/de\/products\/titano\/","title":{"rendered":"TITANO"},"content":{"rendered":"","protected":false},"excerpt":{"rendered":"<p>Die Technologie und das ergonomische Design spielen eine Schl\u00fcsselrolle in dem Aufbau der Tresort\u00fcren TITANO.<br \/>\nDie T\u00fcren bieten die h\u00f6chsten Sicherheitsniveaus und sind gegen Handangriffe sowie gegen Angriffe mit modernen machanischen und thermischen Einbruchwerkzeugen widerstandsf\u00e4hig.<\/p>\n","protected":false},"featured_media":2331,"comment_status":"open","ping_status":"closed","template":"","meta":{"_acf_changed":false,"inline_featured_image":false},"product_cat":[37],"product_tag":[],"class_list":{"0":"post-2330","1":"product","2":"type-product","3":"status-publish","4":"has-post-thumbnail","6":"product_cat-gepanzerte-tueren","7":"entry","9":"first","10":"instock","11":"shipping-taxable","12":"product-type-simple"},"acf":[],"yoast_head":"<!-- This site is optimized with the Yoast SEO plugin v22.6 - https:\/\/yoast.com\/wordpress\/plugins\/seo\/ -->\n<title>TITANO - bordogna de<\/title>\n<meta name=\"robots\" content=\"index, follow, max-snippet:-1, max-image-preview:large, max-video-preview:-1\" \/>\n<link rel=\"canonical\" href=\"https:\/\/www.bordogna.com\/de\/products\/titano\/\" \/>\n<meta property=\"og:locale\" content=\"de_DE\" \/>\n<meta property=\"og:type\" content=\"article\" \/>\n<meta property=\"og:title\" content=\"TITANO - bordogna de\" \/>\n<meta property=\"og:description\" content=\"Die Technologie und das ergonomische Design spielen eine Schl\u00fcsselrolle in dem Aufbau der Tresort\u00fcren TITANO. Die T\u00fcren bieten die h\u00f6chsten Sicherheitsniveaus und sind gegen Handangriffe sowie gegen Angriffe mit modernen machanischen und thermischen Einbruchwerkzeugen widerstandsf\u00e4hig.\" \/>\n<meta property=\"og:url\" content=\"https:\/\/www.bordogna.com\/de\/products\/titano\/\" \/>\n<meta property=\"og:site_name\" content=\"bordogna de\" \/>\n<meta property=\"article:modified_time\" content=\"2024-02-27T20:26:25+00:00\" \/>\n<meta property=\"og:image\" content=\"https:\/\/www.bordogna.com\/de\/wp-content\/uploads\/sites\/5\/2022\/06\/Titano-PK20.jpg\" \/>\n\t<meta property=\"og:image:width\" content=\"948\" \/>\n\t<meta property=\"og:image:height\" content=\"1800\" \/>\n\t<meta property=\"og:image:type\" content=\"image\/jpeg\" \/>\n<meta name=\"twitter:card\" content=\"summary_large_image\" \/>\n<script type=\"application\/ld+json\" class=\"yoast-schema-graph\">{\"@context\":\"https:\/\/schema.org\",\"@graph\":[{\"@type\":\"WebPage\",\"@id\":\"https:\/\/www.bordogna.com\/de\/products\/titano\/\",\"url\":\"https:\/\/www.bordogna.com\/de\/products\/titano\/\",\"name\":\"TITANO - bordogna de\",\"isPartOf\":{\"@id\":\"https:\/\/www.bordogna.com\/de\/#website\"},\"primaryImageOfPage\":{\"@id\":\"https:\/\/www.bordogna.com\/de\/products\/titano\/#primaryimage\"},\"image\":{\"@id\":\"https:\/\/www.bordogna.com\/de\/products\/titano\/#primaryimage\"},\"thumbnailUrl\":\"https:\/\/www.bordogna.com\/de\/wp-content\/uploads\/sites\/5\/2022\/06\/Titano-PK20.jpg\",\"datePublished\":\"2022-06-01T06:51:59+00:00\",\"dateModified\":\"2024-02-27T20:26:25+00:00\",\"breadcrumb\":{\"@id\":\"https:\/\/www.bordogna.com\/de\/products\/titano\/#breadcrumb\"},\"inLanguage\":\"de\",\"potentialAction\":[{\"@type\":\"ReadAction\",\"target\":[\"https:\/\/www.bordogna.com\/de\/products\/titano\/\"]}]},{\"@type\":\"ImageObject\",\"inLanguage\":\"de\",\"@id\":\"https:\/\/www.bordogna.com\/de\/products\/titano\/#primaryimage\",\"url\":\"https:\/\/www.bordogna.com\/de\/wp-content\/uploads\/sites\/5\/2022\/06\/Titano-PK20.jpg\",\"contentUrl\":\"https:\/\/www.bordogna.com\/de\/wp-content\/uploads\/sites\/5\/2022\/06\/Titano-PK20.jpg\",\"width\":948,\"height\":1800},{\"@type\":\"BreadcrumbList\",\"@id\":\"https:\/\/www.bordogna.com\/de\/products\/titano\/#breadcrumb\",\"itemListElement\":[{\"@type\":\"ListItem\",\"position\":1,\"name\":\"Home\",\"item\":\"https:\/\/www.bordogna.com\/de\/\"},{\"@type\":\"ListItem\",\"position\":2,\"name\":\"Shop\",\"item\":\"https:\/\/www.bordogna.com\/de\/shop\/\"},{\"@type\":\"ListItem\",\"position\":3,\"name\":\"TITANO\"}]},{\"@type\":\"WebSite\",\"@id\":\"https:\/\/www.bordogna.com\/de\/#website\",\"url\":\"https:\/\/www.bordogna.com\/de\/\",\"name\":\"bordogna de\",\"description\":\"\",\"publisher\":{\"@id\":\"https:\/\/www.bordogna.com\/de\/#organization\"},\"potentialAction\":[{\"@type\":\"SearchAction\",\"target\":{\"@type\":\"EntryPoint\",\"urlTemplate\":\"https:\/\/www.bordogna.com\/de\/?s={search_term_string}\"},\"query-input\":\"required name=search_term_string\"}],\"inLanguage\":\"de\"},{\"@type\":\"Organization\",\"@id\":\"https:\/\/www.bordogna.com\/de\/#organization\",\"name\":\"bordogna de\",\"url\":\"https:\/\/www.bordogna.com\/de\/\",\"logo\":{\"@type\":\"ImageObject\",\"inLanguage\":\"de\",\"@id\":\"https:\/\/www.bordogna.com\/de\/#\/schema\/logo\/image\/\",\"url\":\"https:\/\/www.bordogna.com\/de\/wp-content\/uploads\/sites\/5\/2022\/01\/logo-it.png\",\"contentUrl\":\"https:\/\/www.bordogna.com\/de\/wp-content\/uploads\/sites\/5\/2022\/01\/logo-it.png\",\"width\":224,\"height\":106,\"caption\":\"bordogna de\"},\"image\":{\"@id\":\"https:\/\/www.bordogna.com\/de\/#\/schema\/logo\/image\/\"}}]}<\/script>\n<!-- \/ Yoast SEO plugin. -->","yoast_head_json":{"title":"TITANO - bordogna de","robots":{"index":"index","follow":"follow","max-snippet":"max-snippet:-1","max-image-preview":"max-image-preview:large","max-video-preview":"max-video-preview:-1"},"canonical":"https:\/\/www.bordogna.com\/de\/products\/titano\/","og_locale":"de_DE","og_type":"article","og_title":"TITANO - bordogna de","og_description":"Die Technologie und das ergonomische Design spielen eine Schl\u00fcsselrolle in dem Aufbau der Tresort\u00fcren TITANO. Die T\u00fcren bieten die h\u00f6chsten Sicherheitsniveaus und sind gegen Handangriffe sowie gegen Angriffe mit modernen machanischen und thermischen Einbruchwerkzeugen widerstandsf\u00e4hig.","og_url":"https:\/\/www.bordogna.com\/de\/products\/titano\/","og_site_name":"bordogna de","article_modified_time":"2024-02-27T20:26:25+00:00","og_image":[{"width":948,"height":1800,"url":"https:\/\/www.bordogna.com\/de\/wp-content\/uploads\/sites\/5\/2022\/06\/Titano-PK20.jpg","type":"image\/jpeg"}],"twitter_card":"summary_large_image","schema":{"@context":"https:\/\/schema.org","@graph":[{"@type":"WebPage","@id":"https:\/\/www.bordogna.com\/de\/products\/titano\/","url":"https:\/\/www.bordogna.com\/de\/products\/titano\/","name":"TITANO - bordogna de","isPartOf":{"@id":"https:\/\/www.bordogna.com\/de\/#website"},"primaryImageOfPage":{"@id":"https:\/\/www.bordogna.com\/de\/products\/titano\/#primaryimage"},"image":{"@id":"https:\/\/www.bordogna.com\/de\/products\/titano\/#primaryimage"},"thumbnailUrl":"https:\/\/www.bordogna.com\/de\/wp-content\/uploads\/sites\/5\/2022\/06\/Titano-PK20.jpg","datePublished":"2022-06-01T06:51:59+00:00","dateModified":"2024-02-27T20:26:25+00:00","breadcrumb":{"@id":"https:\/\/www.bordogna.com\/de\/products\/titano\/#breadcrumb"},"inLanguage":"de","potentialAction":[{"@type":"ReadAction","target":["https:\/\/www.bordogna.com\/de\/products\/titano\/"]}]},{"@type":"ImageObject","inLanguage":"de","@id":"https:\/\/www.bordogna.com\/de\/products\/titano\/#primaryimage","url":"https:\/\/www.bordogna.com\/de\/wp-content\/uploads\/sites\/5\/2022\/06\/Titano-PK20.jpg","contentUrl":"https:\/\/www.bordogna.com\/de\/wp-content\/uploads\/sites\/5\/2022\/06\/Titano-PK20.jpg","width":948,"height":1800},{"@type":"BreadcrumbList","@id":"https:\/\/www.bordogna.com\/de\/products\/titano\/#breadcrumb","itemListElement":[{"@type":"ListItem","position":1,"name":"Home","item":"https:\/\/www.bordogna.com\/de\/"},{"@type":"ListItem","position":2,"name":"Shop","item":"https:\/\/www.bordogna.com\/de\/shop\/"},{"@type":"ListItem","position":3,"name":"TITANO"}]},{"@type":"WebSite","@id":"https:\/\/www.bordogna.com\/de\/#website","url":"https:\/\/www.bordogna.com\/de\/","name":"bordogna de","description":"","publisher":{"@id":"https:\/\/www.bordogna.com\/de\/#organization"},"potentialAction":[{"@type":"SearchAction","target":{"@type":"EntryPoint","urlTemplate":"https:\/\/www.bordogna.com\/de\/?s={search_term_string}"},"query-input":"required name=search_term_string"}],"inLanguage":"de"},{"@type":"Organization","@id":"https:\/\/www.bordogna.com\/de\/#organization","name":"bordogna de","url":"https:\/\/www.bordogna.com\/de\/","logo":{"@type":"ImageObject","inLanguage":"de","@id":"https:\/\/www.bordogna.com\/de\/#\/schema\/logo\/image\/","url":"https:\/\/www.bordogna.com\/de\/wp-content\/uploads\/sites\/5\/2022\/01\/logo-it.png","contentUrl":"https:\/\/www.bordogna.com\/de\/wp-content\/uploads\/sites\/5\/2022\/01\/logo-it.png","width":224,"height":106,"caption":"bordogna de"},"image":{"@id":"https:\/\/www.bordogna.com\/de\/#\/schema\/logo\/image\/"}}]}},"_links":{"self":[{"href":"https:\/\/www.bordogna.com\/de\/wp-json\/wp\/v2\/product\/2330","targetHints":{"allow":["GET"]}}],"collection":[{"href":"https:\/\/www.bordogna.com\/de\/wp-json\/wp\/v2\/product"}],"about":[{"href":"https:\/\/www.bordogna.com\/de\/wp-json\/wp\/v2\/types\/product"}],"replies":[{"embeddable":true,"href":"https:\/\/www.bordogna.com\/de\/wp-json\/wp\/v2\/comments?post=2330"}],"wp:featuredmedia":[{"embeddable":true,"href":"https:\/\/www.bordogna.com\/de\/wp-json\/wp\/v2\/media\/2331"}],"wp:attachment":[{"href":"https:\/\/www.bordogna.com\/de\/wp-json\/wp\/v2\/media?parent=2330"}],"wp:term":[{"taxonomy":"product_cat","embeddable":true,"href":"https:\/\/www.bordogna.com\/de\/wp-json\/wp\/v2\/product_cat?post=2330"},{"taxonomy":"product_tag","embeddable":true,"href":"https:\/\/www.bordogna.com\/de\/wp-json\/wp\/v2\/product_tag?post=2330"}],"curies":[{"name":"wp","href":"https:\/\/api.w.org\/{rel}","templated":true}]}}