{"id":2301,"date":"2022-05-31T16:42:25","date_gmt":"2022-05-31T14:42:25","guid":{"rendered":"https:\/\/www.bordogna.com\/de\/?post_type=product&#038;p=2301"},"modified":"2024-03-08T14:04:58","modified_gmt":"2024-03-08T13:04:58","slug":"rubin-pro-sb","status":"publish","type":"product","link":"https:\/\/www.bordogna.com\/de\/products\/rubin-pro-sb\/","title":{"rendered":"RUBIN PRO SB"},"content":{"rendered":"","protected":false},"excerpt":{"rendered":"<p>Der Wertschutzschrank RUBIN PRO nach EN 1143-1 Grad III mit geringen Wandungsst\u00e4rken und volumenoptimierten und kos- tenbewussten Nutzungsm\u00f6glichkeiten ist der ideale Schrank f\u00fcr gewerbliche Nutzungen. Zur Sicherung hoher Bargeldmengen.<\/p>\n","protected":false},"featured_media":2943,"comment_status":"open","ping_status":"closed","template":"","meta":{"_acf_changed":false,"inline_featured_image":false},"product_cat":[20,29],"product_tag":[],"class_list":{"0":"post-2301","1":"product","2":"type-product","3":"status-publish","4":"has-post-thumbnail","6":"product_cat-tresore-fuer-zu-hause","7":"product_cat-moebeleinsatztresor","8":"entry","10":"first","11":"instock","12":"shipping-taxable","13":"product-type-simple"},"acf":[],"yoast_head":"<!-- This site is optimized with the Yoast SEO plugin v22.6 - https:\/\/yoast.com\/wordpress\/plugins\/seo\/ -->\n<title>RUBIN PRO SB - bordogna de<\/title>\n<meta name=\"robots\" content=\"index, follow, max-snippet:-1, max-image-preview:large, max-video-preview:-1\" \/>\n<link rel=\"canonical\" href=\"https:\/\/www.bordogna.com\/de\/products\/rubin-pro-sb\/\" \/>\n<meta property=\"og:locale\" content=\"de_DE\" \/>\n<meta property=\"og:type\" content=\"article\" \/>\n<meta property=\"og:title\" content=\"RUBIN PRO SB - bordogna de\" \/>\n<meta property=\"og:description\" content=\"Der Wertschutzschrank RUBIN PRO nach EN 1143-1 Grad III mit geringen Wandungsst\u00e4rken und volumenoptimierten und kos- tenbewussten Nutzungsm\u00f6glichkeiten ist der ideale Schrank f\u00fcr gewerbliche Nutzungen. Zur Sicherung hoher Bargeldmengen.\" \/>\n<meta property=\"og:url\" content=\"https:\/\/www.bordogna.com\/de\/products\/rubin-pro-sb\/\" \/>\n<meta property=\"og:site_name\" content=\"bordogna de\" \/>\n<meta property=\"article:modified_time\" content=\"2024-03-08T13:04:58+00:00\" \/>\n<meta property=\"og:image\" content=\"https:\/\/www.bordogna.com\/de\/wp-content\/uploads\/sites\/5\/2022\/05\/Rubin-Pro-60-aperta.jpg\" \/>\n\t<meta property=\"og:image:width\" content=\"1251\" \/>\n\t<meta property=\"og:image:height\" content=\"2346\" \/>\n\t<meta property=\"og:image:type\" content=\"image\/jpeg\" \/>\n<meta name=\"twitter:card\" content=\"summary_large_image\" \/>\n<script type=\"application\/ld+json\" class=\"yoast-schema-graph\">{\"@context\":\"https:\/\/schema.org\",\"@graph\":[{\"@type\":\"WebPage\",\"@id\":\"https:\/\/www.bordogna.com\/de\/products\/rubin-pro-sb\/\",\"url\":\"https:\/\/www.bordogna.com\/de\/products\/rubin-pro-sb\/\",\"name\":\"RUBIN PRO SB - bordogna de\",\"isPartOf\":{\"@id\":\"https:\/\/www.bordogna.com\/de\/#website\"},\"primaryImageOfPage\":{\"@id\":\"https:\/\/www.bordogna.com\/de\/products\/rubin-pro-sb\/#primaryimage\"},\"image\":{\"@id\":\"https:\/\/www.bordogna.com\/de\/products\/rubin-pro-sb\/#primaryimage\"},\"thumbnailUrl\":\"https:\/\/www.bordogna.com\/de\/wp-content\/uploads\/sites\/5\/2022\/05\/Rubin-Pro-60-aperta.jpg\",\"datePublished\":\"2022-05-31T14:42:25+00:00\",\"dateModified\":\"2024-03-08T13:04:58+00:00\",\"breadcrumb\":{\"@id\":\"https:\/\/www.bordogna.com\/de\/products\/rubin-pro-sb\/#breadcrumb\"},\"inLanguage\":\"de\",\"potentialAction\":[{\"@type\":\"ReadAction\",\"target\":[\"https:\/\/www.bordogna.com\/de\/products\/rubin-pro-sb\/\"]}]},{\"@type\":\"ImageObject\",\"inLanguage\":\"de\",\"@id\":\"https:\/\/www.bordogna.com\/de\/products\/rubin-pro-sb\/#primaryimage\",\"url\":\"https:\/\/www.bordogna.com\/de\/wp-content\/uploads\/sites\/5\/2022\/05\/Rubin-Pro-60-aperta.jpg\",\"contentUrl\":\"https:\/\/www.bordogna.com\/de\/wp-content\/uploads\/sites\/5\/2022\/05\/Rubin-Pro-60-aperta.jpg\",\"width\":1251,\"height\":2346},{\"@type\":\"BreadcrumbList\",\"@id\":\"https:\/\/www.bordogna.com\/de\/products\/rubin-pro-sb\/#breadcrumb\",\"itemListElement\":[{\"@type\":\"ListItem\",\"position\":1,\"name\":\"Home\",\"item\":\"https:\/\/www.bordogna.com\/de\/\"},{\"@type\":\"ListItem\",\"position\":2,\"name\":\"Shop\",\"item\":\"https:\/\/www.bordogna.com\/de\/shop\/\"},{\"@type\":\"ListItem\",\"position\":3,\"name\":\"RUBIN PRO SB\"}]},{\"@type\":\"WebSite\",\"@id\":\"https:\/\/www.bordogna.com\/de\/#website\",\"url\":\"https:\/\/www.bordogna.com\/de\/\",\"name\":\"bordogna de\",\"description\":\"\",\"publisher\":{\"@id\":\"https:\/\/www.bordogna.com\/de\/#organization\"},\"potentialAction\":[{\"@type\":\"SearchAction\",\"target\":{\"@type\":\"EntryPoint\",\"urlTemplate\":\"https:\/\/www.bordogna.com\/de\/?s={search_term_string}\"},\"query-input\":\"required name=search_term_string\"}],\"inLanguage\":\"de\"},{\"@type\":\"Organization\",\"@id\":\"https:\/\/www.bordogna.com\/de\/#organization\",\"name\":\"bordogna de\",\"url\":\"https:\/\/www.bordogna.com\/de\/\",\"logo\":{\"@type\":\"ImageObject\",\"inLanguage\":\"de\",\"@id\":\"https:\/\/www.bordogna.com\/de\/#\/schema\/logo\/image\/\",\"url\":\"https:\/\/www.bordogna.com\/de\/wp-content\/uploads\/sites\/5\/2022\/01\/logo-it.png\",\"contentUrl\":\"https:\/\/www.bordogna.com\/de\/wp-content\/uploads\/sites\/5\/2022\/01\/logo-it.png\",\"width\":224,\"height\":106,\"caption\":\"bordogna de\"},\"image\":{\"@id\":\"https:\/\/www.bordogna.com\/de\/#\/schema\/logo\/image\/\"}}]}<\/script>\n<!-- \/ Yoast SEO plugin. -->","yoast_head_json":{"title":"RUBIN PRO SB - bordogna de","robots":{"index":"index","follow":"follow","max-snippet":"max-snippet:-1","max-image-preview":"max-image-preview:large","max-video-preview":"max-video-preview:-1"},"canonical":"https:\/\/www.bordogna.com\/de\/products\/rubin-pro-sb\/","og_locale":"de_DE","og_type":"article","og_title":"RUBIN PRO SB - bordogna de","og_description":"Der Wertschutzschrank RUBIN PRO nach EN 1143-1 Grad III mit geringen Wandungsst\u00e4rken und volumenoptimierten und kos- tenbewussten Nutzungsm\u00f6glichkeiten ist der ideale Schrank f\u00fcr gewerbliche Nutzungen. Zur Sicherung hoher Bargeldmengen.","og_url":"https:\/\/www.bordogna.com\/de\/products\/rubin-pro-sb\/","og_site_name":"bordogna de","article_modified_time":"2024-03-08T13:04:58+00:00","og_image":[{"width":1251,"height":2346,"url":"https:\/\/www.bordogna.com\/de\/wp-content\/uploads\/sites\/5\/2022\/05\/Rubin-Pro-60-aperta.jpg","type":"image\/jpeg"}],"twitter_card":"summary_large_image","schema":{"@context":"https:\/\/schema.org","@graph":[{"@type":"WebPage","@id":"https:\/\/www.bordogna.com\/de\/products\/rubin-pro-sb\/","url":"https:\/\/www.bordogna.com\/de\/products\/rubin-pro-sb\/","name":"RUBIN PRO SB - bordogna de","isPartOf":{"@id":"https:\/\/www.bordogna.com\/de\/#website"},"primaryImageOfPage":{"@id":"https:\/\/www.bordogna.com\/de\/products\/rubin-pro-sb\/#primaryimage"},"image":{"@id":"https:\/\/www.bordogna.com\/de\/products\/rubin-pro-sb\/#primaryimage"},"thumbnailUrl":"https:\/\/www.bordogna.com\/de\/wp-content\/uploads\/sites\/5\/2022\/05\/Rubin-Pro-60-aperta.jpg","datePublished":"2022-05-31T14:42:25+00:00","dateModified":"2024-03-08T13:04:58+00:00","breadcrumb":{"@id":"https:\/\/www.bordogna.com\/de\/products\/rubin-pro-sb\/#breadcrumb"},"inLanguage":"de","potentialAction":[{"@type":"ReadAction","target":["https:\/\/www.bordogna.com\/de\/products\/rubin-pro-sb\/"]}]},{"@type":"ImageObject","inLanguage":"de","@id":"https:\/\/www.bordogna.com\/de\/products\/rubin-pro-sb\/#primaryimage","url":"https:\/\/www.bordogna.com\/de\/wp-content\/uploads\/sites\/5\/2022\/05\/Rubin-Pro-60-aperta.jpg","contentUrl":"https:\/\/www.bordogna.com\/de\/wp-content\/uploads\/sites\/5\/2022\/05\/Rubin-Pro-60-aperta.jpg","width":1251,"height":2346},{"@type":"BreadcrumbList","@id":"https:\/\/www.bordogna.com\/de\/products\/rubin-pro-sb\/#breadcrumb","itemListElement":[{"@type":"ListItem","position":1,"name":"Home","item":"https:\/\/www.bordogna.com\/de\/"},{"@type":"ListItem","position":2,"name":"Shop","item":"https:\/\/www.bordogna.com\/de\/shop\/"},{"@type":"ListItem","position":3,"name":"RUBIN PRO SB"}]},{"@type":"WebSite","@id":"https:\/\/www.bordogna.com\/de\/#website","url":"https:\/\/www.bordogna.com\/de\/","name":"bordogna de","description":"","publisher":{"@id":"https:\/\/www.bordogna.com\/de\/#organization"},"potentialAction":[{"@type":"SearchAction","target":{"@type":"EntryPoint","urlTemplate":"https:\/\/www.bordogna.com\/de\/?s={search_term_string}"},"query-input":"required name=search_term_string"}],"inLanguage":"de"},{"@type":"Organization","@id":"https:\/\/www.bordogna.com\/de\/#organization","name":"bordogna de","url":"https:\/\/www.bordogna.com\/de\/","logo":{"@type":"ImageObject","inLanguage":"de","@id":"https:\/\/www.bordogna.com\/de\/#\/schema\/logo\/image\/","url":"https:\/\/www.bordogna.com\/de\/wp-content\/uploads\/sites\/5\/2022\/01\/logo-it.png","contentUrl":"https:\/\/www.bordogna.com\/de\/wp-content\/uploads\/sites\/5\/2022\/01\/logo-it.png","width":224,"height":106,"caption":"bordogna de"},"image":{"@id":"https:\/\/www.bordogna.com\/de\/#\/schema\/logo\/image\/"}}]}},"_links":{"self":[{"href":"https:\/\/www.bordogna.com\/de\/wp-json\/wp\/v2\/product\/2301","targetHints":{"allow":["GET"]}}],"collection":[{"href":"https:\/\/www.bordogna.com\/de\/wp-json\/wp\/v2\/product"}],"about":[{"href":"https:\/\/www.bordogna.com\/de\/wp-json\/wp\/v2\/types\/product"}],"replies":[{"embeddable":true,"href":"https:\/\/www.bordogna.com\/de\/wp-json\/wp\/v2\/comments?post=2301"}],"wp:featuredmedia":[{"embeddable":true,"href":"https:\/\/www.bordogna.com\/de\/wp-json\/wp\/v2\/media\/2943"}],"wp:attachment":[{"href":"https:\/\/www.bordogna.com\/de\/wp-json\/wp\/v2\/media?parent=2301"}],"wp:term":[{"taxonomy":"product_cat","embeddable":true,"href":"https:\/\/www.bordogna.com\/de\/wp-json\/wp\/v2\/product_cat?post=2301"},{"taxonomy":"product_tag","embeddable":true,"href":"https:\/\/www.bordogna.com\/de\/wp-json\/wp\/v2\/product_tag?post=2301"}],"curies":[{"name":"wp","href":"https:\/\/api.w.org\/{rel}","templated":true}]}}