{"id":2288,"date":"2022-05-31T16:15:06","date_gmt":"2022-05-31T14:15:06","guid":{"rendered":"https:\/\/www.bordogna.com\/de\/?post_type=product&#038;p=2288"},"modified":"2024-03-08T14:59:20","modified_gmt":"2024-03-08T13:59:20","slug":"gp","status":"publish","type":"product","link":"https:\/\/www.bordogna.com\/de\/products\/gp\/","title":{"rendered":"GP"},"content":{"rendered":"","protected":false},"excerpt":{"rendered":"<p>Frei stehender Wertschutzschrank nach EN 1143-1 Grad I f\u00fcr vielf\u00e4ltigen Verwendungszweck. Ob Aktenlagerung, Schl\u00fcssel- verwahrung oder Sicherung von Bargeldr.<\/p>\n","protected":false},"featured_media":2886,"comment_status":"open","ping_status":"closed","template":"","meta":{"_acf_changed":false,"inline_featured_image":false},"product_cat":[20,22,24,25,26,29],"product_tag":[],"class_list":{"0":"post-2288","1":"product","2":"type-product","3":"status-publish","4":"has-post-thumbnail","6":"product_cat-tresore-fuer-zu-hause","7":"product_cat-produkte-fuer-bueros-und-dokumentenaufbewahrung","8":"product_cat-tresore-fuer-bars-restaurants-und-geschaefte","9":"product_cat-tresore-fuer-tabak-und-wettbueros","10":"product_cat-tresore-fuer-juweliere","11":"product_cat-moebeleinsatztresor","12":"entry","14":"first","15":"instock","16":"shipping-taxable","17":"product-type-simple"},"acf":[],"yoast_head":"<!-- This site is optimized with the Yoast SEO plugin v22.6 - https:\/\/yoast.com\/wordpress\/plugins\/seo\/ -->\n<title>GP - bordogna de<\/title>\n<meta name=\"robots\" content=\"index, follow, max-snippet:-1, max-image-preview:large, max-video-preview:-1\" \/>\n<link rel=\"canonical\" href=\"https:\/\/www.bordogna.com\/de\/products\/gp\/\" \/>\n<meta property=\"og:locale\" content=\"de_DE\" \/>\n<meta property=\"og:type\" content=\"article\" \/>\n<meta property=\"og:title\" content=\"GP - bordogna de\" \/>\n<meta property=\"og:description\" content=\"Frei stehender Wertschutzschrank nach EN 1143-1 Grad I f\u00fcr vielf\u00e4ltigen Verwendungszweck. Ob Aktenlagerung, Schl\u00fcssel- verwahrung oder Sicherung von Bargeldr.\" \/>\n<meta property=\"og:url\" content=\"https:\/\/www.bordogna.com\/de\/products\/gp\/\" \/>\n<meta property=\"og:site_name\" content=\"bordogna de\" \/>\n<meta property=\"article:modified_time\" content=\"2024-03-08T13:59:20+00:00\" \/>\n<meta property=\"og:image\" content=\"https:\/\/www.bordogna.com\/de\/wp-content\/uploads\/sites\/5\/2022\/05\/GP-40-aperta-90-faldoni.jpg\" \/>\n\t<meta property=\"og:image:width\" content=\"2000\" \/>\n\t<meta property=\"og:image:height\" content=\"1953\" \/>\n\t<meta property=\"og:image:type\" content=\"image\/jpeg\" \/>\n<meta name=\"twitter:card\" content=\"summary_large_image\" \/>\n<script type=\"application\/ld+json\" class=\"yoast-schema-graph\">{\"@context\":\"https:\/\/schema.org\",\"@graph\":[{\"@type\":\"WebPage\",\"@id\":\"https:\/\/www.bordogna.com\/de\/products\/gp\/\",\"url\":\"https:\/\/www.bordogna.com\/de\/products\/gp\/\",\"name\":\"GP - bordogna de\",\"isPartOf\":{\"@id\":\"https:\/\/www.bordogna.com\/de\/#website\"},\"primaryImageOfPage\":{\"@id\":\"https:\/\/www.bordogna.com\/de\/products\/gp\/#primaryimage\"},\"image\":{\"@id\":\"https:\/\/www.bordogna.com\/de\/products\/gp\/#primaryimage\"},\"thumbnailUrl\":\"https:\/\/www.bordogna.com\/de\/wp-content\/uploads\/sites\/5\/2022\/05\/GP-40-aperta-90-faldoni.jpg\",\"datePublished\":\"2022-05-31T14:15:06+00:00\",\"dateModified\":\"2024-03-08T13:59:20+00:00\",\"breadcrumb\":{\"@id\":\"https:\/\/www.bordogna.com\/de\/products\/gp\/#breadcrumb\"},\"inLanguage\":\"de\",\"potentialAction\":[{\"@type\":\"ReadAction\",\"target\":[\"https:\/\/www.bordogna.com\/de\/products\/gp\/\"]}]},{\"@type\":\"ImageObject\",\"inLanguage\":\"de\",\"@id\":\"https:\/\/www.bordogna.com\/de\/products\/gp\/#primaryimage\",\"url\":\"https:\/\/www.bordogna.com\/de\/wp-content\/uploads\/sites\/5\/2022\/05\/GP-40-aperta-90-faldoni.jpg\",\"contentUrl\":\"https:\/\/www.bordogna.com\/de\/wp-content\/uploads\/sites\/5\/2022\/05\/GP-40-aperta-90-faldoni.jpg\",\"width\":2000,\"height\":1953},{\"@type\":\"BreadcrumbList\",\"@id\":\"https:\/\/www.bordogna.com\/de\/products\/gp\/#breadcrumb\",\"itemListElement\":[{\"@type\":\"ListItem\",\"position\":1,\"name\":\"Home\",\"item\":\"https:\/\/www.bordogna.com\/de\/\"},{\"@type\":\"ListItem\",\"position\":2,\"name\":\"Shop\",\"item\":\"https:\/\/www.bordogna.com\/de\/shop\/\"},{\"@type\":\"ListItem\",\"position\":3,\"name\":\"GP\"}]},{\"@type\":\"WebSite\",\"@id\":\"https:\/\/www.bordogna.com\/de\/#website\",\"url\":\"https:\/\/www.bordogna.com\/de\/\",\"name\":\"bordogna de\",\"description\":\"\",\"publisher\":{\"@id\":\"https:\/\/www.bordogna.com\/de\/#organization\"},\"potentialAction\":[{\"@type\":\"SearchAction\",\"target\":{\"@type\":\"EntryPoint\",\"urlTemplate\":\"https:\/\/www.bordogna.com\/de\/?s={search_term_string}\"},\"query-input\":\"required name=search_term_string\"}],\"inLanguage\":\"de\"},{\"@type\":\"Organization\",\"@id\":\"https:\/\/www.bordogna.com\/de\/#organization\",\"name\":\"bordogna de\",\"url\":\"https:\/\/www.bordogna.com\/de\/\",\"logo\":{\"@type\":\"ImageObject\",\"inLanguage\":\"de\",\"@id\":\"https:\/\/www.bordogna.com\/de\/#\/schema\/logo\/image\/\",\"url\":\"https:\/\/www.bordogna.com\/de\/wp-content\/uploads\/sites\/5\/2022\/01\/logo-it.png\",\"contentUrl\":\"https:\/\/www.bordogna.com\/de\/wp-content\/uploads\/sites\/5\/2022\/01\/logo-it.png\",\"width\":224,\"height\":106,\"caption\":\"bordogna de\"},\"image\":{\"@id\":\"https:\/\/www.bordogna.com\/de\/#\/schema\/logo\/image\/\"}}]}<\/script>\n<!-- \/ Yoast SEO plugin. -->","yoast_head_json":{"title":"GP - bordogna de","robots":{"index":"index","follow":"follow","max-snippet":"max-snippet:-1","max-image-preview":"max-image-preview:large","max-video-preview":"max-video-preview:-1"},"canonical":"https:\/\/www.bordogna.com\/de\/products\/gp\/","og_locale":"de_DE","og_type":"article","og_title":"GP - bordogna de","og_description":"Frei stehender Wertschutzschrank nach EN 1143-1 Grad I f\u00fcr vielf\u00e4ltigen Verwendungszweck. Ob Aktenlagerung, Schl\u00fcssel- verwahrung oder Sicherung von Bargeldr.","og_url":"https:\/\/www.bordogna.com\/de\/products\/gp\/","og_site_name":"bordogna de","article_modified_time":"2024-03-08T13:59:20+00:00","og_image":[{"width":2000,"height":1953,"url":"https:\/\/www.bordogna.com\/de\/wp-content\/uploads\/sites\/5\/2022\/05\/GP-40-aperta-90-faldoni.jpg","type":"image\/jpeg"}],"twitter_card":"summary_large_image","schema":{"@context":"https:\/\/schema.org","@graph":[{"@type":"WebPage","@id":"https:\/\/www.bordogna.com\/de\/products\/gp\/","url":"https:\/\/www.bordogna.com\/de\/products\/gp\/","name":"GP - bordogna de","isPartOf":{"@id":"https:\/\/www.bordogna.com\/de\/#website"},"primaryImageOfPage":{"@id":"https:\/\/www.bordogna.com\/de\/products\/gp\/#primaryimage"},"image":{"@id":"https:\/\/www.bordogna.com\/de\/products\/gp\/#primaryimage"},"thumbnailUrl":"https:\/\/www.bordogna.com\/de\/wp-content\/uploads\/sites\/5\/2022\/05\/GP-40-aperta-90-faldoni.jpg","datePublished":"2022-05-31T14:15:06+00:00","dateModified":"2024-03-08T13:59:20+00:00","breadcrumb":{"@id":"https:\/\/www.bordogna.com\/de\/products\/gp\/#breadcrumb"},"inLanguage":"de","potentialAction":[{"@type":"ReadAction","target":["https:\/\/www.bordogna.com\/de\/products\/gp\/"]}]},{"@type":"ImageObject","inLanguage":"de","@id":"https:\/\/www.bordogna.com\/de\/products\/gp\/#primaryimage","url":"https:\/\/www.bordogna.com\/de\/wp-content\/uploads\/sites\/5\/2022\/05\/GP-40-aperta-90-faldoni.jpg","contentUrl":"https:\/\/www.bordogna.com\/de\/wp-content\/uploads\/sites\/5\/2022\/05\/GP-40-aperta-90-faldoni.jpg","width":2000,"height":1953},{"@type":"BreadcrumbList","@id":"https:\/\/www.bordogna.com\/de\/products\/gp\/#breadcrumb","itemListElement":[{"@type":"ListItem","position":1,"name":"Home","item":"https:\/\/www.bordogna.com\/de\/"},{"@type":"ListItem","position":2,"name":"Shop","item":"https:\/\/www.bordogna.com\/de\/shop\/"},{"@type":"ListItem","position":3,"name":"GP"}]},{"@type":"WebSite","@id":"https:\/\/www.bordogna.com\/de\/#website","url":"https:\/\/www.bordogna.com\/de\/","name":"bordogna de","description":"","publisher":{"@id":"https:\/\/www.bordogna.com\/de\/#organization"},"potentialAction":[{"@type":"SearchAction","target":{"@type":"EntryPoint","urlTemplate":"https:\/\/www.bordogna.com\/de\/?s={search_term_string}"},"query-input":"required name=search_term_string"}],"inLanguage":"de"},{"@type":"Organization","@id":"https:\/\/www.bordogna.com\/de\/#organization","name":"bordogna de","url":"https:\/\/www.bordogna.com\/de\/","logo":{"@type":"ImageObject","inLanguage":"de","@id":"https:\/\/www.bordogna.com\/de\/#\/schema\/logo\/image\/","url":"https:\/\/www.bordogna.com\/de\/wp-content\/uploads\/sites\/5\/2022\/01\/logo-it.png","contentUrl":"https:\/\/www.bordogna.com\/de\/wp-content\/uploads\/sites\/5\/2022\/01\/logo-it.png","width":224,"height":106,"caption":"bordogna de"},"image":{"@id":"https:\/\/www.bordogna.com\/de\/#\/schema\/logo\/image\/"}}]}},"_links":{"self":[{"href":"https:\/\/www.bordogna.com\/de\/wp-json\/wp\/v2\/product\/2288","targetHints":{"allow":["GET"]}}],"collection":[{"href":"https:\/\/www.bordogna.com\/de\/wp-json\/wp\/v2\/product"}],"about":[{"href":"https:\/\/www.bordogna.com\/de\/wp-json\/wp\/v2\/types\/product"}],"replies":[{"embeddable":true,"href":"https:\/\/www.bordogna.com\/de\/wp-json\/wp\/v2\/comments?post=2288"}],"wp:featuredmedia":[{"embeddable":true,"href":"https:\/\/www.bordogna.com\/de\/wp-json\/wp\/v2\/media\/2886"}],"wp:attachment":[{"href":"https:\/\/www.bordogna.com\/de\/wp-json\/wp\/v2\/media?parent=2288"}],"wp:term":[{"taxonomy":"product_cat","embeddable":true,"href":"https:\/\/www.bordogna.com\/de\/wp-json\/wp\/v2\/product_cat?post=2288"},{"taxonomy":"product_tag","embeddable":true,"href":"https:\/\/www.bordogna.com\/de\/wp-json\/wp\/v2\/product_tag?post=2288"}],"curies":[{"name":"wp","href":"https:\/\/api.w.org\/{rel}","templated":true}]}}