{"id":2254,"date":"2022-05-31T14:58:33","date_gmt":"2022-05-31T12:58:33","guid":{"rendered":"https:\/\/www.bordogna.com\/de\/?post_type=product&#038;p=2254"},"modified":"2024-03-08T15:01:33","modified_gmt":"2024-03-08T14:01:33","slug":"ardea-ares-fer","status":"publish","type":"product","link":"https:\/\/www.bordogna.com\/de\/products\/ardea-ares-fer\/","title":{"rendered":"ARDEA &#8211; ARES FER"},"content":{"rendered":"","protected":false},"excerpt":{"rendered":"<p>Empfehlenswert ist die Variante mit Schlitze insbesondere dort, wo gr\u00f6\u00dfere Bargeldbest\u00e4nde oder andere Wertsachen aufbewahrt werden sollen, wie z.B. in kleinen und mittleren Betrieben. Damit ist nur ein kleiner Bestand der Diebstahlgefahr ausgesetzt.<\/p>\n","protected":false},"featured_media":2009,"comment_status":"open","ping_status":"closed","template":"","meta":{"_acf_changed":false,"inline_featured_image":false},"product_cat":[24,25,27,40],"product_tag":[],"class_list":{"0":"post-2254","1":"product","2":"type-product","3":"status-publish","4":"has-post-thumbnail","6":"product_cat-tresore-fuer-bars-restaurants-und-geschaefte","7":"product_cat-tresore-fuer-tabak-und-wettbueros","8":"product_cat-tresore-fuer-apotheken","9":"product_cat-geld-einzahlen-und-ueberweisen","10":"entry","12":"first","13":"instock","14":"shipping-taxable","15":"product-type-simple"},"acf":[],"yoast_head":"<!-- This site is optimized with the Yoast SEO plugin v22.6 - https:\/\/yoast.com\/wordpress\/plugins\/seo\/ -->\n<title>ARDEA - ARES FER - bordogna de<\/title>\n<meta name=\"robots\" content=\"index, follow, max-snippet:-1, max-image-preview:large, max-video-preview:-1\" \/>\n<link rel=\"canonical\" href=\"https:\/\/www.bordogna.com\/de\/products\/ardea-ares-fer\/\" \/>\n<meta property=\"og:locale\" content=\"de_DE\" \/>\n<meta property=\"og:type\" content=\"article\" \/>\n<meta property=\"og:title\" content=\"ARDEA - ARES FER - bordogna de\" \/>\n<meta property=\"og:description\" content=\"Empfehlenswert ist die Variante mit Schlitze insbesondere dort, wo gr\u00f6\u00dfere Bargeldbest\u00e4nde oder andere Wertsachen aufbewahrt werden sollen, wie z.B. in kleinen und mittleren Betrieben. Damit ist nur ein kleiner Bestand der Diebstahlgefahr ausgesetzt.\" \/>\n<meta property=\"og:url\" content=\"https:\/\/www.bordogna.com\/de\/products\/ardea-ares-fer\/\" \/>\n<meta property=\"og:site_name\" content=\"bordogna de\" \/>\n<meta property=\"article:modified_time\" content=\"2024-03-08T14:01:33+00:00\" \/>\n<meta property=\"og:image\" content=\"https:\/\/www.bordogna.com\/de\/wp-content\/uploads\/sites\/5\/2022\/05\/Ardea-790-E-FER.jpg\" \/>\n\t<meta property=\"og:image:width\" content=\"1549\" \/>\n\t<meta property=\"og:image:height\" content=\"1825\" \/>\n\t<meta property=\"og:image:type\" content=\"image\/jpeg\" \/>\n<meta name=\"twitter:card\" content=\"summary_large_image\" \/>\n<script type=\"application\/ld+json\" class=\"yoast-schema-graph\">{\"@context\":\"https:\/\/schema.org\",\"@graph\":[{\"@type\":\"WebPage\",\"@id\":\"https:\/\/www.bordogna.com\/de\/products\/ardea-ares-fer\/\",\"url\":\"https:\/\/www.bordogna.com\/de\/products\/ardea-ares-fer\/\",\"name\":\"ARDEA - ARES FER - bordogna de\",\"isPartOf\":{\"@id\":\"https:\/\/www.bordogna.com\/de\/#website\"},\"primaryImageOfPage\":{\"@id\":\"https:\/\/www.bordogna.com\/de\/products\/ardea-ares-fer\/#primaryimage\"},\"image\":{\"@id\":\"https:\/\/www.bordogna.com\/de\/products\/ardea-ares-fer\/#primaryimage\"},\"thumbnailUrl\":\"https:\/\/www.bordogna.com\/de\/wp-content\/uploads\/sites\/5\/2022\/05\/Ardea-790-E-FER.jpg\",\"datePublished\":\"2022-05-31T12:58:33+00:00\",\"dateModified\":\"2024-03-08T14:01:33+00:00\",\"breadcrumb\":{\"@id\":\"https:\/\/www.bordogna.com\/de\/products\/ardea-ares-fer\/#breadcrumb\"},\"inLanguage\":\"de\",\"potentialAction\":[{\"@type\":\"ReadAction\",\"target\":[\"https:\/\/www.bordogna.com\/de\/products\/ardea-ares-fer\/\"]}]},{\"@type\":\"ImageObject\",\"inLanguage\":\"de\",\"@id\":\"https:\/\/www.bordogna.com\/de\/products\/ardea-ares-fer\/#primaryimage\",\"url\":\"https:\/\/www.bordogna.com\/de\/wp-content\/uploads\/sites\/5\/2022\/05\/Ardea-790-E-FER.jpg\",\"contentUrl\":\"https:\/\/www.bordogna.com\/de\/wp-content\/uploads\/sites\/5\/2022\/05\/Ardea-790-E-FER.jpg\",\"width\":1549,\"height\":1825},{\"@type\":\"BreadcrumbList\",\"@id\":\"https:\/\/www.bordogna.com\/de\/products\/ardea-ares-fer\/#breadcrumb\",\"itemListElement\":[{\"@type\":\"ListItem\",\"position\":1,\"name\":\"Home\",\"item\":\"https:\/\/www.bordogna.com\/de\/\"},{\"@type\":\"ListItem\",\"position\":2,\"name\":\"Shop\",\"item\":\"https:\/\/www.bordogna.com\/de\/shop\/\"},{\"@type\":\"ListItem\",\"position\":3,\"name\":\"ARDEA &#8211; ARES FER\"}]},{\"@type\":\"WebSite\",\"@id\":\"https:\/\/www.bordogna.com\/de\/#website\",\"url\":\"https:\/\/www.bordogna.com\/de\/\",\"name\":\"bordogna de\",\"description\":\"\",\"publisher\":{\"@id\":\"https:\/\/www.bordogna.com\/de\/#organization\"},\"potentialAction\":[{\"@type\":\"SearchAction\",\"target\":{\"@type\":\"EntryPoint\",\"urlTemplate\":\"https:\/\/www.bordogna.com\/de\/?s={search_term_string}\"},\"query-input\":\"required name=search_term_string\"}],\"inLanguage\":\"de\"},{\"@type\":\"Organization\",\"@id\":\"https:\/\/www.bordogna.com\/de\/#organization\",\"name\":\"bordogna de\",\"url\":\"https:\/\/www.bordogna.com\/de\/\",\"logo\":{\"@type\":\"ImageObject\",\"inLanguage\":\"de\",\"@id\":\"https:\/\/www.bordogna.com\/de\/#\/schema\/logo\/image\/\",\"url\":\"https:\/\/www.bordogna.com\/de\/wp-content\/uploads\/sites\/5\/2022\/01\/logo-it.png\",\"contentUrl\":\"https:\/\/www.bordogna.com\/de\/wp-content\/uploads\/sites\/5\/2022\/01\/logo-it.png\",\"width\":224,\"height\":106,\"caption\":\"bordogna de\"},\"image\":{\"@id\":\"https:\/\/www.bordogna.com\/de\/#\/schema\/logo\/image\/\"}}]}<\/script>\n<!-- \/ Yoast SEO plugin. -->","yoast_head_json":{"title":"ARDEA - ARES FER - bordogna de","robots":{"index":"index","follow":"follow","max-snippet":"max-snippet:-1","max-image-preview":"max-image-preview:large","max-video-preview":"max-video-preview:-1"},"canonical":"https:\/\/www.bordogna.com\/de\/products\/ardea-ares-fer\/","og_locale":"de_DE","og_type":"article","og_title":"ARDEA - ARES FER - bordogna de","og_description":"Empfehlenswert ist die Variante mit Schlitze insbesondere dort, wo gr\u00f6\u00dfere Bargeldbest\u00e4nde oder andere Wertsachen aufbewahrt werden sollen, wie z.B. in kleinen und mittleren Betrieben. Damit ist nur ein kleiner Bestand der Diebstahlgefahr ausgesetzt.","og_url":"https:\/\/www.bordogna.com\/de\/products\/ardea-ares-fer\/","og_site_name":"bordogna de","article_modified_time":"2024-03-08T14:01:33+00:00","og_image":[{"width":1549,"height":1825,"url":"https:\/\/www.bordogna.com\/de\/wp-content\/uploads\/sites\/5\/2022\/05\/Ardea-790-E-FER.jpg","type":"image\/jpeg"}],"twitter_card":"summary_large_image","schema":{"@context":"https:\/\/schema.org","@graph":[{"@type":"WebPage","@id":"https:\/\/www.bordogna.com\/de\/products\/ardea-ares-fer\/","url":"https:\/\/www.bordogna.com\/de\/products\/ardea-ares-fer\/","name":"ARDEA - ARES FER - bordogna de","isPartOf":{"@id":"https:\/\/www.bordogna.com\/de\/#website"},"primaryImageOfPage":{"@id":"https:\/\/www.bordogna.com\/de\/products\/ardea-ares-fer\/#primaryimage"},"image":{"@id":"https:\/\/www.bordogna.com\/de\/products\/ardea-ares-fer\/#primaryimage"},"thumbnailUrl":"https:\/\/www.bordogna.com\/de\/wp-content\/uploads\/sites\/5\/2022\/05\/Ardea-790-E-FER.jpg","datePublished":"2022-05-31T12:58:33+00:00","dateModified":"2024-03-08T14:01:33+00:00","breadcrumb":{"@id":"https:\/\/www.bordogna.com\/de\/products\/ardea-ares-fer\/#breadcrumb"},"inLanguage":"de","potentialAction":[{"@type":"ReadAction","target":["https:\/\/www.bordogna.com\/de\/products\/ardea-ares-fer\/"]}]},{"@type":"ImageObject","inLanguage":"de","@id":"https:\/\/www.bordogna.com\/de\/products\/ardea-ares-fer\/#primaryimage","url":"https:\/\/www.bordogna.com\/de\/wp-content\/uploads\/sites\/5\/2022\/05\/Ardea-790-E-FER.jpg","contentUrl":"https:\/\/www.bordogna.com\/de\/wp-content\/uploads\/sites\/5\/2022\/05\/Ardea-790-E-FER.jpg","width":1549,"height":1825},{"@type":"BreadcrumbList","@id":"https:\/\/www.bordogna.com\/de\/products\/ardea-ares-fer\/#breadcrumb","itemListElement":[{"@type":"ListItem","position":1,"name":"Home","item":"https:\/\/www.bordogna.com\/de\/"},{"@type":"ListItem","position":2,"name":"Shop","item":"https:\/\/www.bordogna.com\/de\/shop\/"},{"@type":"ListItem","position":3,"name":"ARDEA &#8211; ARES FER"}]},{"@type":"WebSite","@id":"https:\/\/www.bordogna.com\/de\/#website","url":"https:\/\/www.bordogna.com\/de\/","name":"bordogna de","description":"","publisher":{"@id":"https:\/\/www.bordogna.com\/de\/#organization"},"potentialAction":[{"@type":"SearchAction","target":{"@type":"EntryPoint","urlTemplate":"https:\/\/www.bordogna.com\/de\/?s={search_term_string}"},"query-input":"required name=search_term_string"}],"inLanguage":"de"},{"@type":"Organization","@id":"https:\/\/www.bordogna.com\/de\/#organization","name":"bordogna de","url":"https:\/\/www.bordogna.com\/de\/","logo":{"@type":"ImageObject","inLanguage":"de","@id":"https:\/\/www.bordogna.com\/de\/#\/schema\/logo\/image\/","url":"https:\/\/www.bordogna.com\/de\/wp-content\/uploads\/sites\/5\/2022\/01\/logo-it.png","contentUrl":"https:\/\/www.bordogna.com\/de\/wp-content\/uploads\/sites\/5\/2022\/01\/logo-it.png","width":224,"height":106,"caption":"bordogna de"},"image":{"@id":"https:\/\/www.bordogna.com\/de\/#\/schema\/logo\/image\/"}}]}},"_links":{"self":[{"href":"https:\/\/www.bordogna.com\/de\/wp-json\/wp\/v2\/product\/2254","targetHints":{"allow":["GET"]}}],"collection":[{"href":"https:\/\/www.bordogna.com\/de\/wp-json\/wp\/v2\/product"}],"about":[{"href":"https:\/\/www.bordogna.com\/de\/wp-json\/wp\/v2\/types\/product"}],"replies":[{"embeddable":true,"href":"https:\/\/www.bordogna.com\/de\/wp-json\/wp\/v2\/comments?post=2254"}],"wp:featuredmedia":[{"embeddable":true,"href":"https:\/\/www.bordogna.com\/de\/wp-json\/wp\/v2\/media\/2009"}],"wp:attachment":[{"href":"https:\/\/www.bordogna.com\/de\/wp-json\/wp\/v2\/media?parent=2254"}],"wp:term":[{"taxonomy":"product_cat","embeddable":true,"href":"https:\/\/www.bordogna.com\/de\/wp-json\/wp\/v2\/product_cat?post=2254"},{"taxonomy":"product_tag","embeddable":true,"href":"https:\/\/www.bordogna.com\/de\/wp-json\/wp\/v2\/product_tag?post=2254"}],"curies":[{"name":"wp","href":"https:\/\/api.w.org\/{rel}","templated":true}]}}