{"id":4699,"date":"2024-03-21T10:24:24","date_gmt":"2024-03-21T09:24:24","guid":{"rendered":"https:\/\/www.bordogna.com\/de\/?page_id=4699"},"modified":"2024-03-22T10:42:09","modified_gmt":"2024-03-22T09:42:09","slug":"haendler","status":"publish","type":"page","link":"https:\/\/www.bordogna.com\/de\/haendler\/","title":{"rendered":"H\u00e4ndler"},"content":{"rendered":"\t\t<div data-elementor-type=\"wp-page\" data-elementor-id=\"4699\" class=\"elementor elementor-4699\" data-elementor-post-type=\"page\">\n\t\t\t\t\t\t<section class=\"elementor-section elementor-top-section elementor-element elementor-element-9f63440 elementor-section-boxed elementor-section-height-default elementor-section-height-default\" data-id=\"9f63440\" data-element_type=\"section\">\n\t\t\t\t\t\t<div class=\"elementor-container elementor-column-gap-no\">\n\t\t\t\t\t<div class=\"elementor-column elementor-col-100 elementor-top-column elementor-element elementor-element-765b953\" data-id=\"765b953\" data-element_type=\"column\">\n\t\t\t<div class=\"elementor-widget-wrap elementor-element-populated\">\n\t\t\t\t\t\t<div class=\"elementor-element elementor-element-4ca1074 elementor-widget elementor-widget-shortcode\" data-id=\"4ca1074\" data-element_type=\"widget\" data-widget_type=\"shortcode.default\">\n\t\t\t\t<div class=\"elementor-widget-container\">\n\t\t\t\t\t<div class=\"elementor-shortcode\">\n\t<div class=\"breadcrumbs\">\n\t\t\t\t\t\t\t\t\t\t<a href=\"https:\/\/www.bordogna.com\/de\">\n\t\t\t\tHome\t\t\t\t\t\t\t\t<\/a>\n\t\t\t\t\t\t\t\t\t\t\t\t\t\t\t<\/a>\n\t\t\t\t\t\t\t\t| <b>\n\t\t\t\tH\u00e4ndler\t\t\t\t\t\t\t\t<\/b>\n\t\t\t<\/div>\n\t<\/div>\n\t\t\t\t<\/div>\n\t\t\t\t<\/div>\n\t\t\t\t\t<\/div>\n\t\t<\/div>\n\t\t\t\t\t<\/div>\n\t\t<\/section>\n\t\t\t\t<section class=\"elementor-section elementor-top-section elementor-element elementor-element-92549ea elementor-section-boxed elementor-section-height-default elementor-section-height-default\" data-id=\"92549ea\" data-element_type=\"section\">\n\t\t\t\t\t\t<div class=\"elementor-container elementor-column-gap-default\">\n\t\t\t\t\t<div class=\"elementor-column elementor-col-50 elementor-top-column elementor-element elementor-element-a3c54ca\" data-id=\"a3c54ca\" data-element_type=\"column\">\n\t\t\t<div class=\"elementor-widget-wrap elementor-element-populated\">\n\t\t\t\t\t\t<div class=\"elementor-element elementor-element-7bc41a9 elementor-widget elementor-widget-image\" data-id=\"7bc41a9\" data-element_type=\"widget\" data-widget_type=\"image.default\">\n\t\t\t\t<div class=\"elementor-widget-container\">\n\t\t\t<style>\/*! elementor - v3.20.0 - 20-03-2024 *\/\n.elementor-widget-image{text-align:center}.elementor-widget-image a{display:inline-block}.elementor-widget-image a img[src$=\".svg\"]{width:48px}.elementor-widget-image img{vertical-align:middle;display:inline-block}<\/style>\t\t\t\t\t\t\t\t\t\t<img decoding=\"async\" width=\"200\" height=\"200\" src=\"https:\/\/www.bordogna.com\/de\/wp-content\/uploads\/sites\/5\/2024\/03\/Rivenditore-Ufficiale-EN-1.jpg\" class=\"attachment-large size-large wp-image-4726\" alt=\"\" srcset=\"https:\/\/www.bordogna.com\/de\/wp-content\/uploads\/sites\/5\/2024\/03\/Rivenditore-Ufficiale-EN-1.jpg 200w, https:\/\/www.bordogna.com\/de\/wp-content\/uploads\/sites\/5\/2024\/03\/Rivenditore-Ufficiale-EN-1-150x150.jpg 150w, https:\/\/www.bordogna.com\/de\/wp-content\/uploads\/sites\/5\/2024\/03\/Rivenditore-Ufficiale-EN-1-100x100.jpg 100w\" sizes=\"(max-width: 200px) 100vw, 200px\" style=\"width:100%;height:100%;max-width:200px\" \/>\t\t\t\t\t\t\t\t\t\t\t\t\t<\/div>\n\t\t\t\t<\/div>\n\t\t\t\t\t<\/div>\n\t\t<\/div>\n\t\t\t\t<div class=\"elementor-column elementor-col-50 elementor-top-column elementor-element elementor-element-076007b\" data-id=\"076007b\" data-element_type=\"column\">\n\t\t\t<div class=\"elementor-widget-wrap elementor-element-populated\">\n\t\t\t\t\t\t<div class=\"elementor-element elementor-element-79bad00 custom-title-35 custTxtLftAlgn elementor-widget elementor-widget-heading\" data-id=\"79bad00\" data-element_type=\"widget\" data-widget_type=\"heading.default\">\n\t\t\t\t<div class=\"elementor-widget-container\">\n\t\t\t<style>\/*! elementor - v3.20.0 - 20-03-2024 *\/\n.elementor-heading-title{padding:0;margin:0;line-height:1}.elementor-widget-heading .elementor-heading-title[class*=elementor-size-]>a{color:inherit;font-size:inherit;line-height:inherit}.elementor-widget-heading .elementor-heading-title.elementor-size-small{font-size:15px}.elementor-widget-heading .elementor-heading-title.elementor-size-medium{font-size:19px}.elementor-widget-heading .elementor-heading-title.elementor-size-large{font-size:29px}.elementor-widget-heading .elementor-heading-title.elementor-size-xl{font-size:39px}.elementor-widget-heading .elementor-heading-title.elementor-size-xxl{font-size:59px}<\/style><h1 class=\"elementor-heading-title elementor-size-default\">Greifen Sie die Qualit\u00e4t von BORDOGNA mit Ihren H\u00e4nden.<\/h1>\t\t<\/div>\n\t\t\t\t<\/div>\n\t\t\t\t<div class=\"elementor-element elementor-element-908a8dd elementor-widget elementor-widget-text-editor\" data-id=\"908a8dd\" data-element_type=\"widget\" data-widget_type=\"text-editor.default\">\n\t\t\t\t<div class=\"elementor-widget-container\">\n\t\t\t<style>\/*! elementor - v3.20.0 - 20-03-2024 *\/\n.elementor-widget-text-editor.elementor-drop-cap-view-stacked .elementor-drop-cap{background-color:#69727d;color:#fff}.elementor-widget-text-editor.elementor-drop-cap-view-framed .elementor-drop-cap{color:#69727d;border:3px solid;background-color:transparent}.elementor-widget-text-editor:not(.elementor-drop-cap-view-default) .elementor-drop-cap{margin-top:8px}.elementor-widget-text-editor:not(.elementor-drop-cap-view-default) .elementor-drop-cap-letter{width:1em;height:1em}.elementor-widget-text-editor .elementor-drop-cap{float:left;text-align:center;line-height:1;font-size:50px}.elementor-widget-text-editor .elementor-drop-cap-letter{display:inline-block}<\/style>\t\t\t\t<p><span style=\"font-weight: 400;\">Tresore Bordogna kann bei unseren offiziellen H\u00e4ndlern gekauft werden, Gesch\u00e4ften in der ganzen Welt, wo die Palette Bordogna ausgestellt ist und seine Qualit\u00e4t und seinen unverkennbaren Stil entdeckt werden kann.<\/span><\/p>\t\t\t\t\t\t<\/div>\n\t\t\t\t<\/div>\n\t\t\t\t<div class=\"elementor-element elementor-element-e0a4f41 custAnkrClr elementor-widget elementor-widget-text-editor\" data-id=\"e0a4f41\" data-element_type=\"widget\" data-widget_type=\"text-editor.default\">\n\t\t\t\t<div class=\"elementor-widget-container\">\n\t\t\t\t\t\t\t<p><span style=\"font-weight: 400;\">Um das n\u00e4chste Gesch\u00e4ft mit Tresore Bordogna zu finden, steht unser Team an der folgenden Adresse zur Verf\u00fcgung:<\/span><\/p><h2 style=\"margin-bottom: 10px;\"><strong>EXPORTABTEILUNG<\/strong><\/h2><p><strong>Telefon<\/strong>: +39 030 7406038<br \/><strong>Mobiltelefon<\/strong>: + 39 335 6705504<br \/><strong>Email<\/strong>:\u00a0<a href=\"mailto:fabio.mondini@bordogna.com\">fabio.mondini@bordogna.com<\/a>\u00a0<\/p>\t\t\t\t\t\t<\/div>\n\t\t\t\t<\/div>\n\t\t\t\t\t<\/div>\n\t\t<\/div>\n\t\t\t\t\t<\/div>\n\t\t<\/section>\n\t\t\t\t<\/div>\n\t\t","protected":false},"excerpt":{"rendered":"<p>Greifen Sie die Qualit\u00e4t von BORDOGNA mit Ihren H\u00e4nden. Tresore Bordogna kann bei unseren offiziellen H\u00e4ndlern gekauft werden, Gesch\u00e4ften in der ganzen Welt, wo die Palette Bordogna ausgestellt ist und seine Qualit\u00e4t und seinen unverkennbaren Stil entdeckt werden kann. Um das n\u00e4chste Gesch\u00e4ft mit Tresore Bordogna zu finden, steht unser Team an der folgenden Adresse&hellip; <a class=\"more-link\" href=\"https:\/\/www.bordogna.com\/de\/haendler\/\"><span class=\"screen-reader-text\">H\u00e4ndler<\/span> weiterlesen<\/a><\/p>\n","protected":false},"author":1,"featured_media":0,"parent":0,"menu_order":0,"comment_status":"closed","ping_status":"closed","template":"","meta":{"_acf_changed":false,"inline_featured_image":false,"footnotes":""},"class_list":["post-4699","page","type-page","status-publish","hentry","entry"],"acf":[],"yoast_head":"<!-- This site is optimized with the Yoast SEO plugin v22.6 - https:\/\/yoast.com\/wordpress\/plugins\/seo\/ -->\n<title>H\u00e4ndler - bordogna de<\/title>\n<meta name=\"robots\" content=\"index, follow, max-snippet:-1, max-image-preview:large, max-video-preview:-1\" \/>\n<link rel=\"canonical\" href=\"https:\/\/www.bordogna.com\/de\/haendler\/\" \/>\n<meta property=\"og:locale\" content=\"de_DE\" \/>\n<meta property=\"og:type\" content=\"article\" \/>\n<meta property=\"og:title\" content=\"H\u00e4ndler - bordogna de\" \/>\n<meta property=\"og:description\" content=\"Greifen Sie die Qualit\u00e4t von BORDOGNA mit Ihren H\u00e4nden. Tresore Bordogna kann bei unseren offiziellen H\u00e4ndlern gekauft werden, Gesch\u00e4ften in der ganzen Welt, wo die Palette Bordogna ausgestellt ist und seine Qualit\u00e4t und seinen unverkennbaren Stil entdeckt werden kann. Um das n\u00e4chste Gesch\u00e4ft mit Tresore Bordogna zu finden, steht unser Team an der folgenden Adresse&hellip; H\u00e4ndler weiterlesen\" \/>\n<meta property=\"og:url\" content=\"https:\/\/www.bordogna.com\/de\/haendler\/\" \/>\n<meta property=\"og:site_name\" content=\"bordogna de\" \/>\n<meta property=\"article:modified_time\" content=\"2024-03-22T09:42:09+00:00\" \/>\n<meta property=\"og:image\" content=\"https:\/\/www.bordogna.com\/de\/wp-content\/uploads\/sites\/5\/2024\/03\/Rivenditore-Ufficiale-EN-1.jpg\" \/>\n<meta name=\"twitter:card\" content=\"summary_large_image\" \/>\n<script type=\"application\/ld+json\" class=\"yoast-schema-graph\">{\"@context\":\"https:\/\/schema.org\",\"@graph\":[{\"@type\":\"WebPage\",\"@id\":\"https:\/\/www.bordogna.com\/de\/haendler\/\",\"url\":\"https:\/\/www.bordogna.com\/de\/haendler\/\",\"name\":\"H\u00e4ndler - bordogna de\",\"isPartOf\":{\"@id\":\"https:\/\/www.bordogna.com\/de\/#website\"},\"primaryImageOfPage\":{\"@id\":\"https:\/\/www.bordogna.com\/de\/haendler\/#primaryimage\"},\"image\":{\"@id\":\"https:\/\/www.bordogna.com\/de\/haendler\/#primaryimage\"},\"thumbnailUrl\":\"https:\/\/www.bordogna.com\/de\/wp-content\/uploads\/sites\/5\/2024\/03\/Rivenditore-Ufficiale-EN-1.jpg\",\"datePublished\":\"2024-03-21T09:24:24+00:00\",\"dateModified\":\"2024-03-22T09:42:09+00:00\",\"breadcrumb\":{\"@id\":\"https:\/\/www.bordogna.com\/de\/haendler\/#breadcrumb\"},\"inLanguage\":\"de\",\"potentialAction\":[{\"@type\":\"ReadAction\",\"target\":[\"https:\/\/www.bordogna.com\/de\/haendler\/\"]}]},{\"@type\":\"ImageObject\",\"inLanguage\":\"de\",\"@id\":\"https:\/\/www.bordogna.com\/de\/haendler\/#primaryimage\",\"url\":\"https:\/\/www.bordogna.com\/de\/wp-content\/uploads\/sites\/5\/2024\/03\/Rivenditore-Ufficiale-EN-1.jpg\",\"contentUrl\":\"https:\/\/www.bordogna.com\/de\/wp-content\/uploads\/sites\/5\/2024\/03\/Rivenditore-Ufficiale-EN-1.jpg\",\"width\":200,\"height\":200},{\"@type\":\"BreadcrumbList\",\"@id\":\"https:\/\/www.bordogna.com\/de\/haendler\/#breadcrumb\",\"itemListElement\":[{\"@type\":\"ListItem\",\"position\":1,\"name\":\"Home\",\"item\":\"https:\/\/www.bordogna.com\/de\/\"},{\"@type\":\"ListItem\",\"position\":2,\"name\":\"H\u00e4ndler\"}]},{\"@type\":\"WebSite\",\"@id\":\"https:\/\/www.bordogna.com\/de\/#website\",\"url\":\"https:\/\/www.bordogna.com\/de\/\",\"name\":\"bordogna de\",\"description\":\"\",\"publisher\":{\"@id\":\"https:\/\/www.bordogna.com\/de\/#organization\"},\"potentialAction\":[{\"@type\":\"SearchAction\",\"target\":{\"@type\":\"EntryPoint\",\"urlTemplate\":\"https:\/\/www.bordogna.com\/de\/?s={search_term_string}\"},\"query-input\":\"required name=search_term_string\"}],\"inLanguage\":\"de\"},{\"@type\":\"Organization\",\"@id\":\"https:\/\/www.bordogna.com\/de\/#organization\",\"name\":\"bordogna de\",\"url\":\"https:\/\/www.bordogna.com\/de\/\",\"logo\":{\"@type\":\"ImageObject\",\"inLanguage\":\"de\",\"@id\":\"https:\/\/www.bordogna.com\/de\/#\/schema\/logo\/image\/\",\"url\":\"https:\/\/www.bordogna.com\/de\/wp-content\/uploads\/sites\/5\/2022\/01\/logo-it.png\",\"contentUrl\":\"https:\/\/www.bordogna.com\/de\/wp-content\/uploads\/sites\/5\/2022\/01\/logo-it.png\",\"width\":224,\"height\":106,\"caption\":\"bordogna de\"},\"image\":{\"@id\":\"https:\/\/www.bordogna.com\/de\/#\/schema\/logo\/image\/\"}}]}<\/script>\n<!-- \/ Yoast SEO plugin. -->","yoast_head_json":{"title":"H\u00e4ndler - bordogna de","robots":{"index":"index","follow":"follow","max-snippet":"max-snippet:-1","max-image-preview":"max-image-preview:large","max-video-preview":"max-video-preview:-1"},"canonical":"https:\/\/www.bordogna.com\/de\/haendler\/","og_locale":"de_DE","og_type":"article","og_title":"H\u00e4ndler - bordogna de","og_description":"Greifen Sie die Qualit\u00e4t von BORDOGNA mit Ihren H\u00e4nden. Tresore Bordogna kann bei unseren offiziellen H\u00e4ndlern gekauft werden, Gesch\u00e4ften in der ganzen Welt, wo die Palette Bordogna ausgestellt ist und seine Qualit\u00e4t und seinen unverkennbaren Stil entdeckt werden kann. Um das n\u00e4chste Gesch\u00e4ft mit Tresore Bordogna zu finden, steht unser Team an der folgenden Adresse&hellip; H\u00e4ndler weiterlesen","og_url":"https:\/\/www.bordogna.com\/de\/haendler\/","og_site_name":"bordogna de","article_modified_time":"2024-03-22T09:42:09+00:00","og_image":[{"url":"https:\/\/www.bordogna.com\/de\/wp-content\/uploads\/sites\/5\/2024\/03\/Rivenditore-Ufficiale-EN-1.jpg"}],"twitter_card":"summary_large_image","schema":{"@context":"https:\/\/schema.org","@graph":[{"@type":"WebPage","@id":"https:\/\/www.bordogna.com\/de\/haendler\/","url":"https:\/\/www.bordogna.com\/de\/haendler\/","name":"H\u00e4ndler - bordogna de","isPartOf":{"@id":"https:\/\/www.bordogna.com\/de\/#website"},"primaryImageOfPage":{"@id":"https:\/\/www.bordogna.com\/de\/haendler\/#primaryimage"},"image":{"@id":"https:\/\/www.bordogna.com\/de\/haendler\/#primaryimage"},"thumbnailUrl":"https:\/\/www.bordogna.com\/de\/wp-content\/uploads\/sites\/5\/2024\/03\/Rivenditore-Ufficiale-EN-1.jpg","datePublished":"2024-03-21T09:24:24+00:00","dateModified":"2024-03-22T09:42:09+00:00","breadcrumb":{"@id":"https:\/\/www.bordogna.com\/de\/haendler\/#breadcrumb"},"inLanguage":"de","potentialAction":[{"@type":"ReadAction","target":["https:\/\/www.bordogna.com\/de\/haendler\/"]}]},{"@type":"ImageObject","inLanguage":"de","@id":"https:\/\/www.bordogna.com\/de\/haendler\/#primaryimage","url":"https:\/\/www.bordogna.com\/de\/wp-content\/uploads\/sites\/5\/2024\/03\/Rivenditore-Ufficiale-EN-1.jpg","contentUrl":"https:\/\/www.bordogna.com\/de\/wp-content\/uploads\/sites\/5\/2024\/03\/Rivenditore-Ufficiale-EN-1.jpg","width":200,"height":200},{"@type":"BreadcrumbList","@id":"https:\/\/www.bordogna.com\/de\/haendler\/#breadcrumb","itemListElement":[{"@type":"ListItem","position":1,"name":"Home","item":"https:\/\/www.bordogna.com\/de\/"},{"@type":"ListItem","position":2,"name":"H\u00e4ndler"}]},{"@type":"WebSite","@id":"https:\/\/www.bordogna.com\/de\/#website","url":"https:\/\/www.bordogna.com\/de\/","name":"bordogna de","description":"","publisher":{"@id":"https:\/\/www.bordogna.com\/de\/#organization"},"potentialAction":[{"@type":"SearchAction","target":{"@type":"EntryPoint","urlTemplate":"https:\/\/www.bordogna.com\/de\/?s={search_term_string}"},"query-input":"required name=search_term_string"}],"inLanguage":"de"},{"@type":"Organization","@id":"https:\/\/www.bordogna.com\/de\/#organization","name":"bordogna de","url":"https:\/\/www.bordogna.com\/de\/","logo":{"@type":"ImageObject","inLanguage":"de","@id":"https:\/\/www.bordogna.com\/de\/#\/schema\/logo\/image\/","url":"https:\/\/www.bordogna.com\/de\/wp-content\/uploads\/sites\/5\/2022\/01\/logo-it.png","contentUrl":"https:\/\/www.bordogna.com\/de\/wp-content\/uploads\/sites\/5\/2022\/01\/logo-it.png","width":224,"height":106,"caption":"bordogna de"},"image":{"@id":"https:\/\/www.bordogna.com\/de\/#\/schema\/logo\/image\/"}}]}},"_links":{"self":[{"href":"https:\/\/www.bordogna.com\/de\/wp-json\/wp\/v2\/pages\/4699","targetHints":{"allow":["GET"]}}],"collection":[{"href":"https:\/\/www.bordogna.com\/de\/wp-json\/wp\/v2\/pages"}],"about":[{"href":"https:\/\/www.bordogna.com\/de\/wp-json\/wp\/v2\/types\/page"}],"author":[{"embeddable":true,"href":"https:\/\/www.bordogna.com\/de\/wp-json\/wp\/v2\/users\/1"}],"replies":[{"embeddable":true,"href":"https:\/\/www.bordogna.com\/de\/wp-json\/wp\/v2\/comments?post=4699"}],"version-history":[{"count":13,"href":"https:\/\/www.bordogna.com\/de\/wp-json\/wp\/v2\/pages\/4699\/revisions"}],"predecessor-version":[{"id":4732,"href":"https:\/\/www.bordogna.com\/de\/wp-json\/wp\/v2\/pages\/4699\/revisions\/4732"}],"wp:attachment":[{"href":"https:\/\/www.bordogna.com\/de\/wp-json\/wp\/v2\/media?parent=4699"}],"curies":[{"name":"wp","href":"https:\/\/api.w.org\/{rel}","templated":true}]}}